{"id":146849,"date":"2019-05-06T18:02:04","date_gmt":"2025-03-10T10:00:28","guid":{"rendered":"https:\/\/kingarms.ee\/product\/uk-alumiiniumist-otsik\/"},"modified":"2025-03-10T13:00:28","modified_gmt":"2025-03-10T10:00:28","slug":"uk-alumiiniumist-otsik","status":"publish","type":"product","link":"https:\/\/kingarms.ee\/lv\/product\/uk-alumiiniumist-otsik\/","title":{"rendered":"UK alumiiniumist otsik<br><br>"},"content":{"rendered":"<p><a href=\"https:\/\/kingarms.ee\/wp-content\/uploads\/2019\/05\/Rocket-Airsoft-SHS-Aluminum-M4-Air-Seal-Nozzle-W-Oring_1600x-1-300x300.jpg\"><img loading=\"lazy\" decoding=\"async\" class=\"alignnone size-medium wp-image-14932\" src=\"https:\/\/kingarms.ee\/wp-content\/uploads\/2019\/05\/Rocket-Airsoft-SHS-Aluminum-M4-Air-Seal-Nozzle-W-Oring_1600x-1-300x300.jpg\" alt=\"\" width=\"300\" height=\"300\" srcset=\"https:\/\/kingarms.ee\/wp-content\/uploads\/2019\/05\/Rocket-Airsoft-SHS-Aluminum-M4-Air-Seal-Nozzle-W-Oring_1600x-1-300x300.jpg 300w, https:\/\/kingarms.ee\/wp-content\/uploads\/2019\/05\/Rocket-Airsoft-SHS-Aluminum-M4-Air-Seal-Nozzle-W-Oring_1600x-1-150x150.jpg 150w, https:\/\/kingarms.ee\/wp-content\/uploads\/2019\/05\/Rocket-Airsoft-SHS-Aluminum-M4-Air-Seal-Nozzle-W-Oring_1600x-1-500x500.jpg 500w, https:\/\/kingarms.ee\/wp-content\/uploads\/2019\/05\/Rocket-Airsoft-SHS-Aluminum-M4-Air-Seal-Nozzle-W-Oring_1600x-1-768x768.jpg 768w, https:\/\/kingarms.ee\/wp-content\/uploads\/2019\/05\/Rocket-Airsoft-SHS-Aluminum-M4-Air-Seal-Nozzle-W-Oring_1600x-1.jpg 1024w\" sizes=\"auto, (max-width: 300px) 100vw, 300px\" \/><\/a><\/p>\n","protected":false},"excerpt":{"rendered":"<p>UK alumiiniumist otsik<\/p>\n<p>Alum\u012bnija AK tipa Aegi (elektrisk\u0101 autom\u0101tisk\u0101 ma\u0161\u012bna) sprausla.<\/p>\n<p> Ra\u017eot\u0101jam ir punkts.<\/p>\n","protected":false},"featured_media":109764,"template":"","meta":{"_acf_changed":false},"product_brand":[],"product_cat":[1107,1129],"product_tag":[],"class_list":{"0":"post-146849","1":"product","2":"type-product","3":"status-publish","4":"has-post-thumbnail","6":"product_cat-noregulesana","7":"product_cat-rezerves-dalas","9":"first","10":"instock","11":"taxable","12":"shipping-taxable","13":"purchasable","14":"product-type-simple"},"acf":[],"_links":{"self":[{"href":"https:\/\/kingarms.ee\/lv\/wp-json\/wp\/v2\/product\/146849","targetHints":{"allow":["GET"]}}],"collection":[{"href":"https:\/\/kingarms.ee\/lv\/wp-json\/wp\/v2\/product"}],"about":[{"href":"https:\/\/kingarms.ee\/lv\/wp-json\/wp\/v2\/types\/product"}],"wp:featuredmedia":[{"embeddable":true,"href":"https:\/\/kingarms.ee\/lv\/wp-json\/wp\/v2\/media\/109764"}],"wp:attachment":[{"href":"https:\/\/kingarms.ee\/lv\/wp-json\/wp\/v2\/media?parent=146849"}],"wp:term":[{"taxonomy":"product_brand","embeddable":true,"href":"https:\/\/kingarms.ee\/lv\/wp-json\/wp\/v2\/product_brand?post=146849"},{"taxonomy":"product_cat","embeddable":true,"href":"https:\/\/kingarms.ee\/lv\/wp-json\/wp\/v2\/product_cat?post=146849"},{"taxonomy":"product_tag","embeddable":true,"href":"https:\/\/kingarms.ee\/lv\/wp-json\/wp\/v2\/product_tag?post=146849"}],"curies":[{"name":"wp","href":"https:\/\/api.w.org\/{rel}","templated":true}]}}