{"id":146854,"date":"2019-03-28T11:56:41","date_gmt":"2025-03-10T10:15:00","guid":{"rendered":"https:\/\/kingarms.ee\/product\/1x22x33-punane-roheline-tappissihtmark-js-taktikaline\/"},"modified":"2025-03-10T13:15:00","modified_gmt":"2025-03-10T10:15:00","slug":"1x22x33-punane-roheline-tappissihtmark-js-taktikaline","status":"publish","type":"product","link":"https:\/\/kingarms.ee\/lv\/product\/1x22x33-punane-roheline-tappissihtmark-js-taktikaline\/","title":{"rendered":"1x22x33 punane \/ roheline t\u00e4ppissihtm\u00e4rk (JS-taktikaline)<br><br>"},"content":{"rendered":"<p><a href=\"https:\/\/kingarms.ee\/wp-content\/uploads\/2019\/03\/1152205524_1-300x200.jpg\"><img loading=\"lazy\" decoding=\"async\" class=\"alignnone size-medium wp-image-15825\" src=\"https:\/\/kingarms.ee\/wp-content\/uploads\/2019\/03\/1152205524_1-300x200.jpg\" alt=\"\" width=\"300\" height=\"200\" srcset=\"https:\/\/kingarms.ee\/wp-content\/uploads\/2019\/03\/1152205524_1-300x200.jpg 300w, https:\/\/kingarms.ee\/wp-content\/uploads\/2019\/03\/1152205524_1-150x100.jpg 150w, https:\/\/kingarms.ee\/wp-content\/uploads\/2019\/03\/1152205524_1-500x333.jpg 500w, https:\/\/kingarms.ee\/wp-content\/uploads\/2019\/03\/1152205524_1-768x512.jpg 768w, https:\/\/kingarms.ee\/wp-content\/uploads\/2019\/03\/1152205524_1.jpg 800w\" sizes=\"auto, (max-width: 300px) 100vw, 300px\" \/><\/a><\/p>\n","protected":false},"excerpt":{"rendered":"<p>1x22x33 sarkans \/ za\u013c\u0161 precizit\u0101tes m\u0113r\u0137is (JS-Tactical)<\/p>\n<p>Klasisks 1x22x33 mm objekt\u012bva diametra precizit\u0101tes skats.<\/p>\n<p> J\u016bs varat izv\u0113l\u0113ties starp 7 da\u017e\u0101diem spilgtuma l\u012bme\u0146iem un main\u012bt 4 punktus.<\/p>\n<p> Priek\u0161\u0113jais objekt\u012bvs ir p\u0101rkl\u0101ts ar pretatstarojo\u0161u p\u0101rkl\u0101jumu.<\/p>\n<p> M\u0113r\u0137im ir stiprin\u0101jums 22 mm sliedei, t\u0101p\u0113c nav nepiecie\u0161ams ieg\u0101d\u0101ties papildu stiprin\u0101jumus.<\/p>\n<p>Svars 400 g<\/p>\n<p>Darbojas ar akumulatoru CR2032<\/p>\n","protected":false},"featured_media":110099,"template":"","meta":{"_acf_changed":false},"product_brand":[],"product_cat":[1067],"product_tag":[],"class_list":{"0":"post-146854","1":"product","2":"type-product","3":"status-publish","4":"has-post-thumbnail","6":"product_cat-skats","8":"first","9":"instock","10":"taxable","11":"shipping-taxable","12":"purchasable","13":"product-type-simple"},"acf":[],"_links":{"self":[{"href":"https:\/\/kingarms.ee\/lv\/wp-json\/wp\/v2\/product\/146854","targetHints":{"allow":["GET"]}}],"collection":[{"href":"https:\/\/kingarms.ee\/lv\/wp-json\/wp\/v2\/product"}],"about":[{"href":"https:\/\/kingarms.ee\/lv\/wp-json\/wp\/v2\/types\/product"}],"wp:featuredmedia":[{"embeddable":true,"href":"https:\/\/kingarms.ee\/lv\/wp-json\/wp\/v2\/media\/110099"}],"wp:attachment":[{"href":"https:\/\/kingarms.ee\/lv\/wp-json\/wp\/v2\/media?parent=146854"}],"wp:term":[{"taxonomy":"product_brand","embeddable":true,"href":"https:\/\/kingarms.ee\/lv\/wp-json\/wp\/v2\/product_brand?post=146854"},{"taxonomy":"product_cat","embeddable":true,"href":"https:\/\/kingarms.ee\/lv\/wp-json\/wp\/v2\/product_cat?post=146854"},{"taxonomy":"product_tag","embeddable":true,"href":"https:\/\/kingarms.ee\/lv\/wp-json\/wp\/v2\/product_tag?post=146854"}],"curies":[{"name":"wp","href":"https:\/\/api.w.org\/{rel}","templated":true}]}}