{"id":146856,"date":"2019-03-26T22:42:03","date_gmt":"2025-03-10T10:18:08","guid":{"rendered":"https:\/\/kingarms.ee\/product\/redzes-aizsardziba-acm-2\/"},"modified":"2025-03-10T13:18:08","modified_gmt":"2025-03-10T10:18:08","slug":"redzes-aizsardziba-acm-2","status":"publish","type":"product","link":"https:\/\/kingarms.ee\/lv\/product\/redzes-aizsardziba-acm-2\/","title":{"rendered":"Redzes aizsardz\u012bba (ACM)<br><br>"},"content":{"rendered":"<p><a href=\"https:\/\/kingarms.ee\/wp-content\/uploads\/2019\/03\/M51616251-TAN1-300x225.jpg\"><img loading=\"lazy\" decoding=\"async\" class=\"alignnone size-medium wp-image-13907\" src=\"https:\/\/kingarms.ee\/wp-content\/uploads\/2019\/03\/M51616251-TAN1-300x225.jpg\" alt=\"\" width=\"300\" height=\"225\" srcset=\"https:\/\/kingarms.ee\/wp-content\/uploads\/2019\/03\/M51616251-TAN1-300x225.jpg 300w, https:\/\/kingarms.ee\/wp-content\/uploads\/2019\/03\/M51616251-TAN1-150x113.jpg 150w, https:\/\/kingarms.ee\/wp-content\/uploads\/2019\/03\/M51616251-TAN1-500x375.jpg 500w, https:\/\/kingarms.ee\/wp-content\/uploads\/2019\/03\/M51616251-TAN1-600x450.jpg 600w, https:\/\/kingarms.ee\/wp-content\/uploads\/2019\/03\/M51616251-TAN1.jpg 640w\" sizes=\"auto, (max-width: 300px) 100vw, 300px\" \/><\/a><\/p>\n","protected":false},"excerpt":{"rendered":"<p>Redzes aizsardz\u012bba (ACM)<\/p>\n<p>Redzes aizsargs tiek novietots uz rokas redzes pirm\u0101 objekt\u012bva priek\u0161\u0101, lai nov\u0113rstu lodes triecienu objekt\u012bvam.<\/p>\n<p>Fiks\u0113\u0161anai nav nepiecie\u0161ami instrumenti.<\/p>\n<p> Ir iesp\u0113jams saloc\u012bt ieroci aizsardz\u012bb\u0101 transport\u0113\u0161anai.<\/p>\n<p>Funkcija:<\/p>\n<p>* Liels objekt\u012bva diametrs, kas piem\u0113rots daudz\u0101m optik\u0101m<\/p>\n<p>* Viegli uzst\u0101d\u012bt<\/p>\n<p>* Iek\u013cauts 1 Papildu objekt\u012bvs<\/p>\n<p>* Sobib 20 &#8211; 23mm \/ aud\u0113ja \/ picatinny relsile<\/p>\n<p>* Salok\u0101ms<\/p>\n","protected":false},"featured_media":109369,"template":"","meta":{"_acf_changed":false},"product_brand":[],"product_cat":[1067],"product_tag":[],"class_list":{"0":"post-146856","1":"product","2":"type-product","3":"status-publish","4":"has-post-thumbnail","6":"product_cat-skats","8":"first","9":"instock","10":"sale","11":"taxable","12":"shipping-taxable","13":"purchasable","14":"product-type-simple"},"acf":[],"_links":{"self":[{"href":"https:\/\/kingarms.ee\/lv\/wp-json\/wp\/v2\/product\/146856","targetHints":{"allow":["GET"]}}],"collection":[{"href":"https:\/\/kingarms.ee\/lv\/wp-json\/wp\/v2\/product"}],"about":[{"href":"https:\/\/kingarms.ee\/lv\/wp-json\/wp\/v2\/types\/product"}],"wp:featuredmedia":[{"embeddable":true,"href":"https:\/\/kingarms.ee\/lv\/wp-json\/wp\/v2\/media\/109369"}],"wp:attachment":[{"href":"https:\/\/kingarms.ee\/lv\/wp-json\/wp\/v2\/media?parent=146856"}],"wp:term":[{"taxonomy":"product_brand","embeddable":true,"href":"https:\/\/kingarms.ee\/lv\/wp-json\/wp\/v2\/product_brand?post=146856"},{"taxonomy":"product_cat","embeddable":true,"href":"https:\/\/kingarms.ee\/lv\/wp-json\/wp\/v2\/product_cat?post=146856"},{"taxonomy":"product_tag","embeddable":true,"href":"https:\/\/kingarms.ee\/lv\/wp-json\/wp\/v2\/product_tag?post=146856"}],"curies":[{"name":"wp","href":"https:\/\/api.w.org\/{rel}","templated":true}]}}