{"id":146884,"date":"2019-03-26T21:17:12","date_gmt":"2025-03-10T10:29:48","guid":{"rendered":"https:\/\/kingarms.ee\/product\/kivere-mich2000-besa\/"},"modified":"2025-03-10T13:29:48","modified_gmt":"2025-03-10T10:29:48","slug":"kivere-mich2000-besa","status":"publish","type":"product","link":"https:\/\/kingarms.ee\/lv\/product\/kivere-mich2000-besa\/","title":{"rendered":"\u0136ivere MICH2000-b\u0113\u0161a<br><br>"},"content":{"rendered":"<p><a href=\"https:\/\/kingarms.ee\/wp-content\/uploads\/2019\/03\/M51617108-TAN16-300x225.jpg\"><img loading=\"lazy\" decoding=\"async\" class=\"alignnone size-medium wp-image-13663\" src=\"https:\/\/kingarms.ee\/wp-content\/uploads\/2019\/03\/M51617108-TAN16-300x225.jpg\" alt=\"\" width=\"300\" height=\"225\" srcset=\"https:\/\/kingarms.ee\/wp-content\/uploads\/2019\/03\/M51617108-TAN16-300x225.jpg 300w, https:\/\/kingarms.ee\/wp-content\/uploads\/2019\/03\/M51617108-TAN16-150x113.jpg 150w, https:\/\/kingarms.ee\/wp-content\/uploads\/2019\/03\/M51617108-TAN16-500x375.jpg 500w, https:\/\/kingarms.ee\/wp-content\/uploads\/2019\/03\/M51617108-TAN16-600x450.jpg 600w, https:\/\/kingarms.ee\/wp-content\/uploads\/2019\/03\/M51617108-TAN16.jpg 640w\" sizes=\"auto, (max-width: 300px) 100vw, 300px\" \/><\/a><\/p>\n","protected":false},"excerpt":{"rendered":"<p>\u0136ivere MICH2000-b\u0113\u0161a<\/p>\n<p>Viegla plastmasas \u0137ivere ar regul\u0113jam\u0101m siksn\u0101m.<\/p>\n","protected":false},"featured_media":109241,"template":"","meta":{"_acf_changed":false},"product_brand":[],"product_cat":[1078,1080],"product_tag":[],"class_list":{"0":"post-146884","1":"product","2":"type-product","3":"status-publish","4":"has-post-thumbnail","6":"product_cat-airsoft-lv-2","7":"product_cat-kiveres","9":"first","10":"onbackorder","11":"taxable","12":"shipping-taxable","13":"product-type-variable"},"acf":[],"_links":{"self":[{"href":"https:\/\/kingarms.ee\/lv\/wp-json\/wp\/v2\/product\/146884","targetHints":{"allow":["GET"]}}],"collection":[{"href":"https:\/\/kingarms.ee\/lv\/wp-json\/wp\/v2\/product"}],"about":[{"href":"https:\/\/kingarms.ee\/lv\/wp-json\/wp\/v2\/types\/product"}],"wp:featuredmedia":[{"embeddable":true,"href":"https:\/\/kingarms.ee\/lv\/wp-json\/wp\/v2\/media\/109241"}],"wp:attachment":[{"href":"https:\/\/kingarms.ee\/lv\/wp-json\/wp\/v2\/media?parent=146884"}],"wp:term":[{"taxonomy":"product_brand","embeddable":true,"href":"https:\/\/kingarms.ee\/lv\/wp-json\/wp\/v2\/product_brand?post=146884"},{"taxonomy":"product_cat","embeddable":true,"href":"https:\/\/kingarms.ee\/lv\/wp-json\/wp\/v2\/product_cat?post=146884"},{"taxonomy":"product_tag","embeddable":true,"href":"https:\/\/kingarms.ee\/lv\/wp-json\/wp\/v2\/product_tag?post=146884"}],"curies":[{"name":"wp","href":"https:\/\/api.w.org\/{rel}","templated":true}]}}