{"id":146892,"date":"2019-03-26T21:11:15","date_gmt":"2025-03-10T10:32:05","guid":{"rendered":"https:\/\/kingarms.ee\/product\/68bbs-zema-vacina-p90-salv-cyma\/"},"modified":"2025-03-10T13:32:05","modified_gmt":"2025-03-10T10:32:05","slug":"68bbs-zema-vacina-p90-salv-cyma","status":"publish","type":"product","link":"https:\/\/kingarms.ee\/lv\/product\/68bbs-zema-vacina-p90-salv-cyma\/","title":{"rendered":"68BBs zema v\u0101ci\u0146a P90 salv (Cyma)<br><br>"},"content":{"rendered":"<p><a href=\"https:\/\/kingarms.ee\/wp-content\/uploads\/2019\/03\/FBP102213-300x240.jpg\"><img loading=\"lazy\" decoding=\"async\" class=\"alignnone size-medium wp-image-13651\" src=\"https:\/\/kingarms.ee\/wp-content\/uploads\/2019\/03\/FBP102213-300x240.jpg\" alt=\"\" width=\"300\" height=\"240\" srcset=\"https:\/\/kingarms.ee\/wp-content\/uploads\/2019\/03\/FBP102213-300x240.jpg 300w, https:\/\/kingarms.ee\/wp-content\/uploads\/2019\/03\/FBP102213-150x120.jpg 150w, https:\/\/kingarms.ee\/wp-content\/uploads\/2019\/03\/FBP102213-500x400.jpg 500w, https:\/\/kingarms.ee\/wp-content\/uploads\/2019\/03\/FBP102213.jpg 600w\" sizes=\"auto, (max-width: 300px) 100vw, 300px\" \/><\/a><\/p>\n","protected":false},"excerpt":{"rendered":"<p>68BBs zema v\u0101ci\u0146a P90 salv (Cyma)<\/p>\n<p>Zems v\u0101ci\u0146\u0161 salv P90 relvadele<\/p>\n<p>Ra\u017eot\u0101js: CYMA<\/p>\n","protected":false},"featured_media":109235,"template":"","meta":{"_acf_changed":false},"product_brand":[],"product_cat":[1061],"product_tag":[],"class_list":{"0":"post-146892","1":"product","2":"type-product","3":"status-publish","4":"has-post-thumbnail","6":"product_cat-airsoft-lv","8":"first","9":"instock","10":"taxable","11":"shipping-taxable","12":"purchasable","13":"product-type-simple"},"acf":[],"_links":{"self":[{"href":"https:\/\/kingarms.ee\/lv\/wp-json\/wp\/v2\/product\/146892","targetHints":{"allow":["GET"]}}],"collection":[{"href":"https:\/\/kingarms.ee\/lv\/wp-json\/wp\/v2\/product"}],"about":[{"href":"https:\/\/kingarms.ee\/lv\/wp-json\/wp\/v2\/types\/product"}],"wp:featuredmedia":[{"embeddable":true,"href":"https:\/\/kingarms.ee\/lv\/wp-json\/wp\/v2\/media\/109235"}],"wp:attachment":[{"href":"https:\/\/kingarms.ee\/lv\/wp-json\/wp\/v2\/media?parent=146892"}],"wp:term":[{"taxonomy":"product_brand","embeddable":true,"href":"https:\/\/kingarms.ee\/lv\/wp-json\/wp\/v2\/product_brand?post=146892"},{"taxonomy":"product_cat","embeddable":true,"href":"https:\/\/kingarms.ee\/lv\/wp-json\/wp\/v2\/product_cat?post=146892"},{"taxonomy":"product_tag","embeddable":true,"href":"https:\/\/kingarms.ee\/lv\/wp-json\/wp\/v2\/product_tag?post=146892"}],"curies":[{"name":"wp","href":"https:\/\/api.w.org\/{rel}","templated":true}]}}