{"id":146900,"date":"2019-03-03T15:02:35","date_gmt":"2025-03-10T10:55:19","guid":{"rendered":"https:\/\/kingarms.ee\/product\/dubulta-griezes-momenta-terauda-cnc-parnesumu-komplekts\/"},"modified":"2025-03-10T13:55:19","modified_gmt":"2025-03-10T10:55:19","slug":"dubulta-griezes-momenta-terauda-cnc-parnesumu-komplekts","status":"publish","type":"product","link":"https:\/\/kingarms.ee\/lv\/product\/dubulta-griezes-momenta-terauda-cnc-parnesumu-komplekts\/","title":{"rendered":"Dubult\u0101 griezes momenta t\u0113rauda CNC p\u0101rnesumu komplekts<br><br>"},"content":{"rendered":"<p><a href=\"https:\/\/kingarms.ee\/wp-content\/uploads\/2019\/03\/Double-Torque-Steel-CNC-Gear-Set-Union-Fire-as10184large1-300x210.png\"><img loading=\"lazy\" decoding=\"async\" class=\"alignnone size-medium wp-image-12114\" src=\"https:\/\/kingarms.ee\/wp-content\/uploads\/2019\/03\/Double-Torque-Steel-CNC-Gear-Set-Union-Fire-as10184large1-300x210.png\" alt=\"\" width=\"300\" height=\"210\" srcset=\"https:\/\/kingarms.ee\/wp-content\/uploads\/2019\/03\/Double-Torque-Steel-CNC-Gear-Set-Union-Fire-as10184large1-300x210.png 300w, https:\/\/kingarms.ee\/wp-content\/uploads\/2019\/03\/Double-Torque-Steel-CNC-Gear-Set-Union-Fire-as10184large1-150x105.png 150w, https:\/\/kingarms.ee\/wp-content\/uploads\/2019\/03\/Double-Torque-Steel-CNC-Gear-Set-Union-Fire-as10184large1-500x350.png 500w, https:\/\/kingarms.ee\/wp-content\/uploads\/2019\/03\/Double-Torque-Steel-CNC-Gear-Set-Union-Fire-as10184large1-768x538.png 768w, https:\/\/kingarms.ee\/wp-content\/uploads\/2019\/03\/Double-Torque-Steel-CNC-Gear-Set-Union-Fire-as10184large1-1024x717.png 1024w, https:\/\/kingarms.ee\/wp-content\/uploads\/2019\/03\/Double-Torque-Steel-CNC-Gear-Set-Union-Fire-as10184large1.png 1400w\" sizes=\"auto, (max-width: 300px) 100vw, 300px\" \/><\/a><\/p>\n","protected":false},"excerpt":{"rendered":"<p>Dubult\u0101 griezes momenta t\u0113rauda CNC p\u0101rnesumu komplekts<\/p>\n<p>Gears 100: 200 no Savien\u012bbas uguns<\/p>\n<p>Laba izv\u0113le tuning<\/p>\n","protected":false},"featured_media":108623,"template":"","meta":{"_acf_changed":false},"product_brand":[],"product_cat":[1129],"product_tag":[],"class_list":{"0":"post-146900","1":"product","2":"type-product","3":"status-publish","4":"has-post-thumbnail","6":"product_cat-rezerves-dalas","8":"first","9":"instock","10":"taxable","11":"shipping-taxable","12":"purchasable","13":"product-type-simple"},"acf":[],"_links":{"self":[{"href":"https:\/\/kingarms.ee\/lv\/wp-json\/wp\/v2\/product\/146900","targetHints":{"allow":["GET"]}}],"collection":[{"href":"https:\/\/kingarms.ee\/lv\/wp-json\/wp\/v2\/product"}],"about":[{"href":"https:\/\/kingarms.ee\/lv\/wp-json\/wp\/v2\/types\/product"}],"wp:featuredmedia":[{"embeddable":true,"href":"https:\/\/kingarms.ee\/lv\/wp-json\/wp\/v2\/media\/108623"}],"wp:attachment":[{"href":"https:\/\/kingarms.ee\/lv\/wp-json\/wp\/v2\/media?parent=146900"}],"wp:term":[{"taxonomy":"product_brand","embeddable":true,"href":"https:\/\/kingarms.ee\/lv\/wp-json\/wp\/v2\/product_brand?post=146900"},{"taxonomy":"product_cat","embeddable":true,"href":"https:\/\/kingarms.ee\/lv\/wp-json\/wp\/v2\/product_cat?post=146900"},{"taxonomy":"product_tag","embeddable":true,"href":"https:\/\/kingarms.ee\/lv\/wp-json\/wp\/v2\/product_tag?post=146900"}],"curies":[{"name":"wp","href":"https:\/\/api.w.org\/{rel}","templated":true}]}}