{"id":146912,"date":"2019-01-29T16:11:18","date_gmt":"2025-03-10T11:08:17","guid":{"rendered":"https:\/\/kingarms.ee\/product\/jaka-drosiba\/"},"modified":"2025-03-10T14:08:17","modified_gmt":"2025-03-10T11:08:17","slug":"jaka-drosiba","status":"publish","type":"product","link":"https:\/\/kingarms.ee\/lv\/product\/jaka-drosiba\/","title":{"rendered":"Jaka Dro\u0161\u012bba<br><br>"},"content":{"rendered":"<p><a href=\"https:\/\/kingarms.ee\/wp-content\/uploads\/2019\/01\/Untitled-3-237x300.png\"><img loading=\"lazy\" decoding=\"async\" class=\"alignnone size-medium wp-image-11795\" src=\"https:\/\/kingarms.ee\/wp-content\/uploads\/2019\/01\/Untitled-3-237x300.png\" alt=\"\" width=\"237\" height=\"300\" srcset=\"https:\/\/kingarms.ee\/wp-content\/uploads\/2019\/01\/Untitled-3-237x300.png 237w, https:\/\/kingarms.ee\/wp-content\/uploads\/2019\/01\/Untitled-3-150x190.png 150w, https:\/\/kingarms.ee\/wp-content\/uploads\/2019\/01\/Untitled-3.png 465w\" sizes=\"auto, (max-width: 237px) 100vw, 237px\" \/><\/a><\/p>\n","protected":false},"excerpt":{"rendered":"<p>Jaka Dro\u0161\u012bba<\/p>\n<p>100% neilons<\/p>\n<p>&#8211; \u016adensiztur\u012bgs<\/p>\n<p>&#8211; 2 kabatas s\u0101nos<\/p>\n<p>&#8211; augsta apkakle<\/p>\n<p>&#8211; sh.<\/p>\n<p> Dro\u0161\u012bbas pl\u0101ksne ar \u0101\u0137a un cilpas aizdari (no\u0146emama)<\/p>\n<p>&#8211; sloksnes un apkakles v\u0101ci\u0146i<\/p>\n","protected":false},"featured_media":133185,"template":"","meta":{"_acf_changed":false},"product_brand":[],"product_cat":[1112],"product_tag":[],"class_list":{"0":"post-146912","1":"product","2":"type-product","3":"status-publish","4":"has-post-thumbnail","6":"product_cat-apgerbs","8":"first","9":"instock","10":"taxable","11":"shipping-taxable","12":"purchasable","13":"product-type-simple"},"acf":[],"_links":{"self":[{"href":"https:\/\/kingarms.ee\/lv\/wp-json\/wp\/v2\/product\/146912","targetHints":{"allow":["GET"]}}],"collection":[{"href":"https:\/\/kingarms.ee\/lv\/wp-json\/wp\/v2\/product"}],"about":[{"href":"https:\/\/kingarms.ee\/lv\/wp-json\/wp\/v2\/types\/product"}],"wp:featuredmedia":[{"embeddable":true,"href":"https:\/\/kingarms.ee\/lv\/wp-json\/wp\/v2\/media\/133185"}],"wp:attachment":[{"href":"https:\/\/kingarms.ee\/lv\/wp-json\/wp\/v2\/media?parent=146912"}],"wp:term":[{"taxonomy":"product_brand","embeddable":true,"href":"https:\/\/kingarms.ee\/lv\/wp-json\/wp\/v2\/product_brand?post=146912"},{"taxonomy":"product_cat","embeddable":true,"href":"https:\/\/kingarms.ee\/lv\/wp-json\/wp\/v2\/product_cat?post=146912"},{"taxonomy":"product_tag","embeddable":true,"href":"https:\/\/kingarms.ee\/lv\/wp-json\/wp\/v2\/product_tag?post=146912"}],"curies":[{"name":"wp","href":"https:\/\/api.w.org\/{rel}","templated":true}]}}