{"id":146920,"date":"2019-01-28T18:39:05","date_gmt":"2025-03-10T11:25:02","guid":{"rendered":"https:\/\/kingarms.ee\/product\/roku-dzelzi-hc500\/"},"modified":"2025-03-10T14:25:02","modified_gmt":"2025-03-10T11:25:02","slug":"roku-dzelzi-hc500","status":"publish","type":"product","link":"https:\/\/kingarms.ee\/lv\/product\/roku-dzelzi-hc500\/","title":{"rendered":"ROKU DZEL\u017dI HC500<br><br>"},"content":{"rendered":"<p><a href=\"https:\/\/kingarms.ee\/wp-content\/uploads\/2019\/01\/HC-500-300x263.jpg\"><img loading=\"lazy\" decoding=\"async\" class=\"alignnone size-medium wp-image-11667\" src=\"https:\/\/kingarms.ee\/wp-content\/uploads\/2019\/01\/HC-500-300x263.jpg\" alt=\"\" width=\"300\" height=\"263\" srcset=\"https:\/\/kingarms.ee\/wp-content\/uploads\/2019\/01\/HC-500-300x263.jpg 300w, https:\/\/kingarms.ee\/wp-content\/uploads\/2019\/01\/HC-500-150x131.jpg 150w, https:\/\/kingarms.ee\/wp-content\/uploads\/2019\/01\/HC-500-500x438.jpg 500w, https:\/\/kingarms.ee\/wp-content\/uploads\/2019\/01\/HC-500-768x672.jpg 768w, https:\/\/kingarms.ee\/wp-content\/uploads\/2019\/01\/HC-500.jpg 800w\" sizes=\"auto, (max-width: 300px) 100vw, 300px\" \/><\/a><\/p>\n","protected":false},"excerpt":{"rendered":"<p>ROKU DZEL\u017dI HC500<\/p>\n<p>Ner\u016bs\u0113jo\u0161\u0101 t\u0113rauda roku dzel\u017ei.<\/p>\n<p>Materi\u0101ls: Oglek\u013ca t\u0113rauds.<\/p>\n<p>Ni\u0137el\u0113ts.<\/p>\n<p>Dubult\u0101 atsl\u0113ga.<\/p>\n<p>Kop\u0113jais garums: 234mm.<\/p>\n<p>Svars: 306g.<\/p>\n<p>Komplekt\u0101: jostas cilpas jaka.<\/p>\n<p><span style=\"color: #ff0000;\">ATT\u0112LS IR SKAISTS!<\/p>\n<p><\/span><\/p>\n","protected":false},"featured_media":132403,"template":"","meta":{"_acf_changed":false},"product_brand":[],"product_cat":[1110],"product_tag":[],"class_list":{"0":"post-146920","1":"product","2":"type-product","3":"status-publish","4":"has-post-thumbnail","6":"product_cat-roku-dzelzi","8":"first","9":"onbackorder","10":"taxable","11":"shipping-taxable","12":"product-type-simple"},"acf":[],"_links":{"self":[{"href":"https:\/\/kingarms.ee\/lv\/wp-json\/wp\/v2\/product\/146920","targetHints":{"allow":["GET"]}}],"collection":[{"href":"https:\/\/kingarms.ee\/lv\/wp-json\/wp\/v2\/product"}],"about":[{"href":"https:\/\/kingarms.ee\/lv\/wp-json\/wp\/v2\/types\/product"}],"wp:featuredmedia":[{"embeddable":true,"href":"https:\/\/kingarms.ee\/lv\/wp-json\/wp\/v2\/media\/132403"}],"wp:attachment":[{"href":"https:\/\/kingarms.ee\/lv\/wp-json\/wp\/v2\/media?parent=146920"}],"wp:term":[{"taxonomy":"product_brand","embeddable":true,"href":"https:\/\/kingarms.ee\/lv\/wp-json\/wp\/v2\/product_brand?post=146920"},{"taxonomy":"product_cat","embeddable":true,"href":"https:\/\/kingarms.ee\/lv\/wp-json\/wp\/v2\/product_cat?post=146920"},{"taxonomy":"product_tag","embeddable":true,"href":"https:\/\/kingarms.ee\/lv\/wp-json\/wp\/v2\/product_tag?post=146920"}],"curies":[{"name":"wp","href":"https:\/\/api.w.org\/{rel}","templated":true}]}}