{"id":146922,"date":"2019-01-23T19:37:32","date_gmt":"2025-03-10T11:30:54","guid":{"rendered":"https:\/\/kingarms.ee\/product\/25-bbs-awp-l96-salv-labi\/"},"modified":"2025-03-10T14:30:54","modified_gmt":"2025-03-10T11:30:54","slug":"25-bbs-awp-l96-salv-labi","status":"publish","type":"product","link":"https:\/\/kingarms.ee\/lv\/product\/25-bbs-awp-l96-salv-labi\/","title":{"rendered":"25 BBs AWP \/ L96 salv (labi)<br><br>"},"content":{"rendered":"<p><a href=\"https:\/\/kingarms.ee\/wp-content\/uploads\/2019\/01\/1152193783_4-300x200.jpg\"><img loading=\"lazy\" decoding=\"async\" class=\"alignnone size-medium wp-image-11598\" src=\"https:\/\/kingarms.ee\/wp-content\/uploads\/2019\/01\/1152193783_4-300x200.jpg\" alt=\"\" width=\"300\" height=\"200\" srcset=\"https:\/\/kingarms.ee\/wp-content\/uploads\/2019\/01\/1152193783_4-300x200.jpg 300w, https:\/\/kingarms.ee\/wp-content\/uploads\/2019\/01\/1152193783_4-150x100.jpg 150w, https:\/\/kingarms.ee\/wp-content\/uploads\/2019\/01\/1152193783_4-500x333.jpg 500w, https:\/\/kingarms.ee\/wp-content\/uploads\/2019\/01\/1152193783_4-768x512.jpg 768w, https:\/\/kingarms.ee\/wp-content\/uploads\/2019\/01\/1152193783_4.jpg 800w\" sizes=\"auto, (max-width: 300px) 100vw, 300px\" \/><\/a><\/p>\n","protected":false},"excerpt":{"rendered":"<p>25 BBs AWP \/ L96 salv (labi)<\/p>\n<p>Met\u0101la 25 BB lo\u017eu tur\u0113\u0161anas papl\u0101te labi AWP \/ L96 tipa snaipera iero\u010diem<\/p>\n","protected":false},"featured_media":108469,"template":"","meta":{"_acf_changed":false},"product_brand":[],"product_cat":[1061],"product_tag":[],"class_list":{"0":"post-146922","1":"product","2":"type-product","3":"status-publish","4":"has-post-thumbnail","6":"product_cat-airsoft-lv","8":"first","9":"instock","10":"taxable","11":"shipping-taxable","12":"purchasable","13":"product-type-simple"},"acf":[],"_links":{"self":[{"href":"https:\/\/kingarms.ee\/lv\/wp-json\/wp\/v2\/product\/146922","targetHints":{"allow":["GET"]}}],"collection":[{"href":"https:\/\/kingarms.ee\/lv\/wp-json\/wp\/v2\/product"}],"about":[{"href":"https:\/\/kingarms.ee\/lv\/wp-json\/wp\/v2\/types\/product"}],"wp:featuredmedia":[{"embeddable":true,"href":"https:\/\/kingarms.ee\/lv\/wp-json\/wp\/v2\/media\/108469"}],"wp:attachment":[{"href":"https:\/\/kingarms.ee\/lv\/wp-json\/wp\/v2\/media?parent=146922"}],"wp:term":[{"taxonomy":"product_brand","embeddable":true,"href":"https:\/\/kingarms.ee\/lv\/wp-json\/wp\/v2\/product_brand?post=146922"},{"taxonomy":"product_cat","embeddable":true,"href":"https:\/\/kingarms.ee\/lv\/wp-json\/wp\/v2\/product_cat?post=146922"},{"taxonomy":"product_tag","embeddable":true,"href":"https:\/\/kingarms.ee\/lv\/wp-json\/wp\/v2\/product_tag?post=146922"}],"curies":[{"name":"wp","href":"https:\/\/api.w.org\/{rel}","templated":true}]}}