{"id":146926,"date":"2019-01-21T16:24:06","date_gmt":"2025-03-10T11:39:59","guid":{"rendered":"https:\/\/kingarms.ee\/product\/rsg-12-tulistamiskaitseprillid-remington\/"},"modified":"2025-03-10T14:39:59","modified_gmt":"2025-03-10T11:39:59","slug":"rsg-12-tulistamiskaitseprillid-remington","status":"publish","type":"product","link":"https:\/\/kingarms.ee\/lv\/product\/rsg-12-tulistamiskaitseprillid-remington\/","title":{"rendered":"RSG 12 tulistamiskaitseprillid (Remington)<br><br>"},"content":{"rendered":"<p><a href=\"https:\/\/kingarms.ee\/wp-content\/uploads\/2019\/01\/BD250612-300x225.jpg\"><img loading=\"lazy\" decoding=\"async\" class=\"alignnone size-medium wp-image-11506\" src=\"https:\/\/kingarms.ee\/wp-content\/uploads\/2019\/01\/BD250612-300x225.jpg\" alt=\"\" width=\"300\" height=\"225\" srcset=\"https:\/\/kingarms.ee\/wp-content\/uploads\/2019\/01\/BD250612-300x225.jpg 300w, https:\/\/kingarms.ee\/wp-content\/uploads\/2019\/01\/BD250612-150x113.jpg 150w, https:\/\/kingarms.ee\/wp-content\/uploads\/2019\/01\/BD250612-500x375.jpg 500w, https:\/\/kingarms.ee\/wp-content\/uploads\/2019\/01\/BD250612-600x450.jpg 600w, https:\/\/kingarms.ee\/wp-content\/uploads\/2019\/01\/BD250612.jpg 640w\" sizes=\"auto, (max-width: 300px) 100vw, 300px\" \/><\/a><\/p>\n","protected":false},"excerpt":{"rendered":"<p>RSG 12 tulistamiskaitseprillid (Remington)<\/p>\n<p>\u013boti labi izgatavojis Remington no ra\u017eot\u0101ja aizsargbrilles ar polikarbon\u0101ta l\u0113c\u0101m ar biezumu 1,6 mm ar UV400 filtru, apvienojot dro\u0161\u012bbu, stilu un komfortu.<\/p>\n<p>Komplekt\u0101 ietilpst:<\/p>\n<p>* brilles<\/p>\n<p>* papildu 4 p\u0101ri main\u0101miem objekt\u012bviem visiem laika apst\u0101k\u013ciem un reljefam<\/p>\n<p>* recipe (RX) ievietot r\u0101mi<\/p>\n<p>* pusciet\u0101s brilles<\/p>\n<p>* elast\u012bga galvas saite<\/p>\n","protected":false},"featured_media":108427,"template":"","meta":{"_acf_changed":false},"product_brand":[],"product_cat":[1085,1084],"product_tag":[],"class_list":{"0":"post-146926","1":"product","2":"type-product","3":"status-publish","4":"has-post-thumbnail","6":"product_cat-airsoft-brilles","7":"product_cat-ballistiskas-brilles","9":"first","10":"instock","11":"sale","12":"taxable","13":"shipping-taxable","14":"purchasable","15":"product-type-simple"},"acf":[],"_links":{"self":[{"href":"https:\/\/kingarms.ee\/lv\/wp-json\/wp\/v2\/product\/146926","targetHints":{"allow":["GET"]}}],"collection":[{"href":"https:\/\/kingarms.ee\/lv\/wp-json\/wp\/v2\/product"}],"about":[{"href":"https:\/\/kingarms.ee\/lv\/wp-json\/wp\/v2\/types\/product"}],"wp:featuredmedia":[{"embeddable":true,"href":"https:\/\/kingarms.ee\/lv\/wp-json\/wp\/v2\/media\/108427"}],"wp:attachment":[{"href":"https:\/\/kingarms.ee\/lv\/wp-json\/wp\/v2\/media?parent=146926"}],"wp:term":[{"taxonomy":"product_brand","embeddable":true,"href":"https:\/\/kingarms.ee\/lv\/wp-json\/wp\/v2\/product_brand?post=146926"},{"taxonomy":"product_cat","embeddable":true,"href":"https:\/\/kingarms.ee\/lv\/wp-json\/wp\/v2\/product_cat?post=146926"},{"taxonomy":"product_tag","embeddable":true,"href":"https:\/\/kingarms.ee\/lv\/wp-json\/wp\/v2\/product_tag?post=146926"}],"curies":[{"name":"wp","href":"https:\/\/api.w.org\/{rel}","templated":true}]}}