{"id":146928,"date":"2019-01-17T16:54:12","date_gmt":"2025-03-10T11:45:46","guid":{"rendered":"https:\/\/kingarms.ee\/product\/roku-dzelzi-perfecta-hc-600\/"},"modified":"2025-03-10T14:45:46","modified_gmt":"2025-03-10T11:45:46","slug":"roku-dzelzi-perfecta-hc-600","status":"publish","type":"product","link":"https:\/\/kingarms.ee\/lv\/product\/roku-dzelzi-perfecta-hc-600\/","title":{"rendered":"ROKU DZEL\u017dI PERFECTA HC 600<br><br>"},"content":{"rendered":"<p><a href=\"https:\/\/kingarms.ee\/wp-content\/uploads\/2019\/01\/18786-300x300.jpg\"><img loading=\"lazy\" decoding=\"async\" class=\"alignnone size-medium wp-image-11455\" src=\"https:\/\/kingarms.ee\/wp-content\/uploads\/2019\/01\/18786-300x300.jpg\" alt=\"\" width=\"300\" height=\"300\" srcset=\"https:\/\/kingarms.ee\/wp-content\/uploads\/2019\/01\/18786-300x300.jpg 300w, https:\/\/kingarms.ee\/wp-content\/uploads\/2019\/01\/18786-150x150.jpg 150w, https:\/\/kingarms.ee\/wp-content\/uploads\/2019\/01\/18786-500x500.jpg 500w, https:\/\/kingarms.ee\/wp-content\/uploads\/2019\/01\/18786-768x768.jpg 768w, https:\/\/kingarms.ee\/wp-content\/uploads\/2019\/01\/18786.jpg 800w\" sizes=\"auto, (max-width: 300px) 100vw, 300px\" \/><\/a><\/p>\n","protected":false},"excerpt":{"rendered":"<p>Ni\u0137el\u0113ti t\u0113rauda roku dzel\u017ei Perfecta HC 600.<\/p>\n<p>Materi\u0101ls: Oglek\u013ca t\u0113rauds.<\/p>\n<p>Ni\u0137el\u0113ts.<\/p>\n<p>Dubult\u0101 atsl\u0113ga.<\/p>\n<p>Kop\u0113jais garums: 190mm.<\/p>\n<p>Svars: 328g.<\/p>\n<p>Komplekt\u0101: jostas cilpas jaka.<\/p>\n","protected":false},"featured_media":132408,"template":"","meta":{"_acf_changed":false},"product_brand":[],"product_cat":[1110],"product_tag":[],"class_list":{"0":"post-146928","1":"product","2":"type-product","3":"status-publish","4":"has-post-thumbnail","6":"product_cat-roku-dzelzi","8":"first","9":"instock","10":"taxable","11":"shipping-taxable","12":"purchasable","13":"product-type-simple"},"acf":[],"_links":{"self":[{"href":"https:\/\/kingarms.ee\/lv\/wp-json\/wp\/v2\/product\/146928","targetHints":{"allow":["GET"]}}],"collection":[{"href":"https:\/\/kingarms.ee\/lv\/wp-json\/wp\/v2\/product"}],"about":[{"href":"https:\/\/kingarms.ee\/lv\/wp-json\/wp\/v2\/types\/product"}],"wp:featuredmedia":[{"embeddable":true,"href":"https:\/\/kingarms.ee\/lv\/wp-json\/wp\/v2\/media\/132408"}],"wp:attachment":[{"href":"https:\/\/kingarms.ee\/lv\/wp-json\/wp\/v2\/media?parent=146928"}],"wp:term":[{"taxonomy":"product_brand","embeddable":true,"href":"https:\/\/kingarms.ee\/lv\/wp-json\/wp\/v2\/product_brand?post=146928"},{"taxonomy":"product_cat","embeddable":true,"href":"https:\/\/kingarms.ee\/lv\/wp-json\/wp\/v2\/product_cat?post=146928"},{"taxonomy":"product_tag","embeddable":true,"href":"https:\/\/kingarms.ee\/lv\/wp-json\/wp\/v2\/product_tag?post=146928"}],"curies":[{"name":"wp","href":"https:\/\/api.w.org\/{rel}","templated":true}]}}