{"id":146934,"date":"2019-09-11T16:28:06","date_gmt":"2025-03-10T12:29:47","guid":{"rendered":"https:\/\/kingarms.ee\/product\/borner-noradija-0-58-g-4-5-mm-500-tk\/"},"modified":"2025-03-10T15:29:47","modified_gmt":"2025-03-10T12:29:47","slug":"borner-noradija-0-58-g-4-5-mm-500-tk","status":"publish","type":"product","link":"https:\/\/kingarms.ee\/lv\/product\/borner-noradija-0-58-g-4-5-mm-500-tk\/","title":{"rendered":"Borner nor\u0101d\u012bja 0.58 g 4.5 mm (500 tk)<br><br>"},"content":{"rendered":"<p><a href=\"https:\/\/kingarms.ee\/wp-content\/uploads\/2019\/09\/b5023d58-c3da-11e9-858f-001e67ad91cb_1a55d1bb-9aa0-4af7-8763-22eaa19e5c14-2-300x225.jpg\"><img loading=\"lazy\" decoding=\"async\" class=\"alignnone size-medium wp-image-18320\" src=\"https:\/\/kingarms.ee\/wp-content\/uploads\/2019\/09\/b5023d58-c3da-11e9-858f-001e67ad91cb_1a55d1bb-9aa0-4af7-8763-22eaa19e5c14-2-300x225.jpg\" alt=\"\" width=\"300\" height=\"225\" srcset=\"https:\/\/kingarms.ee\/wp-content\/uploads\/2019\/09\/b5023d58-c3da-11e9-858f-001e67ad91cb_1a55d1bb-9aa0-4af7-8763-22eaa19e5c14-2-300x225.jpg 300w, https:\/\/kingarms.ee\/wp-content\/uploads\/2019\/09\/b5023d58-c3da-11e9-858f-001e67ad91cb_1a55d1bb-9aa0-4af7-8763-22eaa19e5c14-2-150x113.jpg 150w, https:\/\/kingarms.ee\/wp-content\/uploads\/2019\/09\/b5023d58-c3da-11e9-858f-001e67ad91cb_1a55d1bb-9aa0-4af7-8763-22eaa19e5c14-2-500x375.jpg 500w, https:\/\/kingarms.ee\/wp-content\/uploads\/2019\/09\/b5023d58-c3da-11e9-858f-001e67ad91cb_1a55d1bb-9aa0-4af7-8763-22eaa19e5c14-2-768x576.jpg 768w, https:\/\/kingarms.ee\/wp-content\/uploads\/2019\/09\/b5023d58-c3da-11e9-858f-001e67ad91cb_1a55d1bb-9aa0-4af7-8763-22eaa19e5c14-2-600x450.jpg 600w, https:\/\/kingarms.ee\/wp-content\/uploads\/2019\/09\/b5023d58-c3da-11e9-858f-001e67ad91cb_1a55d1bb-9aa0-4af7-8763-22eaa19e5c14-2.jpg 1000w\" sizes=\"auto, (max-width: 300px) 100vw, 300px\" \/><\/a><\/p>\n","protected":false},"excerpt":{"rendered":"<p>Borner nor\u0101d\u012bja 0.58 g 4.5 mm (500 tk)<\/p>\n<p>BORNER gaisa \u0161autene granulu longs ir m\u0113renas Spitzkopf diabolo vid\u0113jie att\u0101lumi izmanto\u0161anai ar\u012b jaudas ierobe\u017eots (F-) gaisa lielgabali.<\/p>\n<p> Apa\u013c\u0101s galvas diabolo aerodinamiskais dizains nodro\u0161ina labu precizit\u0101ti, stingras \u0161\u0101vienu grupas un augstu iespie\u0161an\u0101s ener\u0123iju.<\/p>\n<p> Tie ir \u013coti piem\u0113roti plinking \u012bpa\u0161\u012bbu d\u0113\u013c.<\/p>\n<p>Tehniskie dati un izm\u0113ri:<\/p>\n<p>Z\u012bmols: Bir\u017eas Brokeris<\/p>\n<p>modelis: gar\u0161<\/p>\n<p>forma: asa galva, gluda<\/p>\n<p>darb\u012bbas joma: Plinking, CO2 pistole<\/p>\n<p>kalibrs: 4.5 mm (0.177)<\/p>\n<p>svars: 0,58 g (9,00 gr)<\/p>\n<p>saturs: 500 gab<\/p>\n","protected":false},"featured_media":111147,"template":"","meta":{"_acf_changed":false},"product_brand":[],"product_cat":[1047],"product_tag":[],"class_list":{"0":"post-146934","1":"product","2":"type-product","3":"status-publish","4":"has-post-thumbnail","6":"product_cat-airuna-4-5-mm","8":"first","9":"instock","10":"taxable","11":"shipping-taxable","12":"purchasable","13":"product-type-simple"},"acf":[],"_links":{"self":[{"href":"https:\/\/kingarms.ee\/lv\/wp-json\/wp\/v2\/product\/146934","targetHints":{"allow":["GET"]}}],"collection":[{"href":"https:\/\/kingarms.ee\/lv\/wp-json\/wp\/v2\/product"}],"about":[{"href":"https:\/\/kingarms.ee\/lv\/wp-json\/wp\/v2\/types\/product"}],"wp:featuredmedia":[{"embeddable":true,"href":"https:\/\/kingarms.ee\/lv\/wp-json\/wp\/v2\/media\/111147"}],"wp:attachment":[{"href":"https:\/\/kingarms.ee\/lv\/wp-json\/wp\/v2\/media?parent=146934"}],"wp:term":[{"taxonomy":"product_brand","embeddable":true,"href":"https:\/\/kingarms.ee\/lv\/wp-json\/wp\/v2\/product_brand?post=146934"},{"taxonomy":"product_cat","embeddable":true,"href":"https:\/\/kingarms.ee\/lv\/wp-json\/wp\/v2\/product_cat?post=146934"},{"taxonomy":"product_tag","embeddable":true,"href":"https:\/\/kingarms.ee\/lv\/wp-json\/wp\/v2\/product_tag?post=146934"}],"curies":[{"name":"wp","href":"https:\/\/api.w.org\/{rel}","templated":true}]}}