{"id":146936,"date":"2019-06-21T16:16:35","date_gmt":"2025-03-10T12:40:57","guid":{"rendered":"https:\/\/kingarms.ee\/product\/seljakott-25l-karaliskais-marpat-woodland\/"},"modified":"2025-03-10T15:40:57","modified_gmt":"2025-03-10T12:40:57","slug":"seljakott-25l-karaliskais-marpat-woodland","status":"publish","type":"product","link":"https:\/\/kingarms.ee\/lv\/product\/seljakott-25l-karaliskais-marpat-woodland\/","title":{"rendered":"Seljakott 25L (Karaliskais) &#8211; marpat woodland<br><br>"},"content":{"rendered":"<p><a href=\"https:\/\/kingarms.ee\/wp-content\/uploads\/2019\/06\/chrome_DYWapX6g37-300x300.png\"><img loading=\"lazy\" decoding=\"async\" class=\"alignnone size-medium wp-image-16116\" src=\"https:\/\/kingarms.ee\/wp-content\/uploads\/2019\/06\/chrome_DYWapX6g37-300x300.png\" alt=\"\" width=\"300\" height=\"300\" srcset=\"https:\/\/kingarms.ee\/wp-content\/uploads\/2019\/06\/chrome_DYWapX6g37-300x300.png 300w, https:\/\/kingarms.ee\/wp-content\/uploads\/2019\/06\/chrome_DYWapX6g37-150x150.png 150w, https:\/\/kingarms.ee\/wp-content\/uploads\/2019\/06\/chrome_DYWapX6g37-500x501.png 500w, https:\/\/kingarms.ee\/wp-content\/uploads\/2019\/06\/chrome_DYWapX6g37-768x770.png 768w, https:\/\/kingarms.ee\/wp-content\/uploads\/2019\/06\/chrome_DYWapX6g37.png 791w\" sizes=\"auto, (max-width: 300px) 100vw, 300px\" \/><\/a><\/p>\n","protected":false},"excerpt":{"rendered":"<p>Seljakott 25L (Karaliskais) &#8211; marpat woodland<\/p>\n<p>\u013boti \u0113rta mugursoma no neilona.<\/p>\n<p> Mazi un kompakti izm\u0113ri.<\/p>\n<p> Soma ir izgatavota ar m\u012bkstiem spilventi\u0146iem iek\u0161pus\u0113, kas nov\u0113r\u0161 delik\u0101tus ievainojumus.<\/p>\n<p> Visas kabatas ir apr\u012bkotas ar r\u0101v\u0113jsl\u0113dz\u0113ju.<\/p>\n<p> Mugursoma \u013cauj uzst\u0101d\u012bt piederumus: kabatas \/ somas.<\/p>\n<p>Seljakoti m\u00f5\u00f5tmed: 400mm x 250mm x 200mm.<\/p>\n","protected":false},"featured_media":133235,"template":"","meta":{"_acf_changed":false},"product_brand":[],"product_cat":[1098,1101],"product_tag":[],"class_list":{"0":"post-146936","1":"product","2":"type-product","3":"status-publish","4":"has-post-thumbnail","6":"product_cat-maisini-somas-un-siksnas","7":"product_cat-mugursomas","9":"first","10":"instock","11":"taxable","12":"shipping-taxable","13":"purchasable","14":"product-type-simple"},"acf":[],"_links":{"self":[{"href":"https:\/\/kingarms.ee\/lv\/wp-json\/wp\/v2\/product\/146936","targetHints":{"allow":["GET"]}}],"collection":[{"href":"https:\/\/kingarms.ee\/lv\/wp-json\/wp\/v2\/product"}],"about":[{"href":"https:\/\/kingarms.ee\/lv\/wp-json\/wp\/v2\/types\/product"}],"wp:featuredmedia":[{"embeddable":true,"href":"https:\/\/kingarms.ee\/lv\/wp-json\/wp\/v2\/media\/133235"}],"wp:attachment":[{"href":"https:\/\/kingarms.ee\/lv\/wp-json\/wp\/v2\/media?parent=146936"}],"wp:term":[{"taxonomy":"product_brand","embeddable":true,"href":"https:\/\/kingarms.ee\/lv\/wp-json\/wp\/v2\/product_brand?post=146936"},{"taxonomy":"product_cat","embeddable":true,"href":"https:\/\/kingarms.ee\/lv\/wp-json\/wp\/v2\/product_cat?post=146936"},{"taxonomy":"product_tag","embeddable":true,"href":"https:\/\/kingarms.ee\/lv\/wp-json\/wp\/v2\/product_tag?post=146936"}],"curies":[{"name":"wp","href":"https:\/\/api.w.org\/{rel}","templated":true}]}}