{"id":146940,"date":"2019-06-21T16:05:04","date_gmt":"2025-03-10T12:49:29","guid":{"rendered":"https:\/\/kingarms.ee\/product\/mugursoma-25l-royal-multicam\/"},"modified":"2025-03-10T15:49:29","modified_gmt":"2025-03-10T12:49:29","slug":"mugursoma-25l-royal-multicam","status":"publish","type":"product","link":"https:\/\/kingarms.ee\/lv\/product\/mugursoma-25l-royal-multicam\/","title":{"rendered":"Mugursoma 25L (Royal) &#8211; multicam<br><br>"},"content":{"rendered":"<p><a href=\"https:\/\/kingarms.ee\/wp-content\/uploads\/2019\/06\/chrome_kOK50rK4dV-300x298.png\"><img loading=\"lazy\" decoding=\"async\" class=\"alignnone size-medium wp-image-16104\" src=\"https:\/\/kingarms.ee\/wp-content\/uploads\/2019\/06\/chrome_kOK50rK4dV-300x298.png\" alt=\"\" width=\"300\" height=\"298\" srcset=\"https:\/\/kingarms.ee\/wp-content\/uploads\/2019\/06\/chrome_kOK50rK4dV-300x298.png 300w, https:\/\/kingarms.ee\/wp-content\/uploads\/2019\/06\/chrome_kOK50rK4dV-150x149.png 150w, https:\/\/kingarms.ee\/wp-content\/uploads\/2019\/06\/chrome_kOK50rK4dV-500x497.png 500w, https:\/\/kingarms.ee\/wp-content\/uploads\/2019\/06\/chrome_kOK50rK4dV-768x763.png 768w, https:\/\/kingarms.ee\/wp-content\/uploads\/2019\/06\/chrome_kOK50rK4dV.png 797w\" sizes=\"auto, (max-width: 300px) 100vw, 300px\" \/><\/a><\/p>\n","protected":false},"excerpt":{"rendered":"<p>Mugursoma 25L (Royal) &#8211; multicam<\/p>\n<p>\u013boti \u0113rta mugursoma no neilona.<\/p>\n<p> Mazi un kompakti izm\u0113ri.<\/p>\n<p> Soma ir izgatavota ar m\u012bkstiem spilventi\u0146iem iek\u0161pus\u0113, kas nov\u0113r\u0161 delik\u0101tus ievainojumus.<\/p>\n<p> Visas kabatas ir apr\u012bkotas ar r\u0101v\u0113jsl\u0113dz\u0113ju.<\/p>\n<p> Mugursoma \u013cauj uzst\u0101d\u012bt piederumus: kabatas \/ somas.<\/p>\n<p>Seljakoti m\u00f5\u00f5tmed: 400mm x 250mm x 200mm.<\/p>\n","protected":false},"featured_media":133239,"template":"","meta":{"_acf_changed":false},"product_brand":[],"product_cat":[1098,1101],"product_tag":[],"class_list":{"0":"post-146940","1":"product","2":"type-product","3":"status-publish","4":"has-post-thumbnail","6":"product_cat-maisini-somas-un-siksnas","7":"product_cat-mugursomas","9":"first","10":"instock","11":"taxable","12":"shipping-taxable","13":"purchasable","14":"product-type-simple"},"acf":[],"_links":{"self":[{"href":"https:\/\/kingarms.ee\/lv\/wp-json\/wp\/v2\/product\/146940","targetHints":{"allow":["GET"]}}],"collection":[{"href":"https:\/\/kingarms.ee\/lv\/wp-json\/wp\/v2\/product"}],"about":[{"href":"https:\/\/kingarms.ee\/lv\/wp-json\/wp\/v2\/types\/product"}],"wp:featuredmedia":[{"embeddable":true,"href":"https:\/\/kingarms.ee\/lv\/wp-json\/wp\/v2\/media\/133239"}],"wp:attachment":[{"href":"https:\/\/kingarms.ee\/lv\/wp-json\/wp\/v2\/media?parent=146940"}],"wp:term":[{"taxonomy":"product_brand","embeddable":true,"href":"https:\/\/kingarms.ee\/lv\/wp-json\/wp\/v2\/product_brand?post=146940"},{"taxonomy":"product_cat","embeddable":true,"href":"https:\/\/kingarms.ee\/lv\/wp-json\/wp\/v2\/product_cat?post=146940"},{"taxonomy":"product_tag","embeddable":true,"href":"https:\/\/kingarms.ee\/lv\/wp-json\/wp\/v2\/product_tag?post=146940"}],"curies":[{"name":"wp","href":"https:\/\/api.w.org\/{rel}","templated":true}]}}