{"id":146958,"date":"2019-03-07T13:33:07","date_gmt":"2025-03-10T13:36:41","guid":{"rendered":"https:\/\/kingarms.ee\/product\/m4-adapteris-g36-tipa-ierociem\/"},"modified":"2025-03-10T16:36:41","modified_gmt":"2025-03-10T13:36:41","slug":"m4-adapteris-g36-tipa-ierociem","status":"publish","type":"product","link":"https:\/\/kingarms.ee\/lv\/product\/m4-adapteris-g36-tipa-ierociem\/","title":{"rendered":"M4 adapteris G36 tipa iero\u010diem<br><br>"},"content":{"rendered":"<p><a href=\"https:\/\/kingarms.ee\/wp-content\/uploads\/2019\/03\/1152203440_1-300x200.jpg\"><img loading=\"lazy\" decoding=\"async\" class=\"size-medium wp-image-12923\" src=\"https:\/\/kingarms.ee\/wp-content\/uploads\/2019\/03\/1152203440_1-300x200.jpg\" alt=\"\" width=\"300\" height=\"200\" srcset=\"https:\/\/kingarms.ee\/wp-content\/uploads\/2019\/03\/1152203440_1-300x200.jpg 300w, https:\/\/kingarms.ee\/wp-content\/uploads\/2019\/03\/1152203440_1-150x100.jpg 150w, https:\/\/kingarms.ee\/wp-content\/uploads\/2019\/03\/1152203440_1-500x333.jpg 500w, https:\/\/kingarms.ee\/wp-content\/uploads\/2019\/03\/1152203440_1-768x512.jpg 768w, https:\/\/kingarms.ee\/wp-content\/uploads\/2019\/03\/1152203440_1.jpg 800w\" sizes=\"auto, (max-width: 300px) 100vw, 300px\" \/><\/a><\/p>\n","protected":false},"excerpt":{"rendered":"<p>M4 adapteris G36 tipa iero\u010diem.<\/p>\n<p>Adapteris ir izgatavots no iztur\u012bgas plastmasas un \u013cauj izmantot M4 \/ M16 standarta papl\u0101tes G36 tipa iero\u010dos.<\/p>\n<p> Instal\u0101cija ir \u013coti vienk\u0101r\u0161a un intuit\u012bva &#8211; adapteris ir uzst\u0101d\u012bts iepriek\u0161\u0113j\u0101 adaptera atra\u0161an\u0101s viet\u0101.<\/p>\n<p> P\u0101rsl\u0113g\u0161an\u0101s ir 5 sekundes.<\/p>\n","protected":false},"featured_media":108964,"template":"","meta":{"_acf_changed":false},"product_brand":[],"product_cat":[1129],"product_tag":[],"class_list":{"0":"post-146958","1":"product","2":"type-product","3":"status-publish","4":"has-post-thumbnail","6":"product_cat-rezerves-dalas","8":"first","9":"onbackorder","10":"taxable","11":"shipping-taxable","12":"product-type-simple"},"acf":[],"_links":{"self":[{"href":"https:\/\/kingarms.ee\/lv\/wp-json\/wp\/v2\/product\/146958","targetHints":{"allow":["GET"]}}],"collection":[{"href":"https:\/\/kingarms.ee\/lv\/wp-json\/wp\/v2\/product"}],"about":[{"href":"https:\/\/kingarms.ee\/lv\/wp-json\/wp\/v2\/types\/product"}],"wp:featuredmedia":[{"embeddable":true,"href":"https:\/\/kingarms.ee\/lv\/wp-json\/wp\/v2\/media\/108964"}],"wp:attachment":[{"href":"https:\/\/kingarms.ee\/lv\/wp-json\/wp\/v2\/media?parent=146958"}],"wp:term":[{"taxonomy":"product_brand","embeddable":true,"href":"https:\/\/kingarms.ee\/lv\/wp-json\/wp\/v2\/product_brand?post=146958"},{"taxonomy":"product_cat","embeddable":true,"href":"https:\/\/kingarms.ee\/lv\/wp-json\/wp\/v2\/product_cat?post=146958"},{"taxonomy":"product_tag","embeddable":true,"href":"https:\/\/kingarms.ee\/lv\/wp-json\/wp\/v2\/product_tag?post=146958"}],"curies":[{"name":"wp","href":"https:\/\/api.w.org\/{rel}","templated":true}]}}