{"id":146960,"date":"2019-03-05T11:41:53","date_gmt":"2025-03-10T13:52:11","guid":{"rendered":"https:\/\/kingarms.ee\/product\/taktiska-josta-komplekts\/"},"modified":"2025-03-10T16:52:11","modified_gmt":"2025-03-10T13:52:11","slug":"taktiska-josta-komplekts","status":"publish","type":"product","link":"https:\/\/kingarms.ee\/lv\/product\/taktiska-josta-komplekts\/","title":{"rendered":"Taktisk\u0101 josta (komplekts)<br><br>"},"content":{"rendered":"<p><a href=\"https:\/\/kingarms.ee\/wp-content\/uploads\/2019\/03\/Lixada-Outdoor-Tactische-Riem-Rechtshandhaving-Modulaire-Security-Militaire-Duty-Utility-Riem-met-Zakjes-Holster-Gear.jpg_640x640-300x300.jpg\"><img loading=\"lazy\" decoding=\"async\" class=\"alignnone size-medium wp-image-12849\" src=\"https:\/\/kingarms.ee\/wp-content\/uploads\/2019\/03\/Lixada-Outdoor-Tactische-Riem-Rechtshandhaving-Modulaire-Security-Militaire-Duty-Utility-Riem-met-Zakjes-Holster-Gear.jpg_640x640-300x300.jpg\" alt=\"\" width=\"300\" height=\"300\" srcset=\"https:\/\/kingarms.ee\/wp-content\/uploads\/2019\/03\/Lixada-Outdoor-Tactische-Riem-Rechtshandhaving-Modulaire-Security-Militaire-Duty-Utility-Riem-met-Zakjes-Holster-Gear.jpg_640x640-300x300.jpg 300w, https:\/\/kingarms.ee\/wp-content\/uploads\/2019\/03\/Lixada-Outdoor-Tactische-Riem-Rechtshandhaving-Modulaire-Security-Militaire-Duty-Utility-Riem-met-Zakjes-Holster-Gear.jpg_640x640-150x150.jpg 150w, https:\/\/kingarms.ee\/wp-content\/uploads\/2019\/03\/Lixada-Outdoor-Tactische-Riem-Rechtshandhaving-Modulaire-Security-Militaire-Duty-Utility-Riem-met-Zakjes-Holster-Gear.jpg_640x640-500x500.jpg 500w, https:\/\/kingarms.ee\/wp-content\/uploads\/2019\/03\/Lixada-Outdoor-Tactische-Riem-Rechtshandhaving-Modulaire-Security-Militaire-Duty-Utility-Riem-met-Zakjes-Holster-Gear.jpg_640x640.jpg 640w\" sizes=\"auto, (max-width: 300px) 100vw, 300px\" \/><\/a><\/p>\n","protected":false},"excerpt":{"rendered":"<p>Taktisk\u0101 josta (komplekts)<\/p>\n<p>10-in-1 Taktisk\u0101 josta-\u0161aj\u0101 10-in-1 Komplekt\u0101 ietilpst regul\u0113jama siksna, lai josta neatv\u0113rtos, r\u0101cijas kabata, pistoles kabata, luktur\u012btis, roku dzel\u017eu kabata, atsl\u0113gu piekari\u0146a Kabata, piparu aerosola kabata \/ t\u0101lru\u0146a kabata, papl\u0101tes kabata, n\u016bjas kabata, cimdu kabata, lai apmierin\u0101tu da\u017e\u0101das vajadz\u012bbas.<\/p>\n<p>Lieliski piem\u0113rots un no\u0146emams-viduk\u013ca jostu var viegli noregul\u0113t no 93cm \/ 37cm l\u012bdz 120cm \/ 47 &#8220;komfortam neatkar\u012bgi no \u0137erme\u0146a formas.<\/p>\n<p> Visus atliku\u0161os 10 maisi\u0146us un korpusu var viegli no\u0146emt, lai apmierin\u0101tu da\u017e\u0101das vajadz\u012bbas.<\/p>\n<p> Glab\u0101jiet visas somas aizv\u0113rtas vai tikai da\u017eas no t\u0101m, kas jums nepiecie\u0161amas.<\/p>\n<p><span style=\"color: #ff0000;\">Ide\u0101li piem\u0113rots dro\u0161\u012bbas person\u0101lam<\/p>\n<p><\/span><\/p>\n","protected":false},"featured_media":108938,"template":"","meta":{"_acf_changed":false},"product_brand":[],"product_cat":[1112],"product_tag":[],"class_list":{"0":"post-146960","1":"product","2":"type-product","3":"status-publish","4":"has-post-thumbnail","6":"product_cat-apgerbs","8":"first","9":"onbackorder","10":"taxable","11":"shipping-taxable","12":"product-type-simple"},"acf":[],"_links":{"self":[{"href":"https:\/\/kingarms.ee\/lv\/wp-json\/wp\/v2\/product\/146960","targetHints":{"allow":["GET"]}}],"collection":[{"href":"https:\/\/kingarms.ee\/lv\/wp-json\/wp\/v2\/product"}],"about":[{"href":"https:\/\/kingarms.ee\/lv\/wp-json\/wp\/v2\/types\/product"}],"wp:featuredmedia":[{"embeddable":true,"href":"https:\/\/kingarms.ee\/lv\/wp-json\/wp\/v2\/media\/108938"}],"wp:attachment":[{"href":"https:\/\/kingarms.ee\/lv\/wp-json\/wp\/v2\/media?parent=146960"}],"wp:term":[{"taxonomy":"product_brand","embeddable":true,"href":"https:\/\/kingarms.ee\/lv\/wp-json\/wp\/v2\/product_brand?post=146960"},{"taxonomy":"product_cat","embeddable":true,"href":"https:\/\/kingarms.ee\/lv\/wp-json\/wp\/v2\/product_cat?post=146960"},{"taxonomy":"product_tag","embeddable":true,"href":"https:\/\/kingarms.ee\/lv\/wp-json\/wp\/v2\/product_tag?post=146960"}],"curies":[{"name":"wp","href":"https:\/\/api.w.org\/{rel}","templated":true}]}}