{"id":146976,"date":"2020-05-26T13:02:25","date_gmt":"2025-03-10T15:48:54","guid":{"rendered":"https:\/\/kingarms.ee\/product\/bornera-dobais-punkts-0-58-g-4-5-mm-500-tk\/"},"modified":"2025-03-10T18:48:54","modified_gmt":"2025-03-10T15:48:54","slug":"bornera-dobais-punkts-0-58-g-4-5-mm-500-tk","status":"publish","type":"product","link":"https:\/\/kingarms.ee\/lv\/product\/bornera-dobais-punkts-0-58-g-4-5-mm-500-tk\/","title":{"rendered":"Bornera dobais punkts 0.58 g 4.5 mm (500 tk)<br><br>"},"content":{"rendered":"<p><a href=\"https:\/\/kingarms.ee\/wp-content\/uploads\/2020\/05\/kulkeles-borner-domed-55mm-cal22-300x300.jpg\"><img loading=\"lazy\" decoding=\"async\" class=\"alignnone size-medium wp-image-27747\" src=\"https:\/\/kingarms.ee\/wp-content\/uploads\/2020\/05\/kulkeles-borner-domed-55mm-cal22-300x300.jpg\" alt=\"\" width=\"300\" height=\"300\" srcset=\"https:\/\/kingarms.ee\/wp-content\/uploads\/2020\/05\/kulkeles-borner-domed-55mm-cal22-300x300.jpg 300w, https:\/\/kingarms.ee\/wp-content\/uploads\/2020\/05\/kulkeles-borner-domed-55mm-cal22-150x150.jpg 150w, https:\/\/kingarms.ee\/wp-content\/uploads\/2020\/05\/kulkeles-borner-domed-55mm-cal22.jpg 458w\" sizes=\"auto, (max-width: 300px) 100vw, 300px\" \/><\/a><\/p>\n","protected":false},"excerpt":{"rendered":"<p>Bornera dobais punkts 0.58 g 4.5 mm (500 tk)<\/p>\n<p>Dobu punktu lodes ir prec\u012bzas, labi l\u012bdzsvarotas gaisa \u0161autenes bumbi\u0146as ar lielisku aerodinamiku, piem\u0113rotas \u0161au\u0161anai lielos att\u0101lumos.<\/p>\n<p> Piem\u0113rots gaisa iero\u010diem.<\/p>\n<p>Kalibrs: 4.5 mm (177)<\/p>\n<p>Svars: 0,58 g.<\/p>\n<p>Kast\u012bte: 500 Gab.<\/p>\n","protected":false},"featured_media":112617,"template":"","meta":{"_acf_changed":false},"product_brand":[],"product_cat":[1047],"product_tag":[],"class_list":{"0":"post-146976","1":"product","2":"type-product","3":"status-publish","4":"has-post-thumbnail","6":"product_cat-airuna-4-5-mm","8":"first","9":"instock","10":"taxable","11":"shipping-taxable","12":"purchasable","13":"product-type-simple"},"acf":[],"_links":{"self":[{"href":"https:\/\/kingarms.ee\/lv\/wp-json\/wp\/v2\/product\/146976","targetHints":{"allow":["GET"]}}],"collection":[{"href":"https:\/\/kingarms.ee\/lv\/wp-json\/wp\/v2\/product"}],"about":[{"href":"https:\/\/kingarms.ee\/lv\/wp-json\/wp\/v2\/types\/product"}],"wp:featuredmedia":[{"embeddable":true,"href":"https:\/\/kingarms.ee\/lv\/wp-json\/wp\/v2\/media\/112617"}],"wp:attachment":[{"href":"https:\/\/kingarms.ee\/lv\/wp-json\/wp\/v2\/media?parent=146976"}],"wp:term":[{"taxonomy":"product_brand","embeddable":true,"href":"https:\/\/kingarms.ee\/lv\/wp-json\/wp\/v2\/product_brand?post=146976"},{"taxonomy":"product_cat","embeddable":true,"href":"https:\/\/kingarms.ee\/lv\/wp-json\/wp\/v2\/product_cat?post=146976"},{"taxonomy":"product_tag","embeddable":true,"href":"https:\/\/kingarms.ee\/lv\/wp-json\/wp\/v2\/product_tag?post=146976"}],"curies":[{"name":"wp","href":"https:\/\/api.w.org\/{rel}","templated":true}]}}