{"id":146990,"date":"2019-07-27T19:41:39","date_gmt":"2025-03-10T16:14:34","guid":{"rendered":"https:\/\/kingarms.ee\/product\/relvakohver-src-jabut\/"},"modified":"2025-03-10T19:14:34","modified_gmt":"2025-03-10T16:14:34","slug":"relvakohver-src-jabut","status":"publish","type":"product","link":"https:\/\/kingarms.ee\/lv\/product\/relvakohver-src-jabut\/","title":{"rendered":"Relvakohver (SRC) &#8211; j\u0101b\u016bt<br><br>"},"content":{"rendered":"<p><a href=\"https:\/\/kingarms.ee\/wp-content\/uploads\/2019\/07\/Rifle-Hard-Case-105cm-Black-SRC-am19271large1-300x210.png\"><img loading=\"lazy\" decoding=\"async\" class=\"alignnone size-medium wp-image-17340\" src=\"https:\/\/kingarms.ee\/wp-content\/uploads\/2019\/07\/Rifle-Hard-Case-105cm-Black-SRC-am19271large1-300x210.png\" alt=\"\" width=\"300\" height=\"210\" srcset=\"https:\/\/kingarms.ee\/wp-content\/uploads\/2019\/07\/Rifle-Hard-Case-105cm-Black-SRC-am19271large1-300x210.png 300w, https:\/\/kingarms.ee\/wp-content\/uploads\/2019\/07\/Rifle-Hard-Case-105cm-Black-SRC-am19271large1-150x105.png 150w, https:\/\/kingarms.ee\/wp-content\/uploads\/2019\/07\/Rifle-Hard-Case-105cm-Black-SRC-am19271large1-500x350.png 500w, https:\/\/kingarms.ee\/wp-content\/uploads\/2019\/07\/Rifle-Hard-Case-105cm-Black-SRC-am19271large1-768x538.png 768w, https:\/\/kingarms.ee\/wp-content\/uploads\/2019\/07\/Rifle-Hard-Case-105cm-Black-SRC-am19271large1.png 1024w\" sizes=\"auto, (max-width: 300px) 100vw, 300px\" \/><\/a><\/p>\n","protected":false},"excerpt":{"rendered":"<p>Relvakohver (SRC) &#8211; j\u0101b\u016bt<\/p>\n<p>\u010cemod\u0101ns der M4, AK47 &amp; amp;74 un maz\u0101ku snaiperis ierocis.<\/p>\n<p>Izm\u0113ri: 105cm x 33cm<\/p>\n<p>Svars: 5.3 kg<\/p>\n","protected":false},"featured_media":110737,"template":"","meta":{"_acf_changed":false},"product_brand":[],"product_cat":[1058,1098,1103],"product_tag":[],"class_list":{"0":"post-146990","1":"product","2":"type-product","3":"status-publish","4":"has-post-thumbnail","6":"product_cat-kofazes","7":"product_cat-maisini-somas-un-siksnas","8":"product_cat-somas-lv","10":"first","11":"instock","12":"taxable","13":"shipping-taxable","14":"purchasable","15":"product-type-simple"},"acf":[],"_links":{"self":[{"href":"https:\/\/kingarms.ee\/lv\/wp-json\/wp\/v2\/product\/146990","targetHints":{"allow":["GET"]}}],"collection":[{"href":"https:\/\/kingarms.ee\/lv\/wp-json\/wp\/v2\/product"}],"about":[{"href":"https:\/\/kingarms.ee\/lv\/wp-json\/wp\/v2\/types\/product"}],"wp:featuredmedia":[{"embeddable":true,"href":"https:\/\/kingarms.ee\/lv\/wp-json\/wp\/v2\/media\/110737"}],"wp:attachment":[{"href":"https:\/\/kingarms.ee\/lv\/wp-json\/wp\/v2\/media?parent=146990"}],"wp:term":[{"taxonomy":"product_brand","embeddable":true,"href":"https:\/\/kingarms.ee\/lv\/wp-json\/wp\/v2\/product_brand?post=146990"},{"taxonomy":"product_cat","embeddable":true,"href":"https:\/\/kingarms.ee\/lv\/wp-json\/wp\/v2\/product_cat?post=146990"},{"taxonomy":"product_tag","embeddable":true,"href":"https:\/\/kingarms.ee\/lv\/wp-json\/wp\/v2\/product_tag?post=146990"}],"curies":[{"name":"wp","href":"https:\/\/api.w.org\/{rel}","templated":true}]}}