{"id":146995,"date":"2019-05-02T18:29:30","date_gmt":"2025-03-10T16:32:42","guid":{"rendered":"https:\/\/kingarms.ee\/product\/transporta-soma-multicam\/"},"modified":"2025-03-10T19:32:42","modified_gmt":"2025-03-10T16:32:42","slug":"transporta-soma-multicam","status":"publish","type":"product","link":"https:\/\/kingarms.ee\/lv\/product\/transporta-soma-multicam\/","title":{"rendered":"Transporta Soma-Multicam<br><br>"},"content":{"rendered":"<p><a href=\"https:\/\/kingarms.ee\/wp-content\/uploads\/2019\/05\/1152222177_1-300x200.jpg\"><img loading=\"lazy\" decoding=\"async\" class=\"alignnone size-medium wp-image-14841\" src=\"https:\/\/kingarms.ee\/wp-content\/uploads\/2019\/05\/1152222177_1-300x200.jpg\" alt=\"\" width=\"300\" height=\"200\" srcset=\"https:\/\/kingarms.ee\/wp-content\/uploads\/2019\/05\/1152222177_1-300x200.jpg 300w, https:\/\/kingarms.ee\/wp-content\/uploads\/2019\/05\/1152222177_1-150x100.jpg 150w, https:\/\/kingarms.ee\/wp-content\/uploads\/2019\/05\/1152222177_1-500x333.jpg 500w, https:\/\/kingarms.ee\/wp-content\/uploads\/2019\/05\/1152222177_1-768x512.jpg 768w, https:\/\/kingarms.ee\/wp-content\/uploads\/2019\/05\/1152222177_1.jpg 800w\" sizes=\"auto, (max-width: 300px) 100vw, 300px\" \/><\/a><\/p>\n","protected":false},"excerpt":{"rendered":"<p>Transporta Soma-Multicam<\/p>\n<p>Vienk\u0101r\u0161a transporta soma izgatavota no iztur\u012bga neilona.<\/p>\n<p> Somai ir dubult\u0101 r\u0101v\u0113jsl\u0113dz\u0113js un rokturis \u0113rtai n\u0113s\u0101\u0161anai.<\/p>\n<p> \u0160\u012bs somas liel\u0101k\u0101 priek\u0161roc\u012bba ir \u016bdensnecaurlaid\u012bgs materi\u0101ls.<\/p>\n","protected":false},"featured_media":109727,"template":"","meta":{"_acf_changed":false},"product_brand":[],"product_cat":[1088],"product_tag":[],"class_list":{"0":"post-146995","1":"product","2":"type-product","3":"status-publish","4":"has-post-thumbnail","6":"product_cat-gadijumi-un-somas","8":"first","9":"instock","10":"taxable","11":"shipping-taxable","12":"purchasable","13":"product-type-simple"},"acf":[],"_links":{"self":[{"href":"https:\/\/kingarms.ee\/lv\/wp-json\/wp\/v2\/product\/146995","targetHints":{"allow":["GET"]}}],"collection":[{"href":"https:\/\/kingarms.ee\/lv\/wp-json\/wp\/v2\/product"}],"about":[{"href":"https:\/\/kingarms.ee\/lv\/wp-json\/wp\/v2\/types\/product"}],"wp:featuredmedia":[{"embeddable":true,"href":"https:\/\/kingarms.ee\/lv\/wp-json\/wp\/v2\/media\/109727"}],"wp:attachment":[{"href":"https:\/\/kingarms.ee\/lv\/wp-json\/wp\/v2\/media?parent=146995"}],"wp:term":[{"taxonomy":"product_brand","embeddable":true,"href":"https:\/\/kingarms.ee\/lv\/wp-json\/wp\/v2\/product_brand?post=146995"},{"taxonomy":"product_cat","embeddable":true,"href":"https:\/\/kingarms.ee\/lv\/wp-json\/wp\/v2\/product_cat?post=146995"},{"taxonomy":"product_tag","embeddable":true,"href":"https:\/\/kingarms.ee\/lv\/wp-json\/wp\/v2\/product_tag?post=146995"}],"curies":[{"name":"wp","href":"https:\/\/api.w.org\/{rel}","templated":true}]}}