{"id":147035,"date":"2018-08-31T11:09:23","date_gmt":"2025-03-11T11:43:21","guid":{"rendered":"https:\/\/kingarms.ee\/product\/aizsargmaska-melna\/"},"modified":"2025-03-11T14:43:21","modified_gmt":"2025-03-11T11:43:21","slug":"aizsargmaska-melna","status":"publish","type":"product","link":"https:\/\/kingarms.ee\/lv\/product\/aizsargmaska-melna\/","title":{"rendered":"Aizsargmaska-Melna<br><br>"},"content":{"rendered":"<p><a href=\"https:\/\/kingarms.ee\/wp-content\/uploads\/2018\/07\/1152196170_2.jpg\"><img loading=\"lazy\" decoding=\"async\" class=\"size-medium wp-image-3759\" src=\"https:\/\/kingarms.ee\/wp-content\/uploads\/2018\/07\/1152196170_2-300x205.jpg\" alt=\"\" width=\"300\" height=\"205\"><\/a><\/p>\n","protected":false},"excerpt":{"rendered":"<p>Aizsargmaska-Melna<\/p>\n<p>Popul\u0101ra sejas segumu izv\u0113le.<\/p>\n<p> Pusmaska aptver Sp\u0113l\u0113t\u0101ja seju no deguna l\u012bdz apak\u0161\u0113jai \u017eokai, k\u0101 ar\u012b vaigiem l\u012bdz aus\u012bm.<\/p>\n<p> Papildus pusmaskai Sp\u0113l\u0113t\u0101jam ir j\u0101ieg\u0101d\u0101jas aizsargbrilles.<\/p>\n<p> Pusmaskas materi\u0101ls ir iztur\u012bgs met\u0101la siets.<\/p>\n<p>NB!<\/p>\n<p> BB lodes, kas iz\u0161autas pret t\u012bklu, var salauzt un caurdurt met\u0101la sietu gabalos.<\/p>\n","protected":false},"featured_media":107098,"template":"","meta":{"_acf_changed":false},"product_brand":[],"product_cat":[1081],"product_tag":[],"class_list":{"0":"post-147035","1":"product","2":"type-product","3":"status-publish","4":"has-post-thumbnail","6":"product_cat-bez-kiveres-stiprinajuma","8":"first","9":"instock","10":"purchasable","11":"product-type-simple"},"acf":[],"_links":{"self":[{"href":"https:\/\/kingarms.ee\/lv\/wp-json\/wp\/v2\/product\/147035","targetHints":{"allow":["GET"]}}],"collection":[{"href":"https:\/\/kingarms.ee\/lv\/wp-json\/wp\/v2\/product"}],"about":[{"href":"https:\/\/kingarms.ee\/lv\/wp-json\/wp\/v2\/types\/product"}],"wp:featuredmedia":[{"embeddable":true,"href":"https:\/\/kingarms.ee\/lv\/wp-json\/wp\/v2\/media\/107098"}],"wp:attachment":[{"href":"https:\/\/kingarms.ee\/lv\/wp-json\/wp\/v2\/media?parent=147035"}],"wp:term":[{"taxonomy":"product_brand","embeddable":true,"href":"https:\/\/kingarms.ee\/lv\/wp-json\/wp\/v2\/product_brand?post=147035"},{"taxonomy":"product_cat","embeddable":true,"href":"https:\/\/kingarms.ee\/lv\/wp-json\/wp\/v2\/product_cat?post=147035"},{"taxonomy":"product_tag","embeddable":true,"href":"https:\/\/kingarms.ee\/lv\/wp-json\/wp\/v2\/product_tag?post=147035"}],"curies":[{"name":"wp","href":"https:\/\/api.w.org\/{rel}","templated":true}]}}