{"id":147039,"date":"2018-08-31T11:09:18","date_gmt":"2025-03-11T11:53:43","guid":{"rendered":"https:\/\/kingarms.ee\/product\/mugurinas-aps\/"},"modified":"2025-03-11T14:53:43","modified_gmt":"2025-03-11T11:53:43","slug":"mugurinas-aps","status":"publish","type":"product","link":"https:\/\/kingarms.ee\/lv\/product\/mugurinas-aps\/","title":{"rendered":"Muguri\u0146as (ApS)<br><br>"},"content":{"rendered":"<p><a href=\"https:\/\/kingarms.ee\/wp-content\/uploads\/2018\/06\/1152194476_1.jpg\"><img loading=\"lazy\" decoding=\"async\" class=\"size-medium wp-image-3472\" src=\"https:\/\/kingarms.ee\/wp-content\/uploads\/2018\/06\/1152194476_1-300x204.jpg\" alt=\"\" width=\"300\" height=\"204\"><\/a><\/p>\n","protected":false},"excerpt":{"rendered":"<p>Muguri\u0146as (ApS)<\/p>\n<p>Salok\u0101ma teleskopisk\u0101 dak\u0161a j\u016bsu snaipera \u0161autenei.<\/p>\n<p> Estak\u0101des augstumu var noregul\u0113t p\u0113c v\u0113l\u0113\u0161an\u0101s.<\/p>\n<p> Piem\u0113rots snaipera iero\u010diem.<\/p>\n","protected":false},"featured_media":106974,"template":"","meta":{"_acf_changed":false},"product_brand":[],"product_cat":[1089],"product_tag":[],"class_list":{"0":"post-147039","1":"product","2":"type-product","3":"status-publish","4":"has-post-thumbnail","6":"product_cat-rokturi-gredzeni-jostas","8":"first","9":"onbackorder","10":"product-type-simple"},"acf":[],"_links":{"self":[{"href":"https:\/\/kingarms.ee\/lv\/wp-json\/wp\/v2\/product\/147039","targetHints":{"allow":["GET"]}}],"collection":[{"href":"https:\/\/kingarms.ee\/lv\/wp-json\/wp\/v2\/product"}],"about":[{"href":"https:\/\/kingarms.ee\/lv\/wp-json\/wp\/v2\/types\/product"}],"wp:featuredmedia":[{"embeddable":true,"href":"https:\/\/kingarms.ee\/lv\/wp-json\/wp\/v2\/media\/106974"}],"wp:attachment":[{"href":"https:\/\/kingarms.ee\/lv\/wp-json\/wp\/v2\/media?parent=147039"}],"wp:term":[{"taxonomy":"product_brand","embeddable":true,"href":"https:\/\/kingarms.ee\/lv\/wp-json\/wp\/v2\/product_brand?post=147039"},{"taxonomy":"product_cat","embeddable":true,"href":"https:\/\/kingarms.ee\/lv\/wp-json\/wp\/v2\/product_cat?post=147039"},{"taxonomy":"product_tag","embeddable":true,"href":"https:\/\/kingarms.ee\/lv\/wp-json\/wp\/v2\/product_tag?post=147039"}],"curies":[{"name":"wp","href":"https:\/\/api.w.org\/{rel}","templated":true}]}}