{"id":147059,"date":"2019-10-16T17:38:12","date_gmt":"2025-03-11T12:57:30","guid":{"rendered":"https:\/\/kingarms.ee\/product\/hooldusoli-100ml-huntex-premium\/"},"modified":"2025-03-11T15:57:30","modified_gmt":"2025-03-11T12:57:30","slug":"hooldusoli-100ml-huntex-premium","status":"publish","type":"product","link":"https:\/\/kingarms.ee\/lv\/product\/hooldusoli-100ml-huntex-premium\/","title":{"rendered":"Hooldus\u00f5li 100ml (Huntex Premium)<br><br>"},"content":{"rendered":"<p><img loading=\"lazy\" decoding=\"async\" class=\"alignnone size-full wp-image-83459\" src=\"https:\/\/kingarms.ee\/wp-content\/uploads\/2019\/10\/0ba4fb57_3690_11ee_8cf0_54a05086629e_b9744118_36a7_11ee_8cf0_54a05086629e.webp\" alt=\"\" width=\"1500\" height=\"1500\" srcset=\"https:\/\/kingarms.ee\/wp-content\/uploads\/2019\/10\/0ba4fb57_3690_11ee_8cf0_54a05086629e_b9744118_36a7_11ee_8cf0_54a05086629e.webp 1500w, https:\/\/kingarms.ee\/wp-content\/uploads\/2019\/10\/0ba4fb57_3690_11ee_8cf0_54a05086629e_b9744118_36a7_11ee_8cf0_54a05086629e-300x300.webp 300w, https:\/\/kingarms.ee\/wp-content\/uploads\/2019\/10\/0ba4fb57_3690_11ee_8cf0_54a05086629e_b9744118_36a7_11ee_8cf0_54a05086629e-1024x1024.webp 1024w, https:\/\/kingarms.ee\/wp-content\/uploads\/2019\/10\/0ba4fb57_3690_11ee_8cf0_54a05086629e_b9744118_36a7_11ee_8cf0_54a05086629e-150x150.webp 150w, https:\/\/kingarms.ee\/wp-content\/uploads\/2019\/10\/0ba4fb57_3690_11ee_8cf0_54a05086629e_b9744118_36a7_11ee_8cf0_54a05086629e-768x768.webp 768w, https:\/\/kingarms.ee\/wp-content\/uploads\/2019\/10\/0ba4fb57_3690_11ee_8cf0_54a05086629e_b9744118_36a7_11ee_8cf0_54a05086629e-500x500.webp 500w\" sizes=\"auto, (max-width: 1500px) 100vw, 1500px\" \/><\/p>\n","protected":false},"excerpt":{"rendered":"<p>Hooldus\u00f5li 100ml (Huntex Premium)<\/p>\n<p>Iero\u010du e\u013c\u013ca CO2 kapsul\u0101m un gaisa iero\u010diem.<\/p>\n<p>Pirms CO2 kapsulas Uzst\u0101d\u012b\u0161anas katru tre\u0161o CO2 kapsulu ievietojiet pilienu.<\/p>\n<p>Produkts ir piem\u0113rots ar\u012b lieto\u0161anai ar \u0161aujamiero\u010diem.<\/p>\n","protected":false},"featured_media":130509,"template":"","meta":{"_acf_changed":false},"product_brand":[],"product_cat":[1012],"product_tag":[],"class_list":{"0":"post-147059","1":"product","2":"type-product","3":"status-publish","4":"has-post-thumbnail","6":"product_cat-ierocu-uzturesana","8":"first","9":"instock","10":"taxable","11":"shipping-taxable","12":"purchasable","13":"product-type-simple"},"acf":[],"_links":{"self":[{"href":"https:\/\/kingarms.ee\/lv\/wp-json\/wp\/v2\/product\/147059","targetHints":{"allow":["GET"]}}],"collection":[{"href":"https:\/\/kingarms.ee\/lv\/wp-json\/wp\/v2\/product"}],"about":[{"href":"https:\/\/kingarms.ee\/lv\/wp-json\/wp\/v2\/types\/product"}],"wp:featuredmedia":[{"embeddable":true,"href":"https:\/\/kingarms.ee\/lv\/wp-json\/wp\/v2\/media\/130509"}],"wp:attachment":[{"href":"https:\/\/kingarms.ee\/lv\/wp-json\/wp\/v2\/media?parent=147059"}],"wp:term":[{"taxonomy":"product_brand","embeddable":true,"href":"https:\/\/kingarms.ee\/lv\/wp-json\/wp\/v2\/product_brand?post=147059"},{"taxonomy":"product_cat","embeddable":true,"href":"https:\/\/kingarms.ee\/lv\/wp-json\/wp\/v2\/product_cat?post=147059"},{"taxonomy":"product_tag","embeddable":true,"href":"https:\/\/kingarms.ee\/lv\/wp-json\/wp\/v2\/product_tag?post=147059"}],"curies":[{"name":"wp","href":"https:\/\/api.w.org\/{rel}","templated":true}]}}