{"id":147061,"date":"2019-10-11T16:47:03","date_gmt":"2019-10-11T13:47:03","guid":{"rendered":"https:\/\/kingarms.ee\/product\/merka-vavere-metals\/"},"modified":"2025-03-11T16:01:52","modified_gmt":"2025-03-11T13:01:52","slug":"merka-vavere-metals","status":"publish","type":"product","link":"https:\/\/kingarms.ee\/lv\/product\/merka-vavere-metals\/","title":{"rendered":"M\u0113r\u0137a v\u0101vere (met\u0101ls)<br><br>"},"content":{"rendered":"<p><a href=\"https:\/\/kingarms.ee\/wp-content\/uploads\/2019\/10\/gamo-squirrel-field-target-500x500-300x300.jpg\"><img loading=\"lazy\" decoding=\"async\" class=\"alignnone size-medium wp-image-18737\" src=\"https:\/\/kingarms.ee\/wp-content\/uploads\/2019\/10\/gamo-squirrel-field-target-500x500-300x300.jpg\" alt=\"\" width=\"300\" height=\"300\" srcset=\"https:\/\/kingarms.ee\/wp-content\/uploads\/2019\/10\/gamo-squirrel-field-target-500x500-300x300.jpg 300w, https:\/\/kingarms.ee\/wp-content\/uploads\/2019\/10\/gamo-squirrel-field-target-500x500-150x150.jpg 150w, https:\/\/kingarms.ee\/wp-content\/uploads\/2019\/10\/gamo-squirrel-field-target-500x500.jpg 500w\" sizes=\"auto, (max-width: 300px) 100vw, 300px\" \/><\/a><\/p>\n","protected":false},"excerpt":{"rendered":"<p>Gaisa iero\u010du v\u0101veres formas m\u0113r\u0137im ir \u013coti iztur\u012bga t\u0113rauda konstrukcija.<\/p>\n<p> Dzelten\u0101s Embl\u0113mas izm\u0113rs ir regul\u0113jams diapazon\u0101 no 1,5 l\u012bdz 4 cm.<\/p>\n<p> Paredz\u0113ts lieto\u0161anai ar sk\u0101rda bumbi\u0146\u0101m.<\/p>\n<p> Fotograf\u0113jot ar t\u0113rauda lod\u0113m, noteikti ir j\u0101izmanto brilles, jo lodes var atlekt atpaka\u013c.<\/p>\n<p> Komplekt\u0101 ietilpst ar\u012b 60 m vads \u017eetona vilk\u0161anai vertik\u0101li un p\u0101\u013ci \u017eetona piestiprin\u0101\u0161anai pie zemes.<\/p>\n<p>Ieteicamais minim\u0101lais \u0161au\u0161anas diapazons: 9 m<\/p>\n<p>M\u00f5\u00f5dud: 17 x 19 x 20 cm<\/p>\n","protected":false},"featured_media":111309,"template":"","meta":{"_acf_changed":false},"product_brand":[],"product_cat":[1063],"product_tag":[],"class_list":{"0":"post-147061","1":"product","2":"type-product","3":"status-publish","4":"has-post-thumbnail","6":"product_cat-merki","8":"first","9":"instock","10":"taxable","11":"shipping-taxable","12":"purchasable","13":"product-type-simple"},"acf":[],"_links":{"self":[{"href":"https:\/\/kingarms.ee\/lv\/wp-json\/wp\/v2\/product\/147061","targetHints":{"allow":["GET"]}}],"collection":[{"href":"https:\/\/kingarms.ee\/lv\/wp-json\/wp\/v2\/product"}],"about":[{"href":"https:\/\/kingarms.ee\/lv\/wp-json\/wp\/v2\/types\/product"}],"wp:featuredmedia":[{"embeddable":true,"href":"https:\/\/kingarms.ee\/lv\/wp-json\/wp\/v2\/media\/111309"}],"wp:attachment":[{"href":"https:\/\/kingarms.ee\/lv\/wp-json\/wp\/v2\/media?parent=147061"}],"wp:term":[{"taxonomy":"product_brand","embeddable":true,"href":"https:\/\/kingarms.ee\/lv\/wp-json\/wp\/v2\/product_brand?post=147061"},{"taxonomy":"product_cat","embeddable":true,"href":"https:\/\/kingarms.ee\/lv\/wp-json\/wp\/v2\/product_cat?post=147061"},{"taxonomy":"product_tag","embeddable":true,"href":"https:\/\/kingarms.ee\/lv\/wp-json\/wp\/v2\/product_tag?post=147061"}],"curies":[{"name":"wp","href":"https:\/\/api.w.org\/{rel}","templated":true}]}}