{"id":147064,"date":"2019-05-14T12:50:02","date_gmt":"2025-03-11T13:19:14","guid":{"rendered":"https:\/\/kingarms.ee\/product\/sarkana-gaze-sarkana-gaze-nimrod-tactical\/"},"modified":"2025-03-11T16:19:14","modified_gmt":"2025-03-11T13:19:14","slug":"sarkana-gaze-sarkana-gaze-nimrod-tactical","status":"publish","type":"product","link":"https:\/\/kingarms.ee\/lv\/product\/sarkana-gaze-sarkana-gaze-nimrod-tactical\/","title":{"rendered":"Sarkan\u0101 g\u0101ze-sarkan\u0101 g\u0101ze (Nimrod Tactical)<br><br>"},"content":{"rendered":"<p><a href=\"https:\/\/kingarms.ee\/wp-content\/uploads\/2019\/05\/chrome_1vL0M9QUST-300x213.png\"><img loading=\"lazy\" decoding=\"async\" class=\"alignnone size-medium wp-image-15101\" src=\"https:\/\/kingarms.ee\/wp-content\/uploads\/2019\/05\/chrome_1vL0M9QUST-300x213.png\" alt=\"\" width=\"300\" height=\"213\" srcset=\"https:\/\/kingarms.ee\/wp-content\/uploads\/2019\/05\/chrome_1vL0M9QUST-300x213.png 300w, https:\/\/kingarms.ee\/wp-content\/uploads\/2019\/05\/chrome_1vL0M9QUST-150x107.png 150w, https:\/\/kingarms.ee\/wp-content\/uploads\/2019\/05\/chrome_1vL0M9QUST-500x356.png 500w, https:\/\/kingarms.ee\/wp-content\/uploads\/2019\/05\/chrome_1vL0M9QUST-768x546.png 768w, https:\/\/kingarms.ee\/wp-content\/uploads\/2019\/05\/chrome_1vL0M9QUST.png 1022w\" sizes=\"auto, (max-width: 300px) 100vw, 300px\" \/><\/a><\/p>\n","protected":false},"excerpt":{"rendered":"<p>Sarkan\u0101 g\u0101ze-sarkan\u0101 g\u0101ze (Nimrod Tactical)<\/p>\n<p>Jaud\u012bga g\u0101ze lieto\u0161anai visu gadu, ar\u012b ziem\u0101.<\/p>\n<p> Piem\u0113rots daudziem airsoft pistol\u0113m un \u0161auten\u0113m.<\/p>\n<p> Nav piem\u0113rots \u013coti aukst\u0101m ziemas temperat\u016br\u0101m, pistol\u0113m un \u0161auten\u0113m, kas izgatavotas Jap\u0101n\u0101.<\/p>\n<p> Tam ir \u013coti stabils G\u0101zes spiediens, izcila trajektorijas kontrole, zemas temperat\u016bras efektivit\u0101te un tas iev\u0113rojami palielina j\u016bsu iero\u010da veiktsp\u0113ju.<\/p>\n<p>Spiediens pie 20. C: 1.2 MPa \/ 174 Psi \/ 12 bar<\/p>\n<p>Ietilp\u012bba: 1000ml<\/p>\n<p>Uzpildes daudzums: 260g \/ 500ml<\/p>\n","protected":false},"featured_media":109832,"template":"","meta":{"_acf_changed":false},"product_brand":[],"product_cat":[1108],"product_tag":[],"class_list":{"0":"post-147064","1":"product","2":"type-product","3":"status-publish","4":"has-post-thumbnail","6":"product_cat-co2-un-ella","8":"first","9":"instock","10":"taxable","11":"shipping-taxable","12":"purchasable","13":"product-type-simple"},"acf":[],"_links":{"self":[{"href":"https:\/\/kingarms.ee\/lv\/wp-json\/wp\/v2\/product\/147064","targetHints":{"allow":["GET"]}}],"collection":[{"href":"https:\/\/kingarms.ee\/lv\/wp-json\/wp\/v2\/product"}],"about":[{"href":"https:\/\/kingarms.ee\/lv\/wp-json\/wp\/v2\/types\/product"}],"wp:featuredmedia":[{"embeddable":true,"href":"https:\/\/kingarms.ee\/lv\/wp-json\/wp\/v2\/media\/109832"}],"wp:attachment":[{"href":"https:\/\/kingarms.ee\/lv\/wp-json\/wp\/v2\/media?parent=147064"}],"wp:term":[{"taxonomy":"product_brand","embeddable":true,"href":"https:\/\/kingarms.ee\/lv\/wp-json\/wp\/v2\/product_brand?post=147064"},{"taxonomy":"product_cat","embeddable":true,"href":"https:\/\/kingarms.ee\/lv\/wp-json\/wp\/v2\/product_cat?post=147064"},{"taxonomy":"product_tag","embeddable":true,"href":"https:\/\/kingarms.ee\/lv\/wp-json\/wp\/v2\/product_tag?post=147064"}],"curies":[{"name":"wp","href":"https:\/\/api.w.org\/{rel}","templated":true}]}}