{"id":147070,"date":"2019-03-21T23:15:25","date_gmt":"2019-03-21T20:15:25","guid":{"rendered":"https:\/\/kingarms.ee\/product\/nitro-inde-crosman\/"},"modified":"2025-03-11T16:35:28","modified_gmt":"2025-03-11T13:35:28","slug":"nitro-inde-crosman","status":"publish","type":"product","link":"https:\/\/kingarms.ee\/lv\/product\/nitro-inde-crosman\/","title":{"rendered":"NITRO inde (Crosman)<br><br>"},"content":{"rendered":"<p><a href=\"https:\/\/kingarms.ee\/wp-content\/uploads\/2019\/03\/PY-2401_Crosman-Nitro-Venom-Air_1466428356-300x214.jpg\"><img loading=\"lazy\" decoding=\"async\" class=\"alignnone size-medium wp-image-13393\" src=\"https:\/\/kingarms.ee\/wp-content\/uploads\/2019\/03\/PY-2401_Crosman-Nitro-Venom-Air_1466428356-300x214.jpg\" alt=\"\" width=\"300\" height=\"214\" srcset=\"https:\/\/kingarms.ee\/wp-content\/uploads\/2019\/03\/PY-2401_Crosman-Nitro-Venom-Air_1466428356-300x214.jpg 300w, https:\/\/kingarms.ee\/wp-content\/uploads\/2019\/03\/PY-2401_Crosman-Nitro-Venom-Air_1466428356-150x107.jpg 150w, https:\/\/kingarms.ee\/wp-content\/uploads\/2019\/03\/PY-2401_Crosman-Nitro-Venom-Air_1466428356-500x357.jpg 500w, https:\/\/kingarms.ee\/wp-content\/uploads\/2019\/03\/PY-2401_Crosman-Nitro-Venom-Air_1466428356.jpg 700w\" sizes=\"auto, (max-width: 300px) 100vw, 300px\" \/><\/a><\/p>\n","protected":false},"excerpt":{"rendered":"<p>NITRO inde (Crosman)<\/p>\n<p>S\u0101kotn\u0113jais purna \u0101trums 305 m \/ s<\/p>\n<p>Kalibrs 4,5 mm<\/p>\n<p>Mun\u012bcijas Tips: svina lodes<\/p>\n<p>Svars 3.45 kg<\/p>\n<p>G\u0101zes atsperes meh\u0101nisms (patent\u0113ta Crosman Nitro virzu\u013cu sist\u0113ma)<\/p>\n<p>Optiskais skats apskates objektiem (centr\u0101lais punkts 3-9&#215;32)<\/p>\n","protected":false},"featured_media":109134,"template":"","meta":{"_acf_changed":false},"product_brand":[],"product_cat":[1004,1007],"product_tag":[],"class_list":{"0":"post-147070","1":"product","2":"type-product","3":"status-publish","4":"has-post-thumbnail","6":"product_cat-lidmasinas","7":"product_cat-snaipera-pistoles-lv","9":"first","10":"instock","11":"sale","12":"taxable","13":"shipping-taxable","14":"purchasable","15":"product-type-simple"},"acf":[],"_links":{"self":[{"href":"https:\/\/kingarms.ee\/lv\/wp-json\/wp\/v2\/product\/147070","targetHints":{"allow":["GET"]}}],"collection":[{"href":"https:\/\/kingarms.ee\/lv\/wp-json\/wp\/v2\/product"}],"about":[{"href":"https:\/\/kingarms.ee\/lv\/wp-json\/wp\/v2\/types\/product"}],"wp:featuredmedia":[{"embeddable":true,"href":"https:\/\/kingarms.ee\/lv\/wp-json\/wp\/v2\/media\/109134"}],"wp:attachment":[{"href":"https:\/\/kingarms.ee\/lv\/wp-json\/wp\/v2\/media?parent=147070"}],"wp:term":[{"taxonomy":"product_brand","embeddable":true,"href":"https:\/\/kingarms.ee\/lv\/wp-json\/wp\/v2\/product_brand?post=147070"},{"taxonomy":"product_cat","embeddable":true,"href":"https:\/\/kingarms.ee\/lv\/wp-json\/wp\/v2\/product_cat?post=147070"},{"taxonomy":"product_tag","embeddable":true,"href":"https:\/\/kingarms.ee\/lv\/wp-json\/wp\/v2\/product_tag?post=147070"}],"curies":[{"name":"wp","href":"https:\/\/api.w.org\/{rel}","templated":true}]}}