{"id":147075,"date":"2019-01-08T19:21:43","date_gmt":"2025-03-11T13:44:12","guid":{"rendered":"https:\/\/kingarms.ee\/product\/taktiska-josta-melna\/"},"modified":"2025-03-11T16:44:12","modified_gmt":"2025-03-11T13:44:12","slug":"taktiska-josta-melna","status":"publish","type":"product","link":"https:\/\/kingarms.ee\/lv\/product\/taktiska-josta-melna\/","title":{"rendered":"Taktisk\u0101 josta-Melna<br><br>"},"content":{"rendered":"<p><a href=\"https:\/\/kingarms.ee\/wp-content\/uploads\/2019\/01\/1152193277_1-300x200.jpg\"><img loading=\"lazy\" decoding=\"async\" class=\"alignnone size-medium wp-image-11150\" src=\"https:\/\/kingarms.ee\/wp-content\/uploads\/2019\/01\/1152193277_1-300x200.jpg\" alt=\"\" width=\"300\" height=\"200\" srcset=\"https:\/\/kingarms.ee\/wp-content\/uploads\/2019\/01\/1152193277_1-300x200.jpg 300w, https:\/\/kingarms.ee\/wp-content\/uploads\/2019\/01\/1152193277_1-150x100.jpg 150w, https:\/\/kingarms.ee\/wp-content\/uploads\/2019\/01\/1152193277_1-500x333.jpg 500w, https:\/\/kingarms.ee\/wp-content\/uploads\/2019\/01\/1152193277_1-768x512.jpg 768w, https:\/\/kingarms.ee\/wp-content\/uploads\/2019\/01\/1152193277_1.jpg 800w\" sizes=\"auto, (max-width: 300px) 100vw, 300px\" \/><\/a><\/p>\n","protected":false},"excerpt":{"rendered":"<p>Taktisk\u0101 josta-Melna<\/p>\n<p>Taktisk\u0101 josta no neilona.<\/p>\n<p> \u0100\u0137i p\u0101rkl\u0101ti vis\u0101 garum\u0101, kas \u013cauj regul\u0113t garumu robe\u017e\u0101s l\u012bdz 1000 mm.<\/p>\n","protected":false},"featured_media":108274,"template":"","meta":{"_acf_changed":false},"product_brand":[],"product_cat":[1090],"product_tag":[],"class_list":{"0":"post-147075","1":"product","2":"type-product","3":"status-publish","4":"has-post-thumbnail","6":"product_cat-ipsc-jostas","8":"first","9":"instock","10":"sale","11":"taxable","12":"shipping-taxable","13":"purchasable","14":"product-type-simple"},"acf":[],"_links":{"self":[{"href":"https:\/\/kingarms.ee\/lv\/wp-json\/wp\/v2\/product\/147075","targetHints":{"allow":["GET"]}}],"collection":[{"href":"https:\/\/kingarms.ee\/lv\/wp-json\/wp\/v2\/product"}],"about":[{"href":"https:\/\/kingarms.ee\/lv\/wp-json\/wp\/v2\/types\/product"}],"wp:featuredmedia":[{"embeddable":true,"href":"https:\/\/kingarms.ee\/lv\/wp-json\/wp\/v2\/media\/108274"}],"wp:attachment":[{"href":"https:\/\/kingarms.ee\/lv\/wp-json\/wp\/v2\/media?parent=147075"}],"wp:term":[{"taxonomy":"product_brand","embeddable":true,"href":"https:\/\/kingarms.ee\/lv\/wp-json\/wp\/v2\/product_brand?post=147075"},{"taxonomy":"product_cat","embeddable":true,"href":"https:\/\/kingarms.ee\/lv\/wp-json\/wp\/v2\/product_cat?post=147075"},{"taxonomy":"product_tag","embeddable":true,"href":"https:\/\/kingarms.ee\/lv\/wp-json\/wp\/v2\/product_tag?post=147075"}],"curies":[{"name":"wp","href":"https:\/\/api.w.org\/{rel}","templated":true}]}}