{"id":147082,"date":"2018-08-31T11:09:13","date_gmt":"2025-03-11T14:03:36","guid":{"rendered":"https:\/\/kingarms.ee\/product\/e1000-ugunsgreka-meritaja-atrums\/"},"modified":"2025-03-11T17:03:36","modified_gmt":"2025-03-11T14:03:36","slug":"e1000-ugunsgreka-meritaja-atrums","status":"publish","type":"product","link":"https:\/\/kingarms.ee\/lv\/product\/e1000-ugunsgreka-meritaja-atrums\/","title":{"rendered":"E1000 ugunsgr\u0113ka m\u0113r\u012bt\u0101ja \u0101trums<br><br>"},"content":{"rendered":"<p><a href=\"https:\/\/kingarms.ee\/wp-content\/uploads\/2018\/06\/1152206246_1.jpg\"><img loading=\"lazy\" decoding=\"async\" class=\"alignnone size-medium wp-image-3287\" src=\"https:\/\/kingarms.ee\/wp-content\/uploads\/2018\/06\/1152206246_1-300x200.jpg\" alt=\"\" width=\"300\" height=\"200\"><\/a><\/p>\n","protected":false},"excerpt":{"rendered":"<p>E1000 ugunsgr\u0113ka m\u0113r\u012bt\u0101ja \u0101trums<\/p>\n<p>Izgatavots no polim\u0113ra apdedzin\u0101\u0161anas \u0101truma m\u0113r\u012bt\u0101ja.<\/p>\n<p> Detektoru komplekts ar augstu jut\u012bbu nodro\u0161ina prec\u012bzu m\u0113r\u012bjumu.<\/p>\n<p> Tas ir apr\u012bkots ar komplektu, kas \u013cauj \u0113rt\u0101k izmantot komplekt\u0101 iek\u013cauto stat\u012bvu.<\/p>\n<p>Katram tehni\u0137im ir svar\u012bgs r\u012bks, kas ir \u013coti noder\u012bgs katrai airsoft komandai.<\/p>\n<p> Darbojas ar 4 AAA baterij\u0101m.<\/p>\n<p>Komplekt\u0101 ietilpst:<\/p>\n<p>&#8211; M\u0113rinstruments<\/p>\n<p>&#8211; stat\u012bvs<\/p>\n<p>&#8211; rokasgr\u0101mata<\/p>\n","protected":false},"featured_media":106839,"template":"","meta":{"_acf_changed":false},"product_brand":[],"product_cat":[1114],"product_tag":[],"class_list":{"0":"post-147082","1":"product","2":"type-product","3":"status-publish","4":"has-post-thumbnail","6":"product_cat-hronografi","8":"first","9":"instock","10":"purchasable","11":"product-type-simple"},"acf":[],"_links":{"self":[{"href":"https:\/\/kingarms.ee\/lv\/wp-json\/wp\/v2\/product\/147082","targetHints":{"allow":["GET"]}}],"collection":[{"href":"https:\/\/kingarms.ee\/lv\/wp-json\/wp\/v2\/product"}],"about":[{"href":"https:\/\/kingarms.ee\/lv\/wp-json\/wp\/v2\/types\/product"}],"wp:featuredmedia":[{"embeddable":true,"href":"https:\/\/kingarms.ee\/lv\/wp-json\/wp\/v2\/media\/106839"}],"wp:attachment":[{"href":"https:\/\/kingarms.ee\/lv\/wp-json\/wp\/v2\/media?parent=147082"}],"wp:term":[{"taxonomy":"product_brand","embeddable":true,"href":"https:\/\/kingarms.ee\/lv\/wp-json\/wp\/v2\/product_brand?post=147082"},{"taxonomy":"product_cat","embeddable":true,"href":"https:\/\/kingarms.ee\/lv\/wp-json\/wp\/v2\/product_cat?post=147082"},{"taxonomy":"product_tag","embeddable":true,"href":"https:\/\/kingarms.ee\/lv\/wp-json\/wp\/v2\/product_tag?post=147082"}],"curies":[{"name":"wp","href":"https:\/\/api.w.org\/{rel}","templated":true}]}}