{"id":147084,"date":"2018-08-31T11:09:13","date_gmt":"2025-03-11T14:08:36","guid":{"rendered":"https:\/\/kingarms.ee\/product\/m4-m16-siksnas-montazas-plaksne\/"},"modified":"2025-03-11T17:08:36","modified_gmt":"2025-03-11T14:08:36","slug":"m4-m16-siksnas-montazas-plaksne","status":"publish","type":"product","link":"https:\/\/kingarms.ee\/lv\/product\/m4-m16-siksnas-montazas-plaksne\/","title":{"rendered":"M4 \/ M16 siksnas mont\u0101\u017eas pl\u0101ksne<br><br>"},"content":{"rendered":"<p><a href=\"https:\/\/kingarms.ee\/wp-content\/uploads\/2018\/06\/1152218266_1.jpg\"><img loading=\"lazy\" decoding=\"async\" class=\"alignnone size-medium wp-image-3276\" src=\"https:\/\/kingarms.ee\/wp-content\/uploads\/2018\/06\/1152218266_1-300x200.jpg\" alt=\"\" width=\"300\" height=\"200\"><\/a><\/p>\n","protected":false},"excerpt":{"rendered":"<p>M4 \/ M16 siksnas mont\u0101\u017eas pl\u0101ksne<\/p>\n<p>Sienas stiprin\u0101jums izgatavots no t\u0113rauda, kas \u013cauj ieroci piestiprin\u0101t pie iero\u010da un p\u0113c tam izmantot iero\u010da jostas stiprin\u0101\u0161anai.<\/p>\n","protected":false},"featured_media":106837,"template":"","meta":{"_acf_changed":false},"product_brand":[],"product_cat":[1050,1089],"product_tag":[],"class_list":{"0":"post-147084","1":"product","2":"type-product","3":"status-publish","4":"has-post-thumbnail","6":"product_cat-outs-meastpia-exacaus","7":"product_cat-rokturi-gredzeni-jostas","9":"first","10":"instock","11":"purchasable","12":"product-type-simple"},"acf":[],"_links":{"self":[{"href":"https:\/\/kingarms.ee\/lv\/wp-json\/wp\/v2\/product\/147084","targetHints":{"allow":["GET"]}}],"collection":[{"href":"https:\/\/kingarms.ee\/lv\/wp-json\/wp\/v2\/product"}],"about":[{"href":"https:\/\/kingarms.ee\/lv\/wp-json\/wp\/v2\/types\/product"}],"wp:featuredmedia":[{"embeddable":true,"href":"https:\/\/kingarms.ee\/lv\/wp-json\/wp\/v2\/media\/106837"}],"wp:attachment":[{"href":"https:\/\/kingarms.ee\/lv\/wp-json\/wp\/v2\/media?parent=147084"}],"wp:term":[{"taxonomy":"product_brand","embeddable":true,"href":"https:\/\/kingarms.ee\/lv\/wp-json\/wp\/v2\/product_brand?post=147084"},{"taxonomy":"product_cat","embeddable":true,"href":"https:\/\/kingarms.ee\/lv\/wp-json\/wp\/v2\/product_cat?post=147084"},{"taxonomy":"product_tag","embeddable":true,"href":"https:\/\/kingarms.ee\/lv\/wp-json\/wp\/v2\/product_tag?post=147084"}],"curies":[{"name":"wp","href":"https:\/\/api.w.org\/{rel}","templated":true}]}}