{"id":147088,"date":"2018-08-31T11:09:13","date_gmt":"2025-03-11T14:15:43","guid":{"rendered":"https:\/\/kingarms.ee\/product\/2-punkti-relvarihm-tan-black-olive\/"},"modified":"2025-03-11T17:15:43","modified_gmt":"2025-03-11T14:15:43","slug":"2-punkti-relvarihm-tan-black-olive","status":"publish","type":"product","link":"https:\/\/kingarms.ee\/lv\/product\/2-punkti-relvarihm-tan-black-olive\/","title":{"rendered":"2-PUNKTI RELVARIHM (Tan Black Olive)<br><br>"},"content":{"rendered":"<p><a href=\"https:\/\/kingarms.ee\/wp-content\/uploads\/2018\/06\/1152203338_1.jpg\"><img loading=\"lazy\" decoding=\"async\" class=\"alignnone size-medium wp-image-3198\" src=\"https:\/\/kingarms.ee\/wp-content\/uploads\/2018\/06\/1152203338_1-300x200.jpg\" alt=\"\" width=\"300\" height=\"200\"><\/a><\/p>\n","protected":false},"excerpt":{"rendered":"<p>2-PUNKTI RELVARIHM (Tan Black Olive)<\/p>\n<p>2 punktu pistoles josta za\u013c\u0101, iedeguma un meln\u0101 kr\u0101s\u0101 ir izgatavota no neilona.<\/p>\n<p>Ir iesp\u0113jams noregul\u0113t siksnu.<\/p>\n","protected":false},"featured_media":106808,"template":"","meta":{"_acf_changed":false},"product_brand":[],"product_cat":[1068],"product_tag":[],"class_list":{"0":"post-147088","1":"product","2":"type-product","3":"status-publish","4":"has-post-thumbnail","6":"product_cat-ierocu-siksnas","8":"first","9":"instock","10":"purchasable","11":"product-type-simple"},"acf":[],"_links":{"self":[{"href":"https:\/\/kingarms.ee\/lv\/wp-json\/wp\/v2\/product\/147088","targetHints":{"allow":["GET"]}}],"collection":[{"href":"https:\/\/kingarms.ee\/lv\/wp-json\/wp\/v2\/product"}],"about":[{"href":"https:\/\/kingarms.ee\/lv\/wp-json\/wp\/v2\/types\/product"}],"wp:featuredmedia":[{"embeddable":true,"href":"https:\/\/kingarms.ee\/lv\/wp-json\/wp\/v2\/media\/106808"}],"wp:attachment":[{"href":"https:\/\/kingarms.ee\/lv\/wp-json\/wp\/v2\/media?parent=147088"}],"wp:term":[{"taxonomy":"product_brand","embeddable":true,"href":"https:\/\/kingarms.ee\/lv\/wp-json\/wp\/v2\/product_brand?post=147088"},{"taxonomy":"product_cat","embeddable":true,"href":"https:\/\/kingarms.ee\/lv\/wp-json\/wp\/v2\/product_cat?post=147088"},{"taxonomy":"product_tag","embeddable":true,"href":"https:\/\/kingarms.ee\/lv\/wp-json\/wp\/v2\/product_tag?post=147088"}],"curies":[{"name":"wp","href":"https:\/\/api.w.org\/{rel}","templated":true}]}}