{"id":147092,"date":"2018-08-31T11:09:13","date_gmt":"2025-03-11T14:21:26","guid":{"rendered":"https:\/\/kingarms.ee\/product\/papira-merkis\/"},"modified":"2025-03-11T17:21:26","modified_gmt":"2025-03-11T14:21:26","slug":"papira-merkis","status":"publish","type":"product","link":"https:\/\/kingarms.ee\/lv\/product\/papira-merkis\/","title":{"rendered":"Pap\u012bra m\u0113r\u0137is<br><br>"},"content":{"rendered":"<p><a href=\"https:\/\/kingarms.ee\/wp-content\/uploads\/2018\/06\/1152218851_1.png\"><img loading=\"lazy\" decoding=\"async\" class=\"alignnone size-medium wp-image-3188\" src=\"https:\/\/kingarms.ee\/wp-content\/uploads\/2018\/06\/1152218851_1-300x300.png\" alt=\"\" width=\"300\" height=\"300\"><\/a><\/p>\n","protected":false},"excerpt":{"rendered":"<p>Pap\u012bra m\u0113r\u0137is<\/p>\n<p>1tk-0.99 EUR<\/p>\n","protected":false},"featured_media":131978,"template":"","meta":{"_acf_changed":false},"product_brand":[],"product_cat":[1063,1050],"product_tag":[],"class_list":{"0":"post-147092","1":"product","2":"type-product","3":"status-publish","4":"has-post-thumbnail","6":"product_cat-merki","7":"product_cat-outs-meastpia-exacaus","9":"first","10":"instock","11":"purchasable","12":"product-type-simple"},"acf":[],"_links":{"self":[{"href":"https:\/\/kingarms.ee\/lv\/wp-json\/wp\/v2\/product\/147092","targetHints":{"allow":["GET"]}}],"collection":[{"href":"https:\/\/kingarms.ee\/lv\/wp-json\/wp\/v2\/product"}],"about":[{"href":"https:\/\/kingarms.ee\/lv\/wp-json\/wp\/v2\/types\/product"}],"wp:featuredmedia":[{"embeddable":true,"href":"https:\/\/kingarms.ee\/lv\/wp-json\/wp\/v2\/media\/131978"}],"wp:attachment":[{"href":"https:\/\/kingarms.ee\/lv\/wp-json\/wp\/v2\/media?parent=147092"}],"wp:term":[{"taxonomy":"product_brand","embeddable":true,"href":"https:\/\/kingarms.ee\/lv\/wp-json\/wp\/v2\/product_brand?post=147092"},{"taxonomy":"product_cat","embeddable":true,"href":"https:\/\/kingarms.ee\/lv\/wp-json\/wp\/v2\/product_cat?post=147092"},{"taxonomy":"product_tag","embeddable":true,"href":"https:\/\/kingarms.ee\/lv\/wp-json\/wp\/v2\/product_tag?post=147092"}],"curies":[{"name":"wp","href":"https:\/\/api.w.org\/{rel}","templated":true}]}}