{"id":147102,"date":"2018-08-31T11:09:08","date_gmt":"2025-03-11T14:34:33","guid":{"rendered":"https:\/\/kingarms.ee\/product\/pdw15-ar-g-amp-g\/"},"modified":"2025-03-11T17:34:33","modified_gmt":"2025-03-11T14:34:33","slug":"pdw15-ar-g-amp-g","status":"publish","type":"product","link":"https:\/\/kingarms.ee\/lv\/product\/pdw15-ar-g-amp-g\/","title":{"rendered":"PDW15-AR (G &amp; amp; G)<br><br>"},"content":{"rendered":"<p><a href=\"https:\/\/kingarms.ee\/wp-content\/uploads\/2018\/05\/1152214317_1.jpg\"><img loading=\"lazy\" decoding=\"async\" class=\"alignnone size-medium wp-image-4005\" src=\"https:\/\/kingarms.ee\/wp-content\/uploads\/2018\/05\/1152214317_1-300x200.jpg\" alt=\"\" width=\"300\" height=\"200\"><\/a><\/p>\n","protected":false},"excerpt":{"rendered":"<p>PDW15-AR (G &amp; amp; G)<\/p>\n<p>Ierocis ir izgatavots no met\u0101la un polim\u0113ra<\/p>\n<p>Pistoles garums: 690-780 mm<\/p>\n<p>Papl\u0101tes ietilp\u012bba: 300 bumbi\u0146as<\/p>\n<p>Hop Up: Regul\u0113jams<\/p>\n<p>\u0160au\u0161anas \u0101trums: 122 m \/ s<\/p>\n<p>Svars: 2800 g<\/p>\n","protected":false},"featured_media":106689,"template":"","meta":{"_acf_changed":false},"product_brand":[],"product_cat":[996,1001],"product_tag":[1317],"class_list":{"0":"post-147102","1":"product","2":"type-product","3":"status-publish","4":"has-post-thumbnail","6":"product_cat-ierocis","7":"product_cat-tirdzniecibas-automati","8":"product_tag-4blss3ph-lv","10":"first","11":"onbackorder","12":"product-type-simple"},"acf":[],"_links":{"self":[{"href":"https:\/\/kingarms.ee\/lv\/wp-json\/wp\/v2\/product\/147102","targetHints":{"allow":["GET"]}}],"collection":[{"href":"https:\/\/kingarms.ee\/lv\/wp-json\/wp\/v2\/product"}],"about":[{"href":"https:\/\/kingarms.ee\/lv\/wp-json\/wp\/v2\/types\/product"}],"wp:featuredmedia":[{"embeddable":true,"href":"https:\/\/kingarms.ee\/lv\/wp-json\/wp\/v2\/media\/106689"}],"wp:attachment":[{"href":"https:\/\/kingarms.ee\/lv\/wp-json\/wp\/v2\/media?parent=147102"}],"wp:term":[{"taxonomy":"product_brand","embeddable":true,"href":"https:\/\/kingarms.ee\/lv\/wp-json\/wp\/v2\/product_brand?post=147102"},{"taxonomy":"product_cat","embeddable":true,"href":"https:\/\/kingarms.ee\/lv\/wp-json\/wp\/v2\/product_cat?post=147102"},{"taxonomy":"product_tag","embeddable":true,"href":"https:\/\/kingarms.ee\/lv\/wp-json\/wp\/v2\/product_tag?post=147102"}],"curies":[{"name":"wp","href":"https:\/\/api.w.org\/{rel}","templated":true}]}}