{"id":147116,"date":"2018-08-31T11:08:45","date_gmt":"2025-03-11T15:08:56","guid":{"rendered":"https:\/\/kingarms.ee\/product\/aizsargmaska-zala-2\/"},"modified":"2025-03-11T18:08:56","modified_gmt":"2025-03-11T15:08:56","slug":"aizsargmaska-zala-2","status":"publish","type":"product","link":"https:\/\/kingarms.ee\/lv\/product\/aizsargmaska-zala-2\/","title":{"rendered":"Aizsargmaska-Za\u013ca<br><br>"},"content":{"rendered":"<p><a href=\"https:\/\/kingarms.ee\/wp-content\/uploads\/2018\/03\/1152198290_1.jpg\"><img loading=\"lazy\" decoding=\"async\" class=\"size-medium wp-image-1686\" src=\"https:\/\/kingarms.ee\/wp-content\/uploads\/2018\/03\/1152198290_1-300x204.jpg\" alt=\"\" width=\"300\" height=\"204\"><\/a><\/p>\n","protected":false},"excerpt":{"rendered":"<p>Aizsargmaska-Za\u013ca<\/p>\n<p>Maska sast\u0101v no aizsargbrill\u0113m, da\u013c\u0101m, kas ap seju un kaklu, un citas ir izgatavotas no gumijas un plastmasas.<\/p>\n<p> Brilles iek\u0161pus\u0113 ir m\u012bksts sl\u0101nis, kas samazina kairin\u0101jumu un sejas traumas.<\/p>\n<p> Brilles ir apr\u012bkotas ar ventil\u0101cijas atver\u0113m, kas samazina tvaiku uzkr\u0101\u0161anos uz brill\u0113m.<\/p>\n<p> Elast\u012bgo galvas stiprin\u0101juma stieni var noregul\u0113t.<\/p>\n<p> Maska ir piln\u012bgi modul\u0101ra-da\u017eus elementus var no\u0146emt, brilles var ar\u012b piln\u012bb\u0101 no\u0146emt.<\/p>\n","protected":false},"featured_media":105689,"template":"","meta":{"_acf_changed":false},"product_brand":[],"product_cat":[1087,1081],"product_tag":[],"class_list":{"0":"post-147116","1":"product","2":"type-product","3":"status-publish","4":"has-post-thumbnail","6":"product_cat-aprikojums","7":"product_cat-bez-kiveres-stiprinajuma","9":"first","10":"onbackorder","11":"product-type-simple"},"acf":[],"_links":{"self":[{"href":"https:\/\/kingarms.ee\/lv\/wp-json\/wp\/v2\/product\/147116","targetHints":{"allow":["GET"]}}],"collection":[{"href":"https:\/\/kingarms.ee\/lv\/wp-json\/wp\/v2\/product"}],"about":[{"href":"https:\/\/kingarms.ee\/lv\/wp-json\/wp\/v2\/types\/product"}],"wp:featuredmedia":[{"embeddable":true,"href":"https:\/\/kingarms.ee\/lv\/wp-json\/wp\/v2\/media\/105689"}],"wp:attachment":[{"href":"https:\/\/kingarms.ee\/lv\/wp-json\/wp\/v2\/media?parent=147116"}],"wp:term":[{"taxonomy":"product_brand","embeddable":true,"href":"https:\/\/kingarms.ee\/lv\/wp-json\/wp\/v2\/product_brand?post=147116"},{"taxonomy":"product_cat","embeddable":true,"href":"https:\/\/kingarms.ee\/lv\/wp-json\/wp\/v2\/product_cat?post=147116"},{"taxonomy":"product_tag","embeddable":true,"href":"https:\/\/kingarms.ee\/lv\/wp-json\/wp\/v2\/product_tag?post=147116"}],"curies":[{"name":"wp","href":"https:\/\/api.w.org\/{rel}","templated":true}]}}