{"id":147124,"date":"2018-08-31T08:08:41","date_gmt":"2025-03-11T15:18:49","guid":{"rendered":"https:\/\/kingarms.ee\/product\/maskesanas-lente-flecktarn\/"},"modified":"2025-03-11T18:18:49","modified_gmt":"2025-03-11T15:18:49","slug":"maskesanas-lente-flecktarn","status":"publish","type":"product","link":"https:\/\/kingarms.ee\/lv\/product\/maskesanas-lente-flecktarn\/","title":{"rendered":"Mask\u0113\u0161anas Lente-Flecktarn<br><br>"},"content":{"rendered":"<p><a href=\"https:\/\/kingarms.ee\/wp-content\/uploads\/2018\/02\/1152209837_1.jpg\"><img loading=\"lazy\" decoding=\"async\" class=\"alignnone size-medium wp-image-3576\" src=\"https:\/\/kingarms.ee\/wp-content\/uploads\/2018\/02\/1152209837_1-300x200.jpg\" alt=\"\" width=\"300\" height=\"200\"><\/a><\/p>\n","protected":false},"excerpt":{"rendered":"<p>Mask\u0113\u0161anas lente ir laba alternat\u012bva cilv\u0113kiem, kuri nev\u0113las kr\u0101sot savu ieroci, lai tos lab\u0101k mask\u0113tu.<\/p>\n<p> Papildus mask\u0113\u0161anai lente nodro\u0161ina aizsardz\u012bbu pret skr\u0101p\u0113jumiem.<\/p>\n<p> Flecktarn<\/p>\n","protected":false},"featured_media":105648,"template":"","meta":{"_acf_changed":false},"product_brand":[],"product_cat":[1064,1050],"product_tag":[],"class_list":{"0":"post-147124","1":"product","2":"type-product","3":"status-publish","4":"has-post-thumbnail","6":"product_cat-krasas-un-maskesana","7":"product_cat-outs-meastpia-exacaus","9":"first","10":"instock","11":"purchasable","12":"product-type-simple"},"acf":[],"_links":{"self":[{"href":"https:\/\/kingarms.ee\/lv\/wp-json\/wp\/v2\/product\/147124","targetHints":{"allow":["GET"]}}],"collection":[{"href":"https:\/\/kingarms.ee\/lv\/wp-json\/wp\/v2\/product"}],"about":[{"href":"https:\/\/kingarms.ee\/lv\/wp-json\/wp\/v2\/types\/product"}],"wp:featuredmedia":[{"embeddable":true,"href":"https:\/\/kingarms.ee\/lv\/wp-json\/wp\/v2\/media\/105648"}],"wp:attachment":[{"href":"https:\/\/kingarms.ee\/lv\/wp-json\/wp\/v2\/media?parent=147124"}],"wp:term":[{"taxonomy":"product_brand","embeddable":true,"href":"https:\/\/kingarms.ee\/lv\/wp-json\/wp\/v2\/product_brand?post=147124"},{"taxonomy":"product_cat","embeddable":true,"href":"https:\/\/kingarms.ee\/lv\/wp-json\/wp\/v2\/product_cat?post=147124"},{"taxonomy":"product_tag","embeddable":true,"href":"https:\/\/kingarms.ee\/lv\/wp-json\/wp\/v2\/product_tag?post=147124"}],"curies":[{"name":"wp","href":"https:\/\/api.w.org\/{rel}","templated":true}]}}