{"id":147126,"date":"2018-08-31T11:08:41","date_gmt":"2025-03-11T15:23:35","guid":{"rendered":"https:\/\/kingarms.ee\/product\/3x9x40-r6-optiline-sihik-bsa\/"},"modified":"2025-03-11T18:23:35","modified_gmt":"2025-03-11T15:23:35","slug":"3x9x40-r6-optiline-sihik-bsa","status":"publish","type":"product","link":"https:\/\/kingarms.ee\/lv\/product\/3x9x40-r6-optiline-sihik-bsa\/","title":{"rendered":"3x9x40 R6 optiline sihik (BSA)<br><br>"},"content":{"rendered":"<p><a href=\"https:\/\/kingarms.ee\/wp-content\/uploads\/2018\/02\/eng_pl_3-9x40-r6-scope-1152197311_1.jpg\"><img loading=\"lazy\" decoding=\"async\" class=\"alignnone size-medium wp-image-1568\" src=\"https:\/\/kingarms.ee\/wp-content\/uploads\/2018\/02\/eng_pl_3-9x40-r6-scope-1152197311_1-300x200.jpg\" alt=\"\" width=\"300\" height=\"200\"><\/a><\/p>\n","protected":false},"excerpt":{"rendered":"<p>3x9x40 R6 optiline sihik (BSA)<\/p>\n<p>3-9x40eg mil-dot tipa optiskais skats.<\/p>\n<p> Redzi var manu\u0101li noregul\u0113t visos virzienos.<\/p>\n<p> Produkta korpuss ir izgatavots no met\u0101la.<\/p>\n<p>Iek\u013cauts ar\u012b 22 mm RIS sliedes stiprin\u0101jums.<\/p>\n<p> Garums: 310mm, Svars 435g.<\/p>\n","protected":false},"featured_media":105610,"template":"","meta":{"_acf_changed":false},"product_brand":[],"product_cat":[1067],"product_tag":[],"class_list":{"0":"post-147126","1":"product","2":"type-product","3":"status-publish","4":"has-post-thumbnail","6":"product_cat-skats","8":"first","9":"instock","10":"purchasable","11":"product-type-simple"},"acf":[],"_links":{"self":[{"href":"https:\/\/kingarms.ee\/lv\/wp-json\/wp\/v2\/product\/147126","targetHints":{"allow":["GET"]}}],"collection":[{"href":"https:\/\/kingarms.ee\/lv\/wp-json\/wp\/v2\/product"}],"about":[{"href":"https:\/\/kingarms.ee\/lv\/wp-json\/wp\/v2\/types\/product"}],"wp:featuredmedia":[{"embeddable":true,"href":"https:\/\/kingarms.ee\/lv\/wp-json\/wp\/v2\/media\/105610"}],"wp:attachment":[{"href":"https:\/\/kingarms.ee\/lv\/wp-json\/wp\/v2\/media?parent=147126"}],"wp:term":[{"taxonomy":"product_brand","embeddable":true,"href":"https:\/\/kingarms.ee\/lv\/wp-json\/wp\/v2\/product_brand?post=147126"},{"taxonomy":"product_cat","embeddable":true,"href":"https:\/\/kingarms.ee\/lv\/wp-json\/wp\/v2\/product_cat?post=147126"},{"taxonomy":"product_tag","embeddable":true,"href":"https:\/\/kingarms.ee\/lv\/wp-json\/wp\/v2\/product_tag?post=147126"}],"curies":[{"name":"wp","href":"https:\/\/api.w.org\/{rel}","templated":true}]}}