{"id":147128,"date":"2018-08-31T08:08:41","date_gmt":"2025-03-11T15:27:38","guid":{"rendered":"https:\/\/kingarms.ee\/product\/1x40-sarkano-zalo-punktu-merkis-teta\/"},"modified":"2025-03-11T18:27:38","modified_gmt":"2025-03-11T15:27:38","slug":"1x40-sarkano-zalo-punktu-merkis-teta","status":"publish","type":"product","link":"https:\/\/kingarms.ee\/lv\/product\/1x40-sarkano-zalo-punktu-merkis-teta\/","title":{"rendered":"1&#215;40 sarkano \/ za\u013co punktu m\u0113r\u0137is (Teta)<br><br>"},"content":{"rendered":"<p><a href=\"https:\/\/kingarms.ee\/wp-content\/uploads\/2018\/02\/1152205534_1.jpg\"><img loading=\"lazy\" decoding=\"async\" class=\"alignnone size-medium wp-image-2716\" src=\"https:\/\/kingarms.ee\/wp-content\/uploads\/2018\/02\/1152205534_1-300x200.jpg\" alt=\"\" width=\"300\" height=\"200\"><\/a><\/p>\n","protected":false},"excerpt":{"rendered":"<p>1&#215;40 sarkano \/ za\u013co punktu m\u0113r\u0137is (Teta)<\/p>\n<p>Klasisks 40 mm objekt\u012bva diametra precizit\u0101tes skats.<\/p>\n<p> Ir 11 da\u017e\u0101di spilgtuma l\u012bme\u0146i, no kuriem izv\u0113l\u0113ties.<\/p>\n<p> Priek\u0161\u0113jais objekt\u012bvs ir p\u0101rkl\u0101ts ar pretatstarojo\u0161u p\u0101rkl\u0101jumu.<\/p>\n<p> M\u0113r\u0137im ir stiprin\u0101jums 22 mm sliedei, t\u0101p\u0113c nav nepiecie\u0161ams ieg\u0101d\u0101ties papildu stiprin\u0101jumus.<\/p>\n<p>Svars 198 g<\/p>\n<p>Darbojas ar akumulatoru CR2032<\/p>\n","protected":false},"featured_media":105540,"template":"","meta":{"_acf_changed":false},"product_brand":[],"product_cat":[1067],"product_tag":[],"class_list":{"0":"post-147128","1":"product","2":"type-product","3":"status-publish","4":"has-post-thumbnail","6":"product_cat-skats","8":"first","9":"instock","10":"purchasable","11":"product-type-simple"},"acf":[],"_links":{"self":[{"href":"https:\/\/kingarms.ee\/lv\/wp-json\/wp\/v2\/product\/147128","targetHints":{"allow":["GET"]}}],"collection":[{"href":"https:\/\/kingarms.ee\/lv\/wp-json\/wp\/v2\/product"}],"about":[{"href":"https:\/\/kingarms.ee\/lv\/wp-json\/wp\/v2\/types\/product"}],"wp:featuredmedia":[{"embeddable":true,"href":"https:\/\/kingarms.ee\/lv\/wp-json\/wp\/v2\/media\/105540"}],"wp:attachment":[{"href":"https:\/\/kingarms.ee\/lv\/wp-json\/wp\/v2\/media?parent=147128"}],"wp:term":[{"taxonomy":"product_brand","embeddable":true,"href":"https:\/\/kingarms.ee\/lv\/wp-json\/wp\/v2\/product_brand?post=147128"},{"taxonomy":"product_cat","embeddable":true,"href":"https:\/\/kingarms.ee\/lv\/wp-json\/wp\/v2\/product_cat?post=147128"},{"taxonomy":"product_tag","embeddable":true,"href":"https:\/\/kingarms.ee\/lv\/wp-json\/wp\/v2\/product_tag?post=147128"}],"curies":[{"name":"wp","href":"https:\/\/api.w.org\/{rel}","templated":true}]}}