{"id":147130,"date":"2018-08-31T11:08:28","date_gmt":"2025-03-11T15:39:09","guid":{"rendered":"https:\/\/kingarms.ee\/product\/super-sport-708-borner\/"},"modified":"2025-03-11T18:39:09","modified_gmt":"2025-03-11T15:39:09","slug":"super-sport-708-borner","status":"publish","type":"product","link":"https:\/\/kingarms.ee\/lv\/product\/super-sport-708-borner\/","title":{"rendered":"SUPER SPORT 708 (Borner)<br><br>"},"content":{"rendered":"<p><a href=\"https:\/\/kingarms.ee\/wp-content\/uploads\/2018\/08\/img_4769_%D0%BD%D0%BE%D0%B2%D1%8B%D0%B9-%D1%80%D0%B0%D0%B7%D0%BC%D0%B5%D1%80.jpg\"><img loading=\"lazy\" decoding=\"async\" class=\"alignnone size-medium wp-image-11218\" src=\"https:\/\/kingarms.ee\/wp-content\/uploads\/2018\/08\/img_4769_%D0%BD%D0%BE%D0%B2%D1%8B%D0%B9-%D1%80%D0%B0%D0%B7%D0%BC%D0%B5%D1%80-300x192.jpg\" alt=\"\" width=\"300\" height=\"192\"><\/a><\/p>\n","protected":false},"excerpt":{"rendered":"<p>SUPER SPORT 708 (Borner)<\/p>\n<p>Met\u0101la gaisa revolveris.<\/p>\n<p>Iedarbojas uz CO2 (cilindrs ir ievietots roktur\u012b).<\/p>\n<p>Lodes tiek ievietotas kasetn\u0113s.<\/p>\n<p>Kalibrs: 4.5 mm<\/p>\n<p>Mun\u012bcija: t\u0113rauda lod\u012btes<\/p>\n<p>Materi\u0101ls: Met\u0101ls<\/p>\n<p>Garums: 15cm<\/p>\n<p>Svars: 840 g<\/p>\n<p>Bungas ietilp\u012bba: 6 bumbi\u0146as<\/p>\n<p>\u0160au\u0161anas \u0101trums: 120 m \/ s<\/p>\n","protected":false},"featured_media":148290,"template":"","meta":{"_acf_changed":false},"product_brand":[],"product_cat":[996,1004,1005],"product_tag":[],"class_list":{"0":"post-147130","1":"product","2":"type-product","3":"status-publish","4":"has-post-thumbnail","6":"product_cat-ierocis","7":"product_cat-lidmasinas","8":"product_cat-rokas-pistoles-lv","10":"first","11":"instock","12":"purchasable","13":"product-type-simple"},"acf":[],"_links":{"self":[{"href":"https:\/\/kingarms.ee\/lv\/wp-json\/wp\/v2\/product\/147130","targetHints":{"allow":["GET"]}}],"collection":[{"href":"https:\/\/kingarms.ee\/lv\/wp-json\/wp\/v2\/product"}],"about":[{"href":"https:\/\/kingarms.ee\/lv\/wp-json\/wp\/v2\/types\/product"}],"wp:featuredmedia":[{"embeddable":true,"href":"https:\/\/kingarms.ee\/lv\/wp-json\/wp\/v2\/media\/148290"}],"wp:attachment":[{"href":"https:\/\/kingarms.ee\/lv\/wp-json\/wp\/v2\/media?parent=147130"}],"wp:term":[{"taxonomy":"product_brand","embeddable":true,"href":"https:\/\/kingarms.ee\/lv\/wp-json\/wp\/v2\/product_brand?post=147130"},{"taxonomy":"product_cat","embeddable":true,"href":"https:\/\/kingarms.ee\/lv\/wp-json\/wp\/v2\/product_cat?post=147130"},{"taxonomy":"product_tag","embeddable":true,"href":"https:\/\/kingarms.ee\/lv\/wp-json\/wp\/v2\/product_tag?post=147130"}],"curies":[{"name":"wp","href":"https:\/\/api.w.org\/{rel}","templated":true}]}}