{"id":147135,"date":"2018-08-31T11:08:23","date_gmt":"2025-03-11T15:59:12","guid":{"rendered":"https:\/\/kingarms.ee\/product\/bise-metala-cyma\/"},"modified":"2025-03-11T18:59:12","modified_gmt":"2025-03-11T15:59:12","slug":"bise-metala-cyma","status":"publish","type":"product","link":"https:\/\/kingarms.ee\/lv\/product\/bise-metala-cyma\/","title":{"rendered":"Bise met\u0101la (Cyma)<br><br>"},"content":{"rendered":"<p><a href=\"https:\/\/kingarms.aviontehnika.com\/wp-content\/uploads\/2018\/02\/1152210912_1.jpg\" target=\"_blank\" rel=\"noopener\"><img loading=\"lazy\" decoding=\"async\" class=\"alignnone size-medium wp-image-491\" src=\"https:\/\/kingarms.aviontehnika.com\/wp-content\/uploads\/2018\/02\/1152210912_1-300x200.jpg\" alt=\"\" width=\"300\" height=\"200\"><\/a><\/p>\n","protected":false},"excerpt":{"rendered":"<p>Bise met\u0101la (Cyma)<\/p>\n<p>Ierocis izmanto ar\u012b re\u0101listiskas patronas un \u0161auj lodes pa trim.<\/p>\n<p> Iero\u010dam ir \u0101r\u0113j\u0101 caurule, kas izgatavota no stipra met\u0101la.<\/p>\n<p> T\u0101pat k\u0101 t\u0101 liel\u0101kais br\u0101lis, \u0161is ierocis ir \u013coti iespaid\u012bgs.<\/p>\n<p> Ide\u0101li piem\u0113rots pils\u0113tu c\u012b\u0146\u0101m.<\/p>\n<p>Materi\u0101ls: ABS \/ met\u0101ls<\/p>\n<p>Pistoles garums: 640 mm<\/p>\n<p>Papl\u0101tes ietilp\u012bba: 30 bumbi\u0146as<\/p>\n<p>Hop Up: Fiks\u0113ts<\/p>\n<p>\u0160au\u0161anas \u0101trums: 83 m \/ s<\/p>\n<p>Svars: 1875 g<\/p>\n<p>Ener\u0123ija: 0.7 J<\/p>\n","protected":false},"featured_media":104782,"template":"","meta":{"_acf_changed":false},"product_brand":[],"product_cat":[1002],"product_tag":[],"class_list":{"0":"post-147135","1":"product","2":"type-product","3":"status-publish","4":"has-post-thumbnail","6":"product_cat-sukna-kodi","8":"first","9":"onbackorder","10":"product-type-simple"},"acf":[],"_links":{"self":[{"href":"https:\/\/kingarms.ee\/lv\/wp-json\/wp\/v2\/product\/147135","targetHints":{"allow":["GET"]}}],"collection":[{"href":"https:\/\/kingarms.ee\/lv\/wp-json\/wp\/v2\/product"}],"about":[{"href":"https:\/\/kingarms.ee\/lv\/wp-json\/wp\/v2\/types\/product"}],"wp:featuredmedia":[{"embeddable":true,"href":"https:\/\/kingarms.ee\/lv\/wp-json\/wp\/v2\/media\/104782"}],"wp:attachment":[{"href":"https:\/\/kingarms.ee\/lv\/wp-json\/wp\/v2\/media?parent=147135"}],"wp:term":[{"taxonomy":"product_brand","embeddable":true,"href":"https:\/\/kingarms.ee\/lv\/wp-json\/wp\/v2\/product_brand?post=147135"},{"taxonomy":"product_cat","embeddable":true,"href":"https:\/\/kingarms.ee\/lv\/wp-json\/wp\/v2\/product_cat?post=147135"},{"taxonomy":"product_tag","embeddable":true,"href":"https:\/\/kingarms.ee\/lv\/wp-json\/wp\/v2\/product_tag?post=147135"}],"curies":[{"name":"wp","href":"https:\/\/api.w.org\/{rel}","templated":true}]}}