{"id":147139,"date":"2018-08-31T11:08:23","date_gmt":"2025-03-11T16:14:45","guid":{"rendered":"https:\/\/kingarms.ee\/product\/tuksnesa-ergla-mazulis-kwc\/"},"modified":"2025-03-11T19:14:45","modified_gmt":"2025-03-11T16:14:45","slug":"tuksnesa-ergla-mazulis-kwc","status":"publish","type":"product","link":"https:\/\/kingarms.ee\/lv\/product\/tuksnesa-ergla-mazulis-kwc\/","title":{"rendered":"TUKSNE\u0160A \u0112RG\u013bA MAZULIS (KWC)<br><br>"},"content":{"rendered":"<p><a href=\"https:\/\/kingarms.aviontehnika.com\/wp-content\/uploads\/2018\/02\/1152217312_1.jpg\" target=\"_blank\" rel=\"noopener\"><img loading=\"lazy\" decoding=\"async\" class=\"alignnone size-medium wp-image-448\" src=\"https:\/\/kingarms.aviontehnika.com\/wp-content\/uploads\/2018\/02\/1152217312_1-300x200.jpg\" alt=\"\" width=\"300\" height=\"200\"><\/a><\/p>\n","protected":false},"excerpt":{"rendered":"<p>TUKSNE\u0160A \u0112RG\u013bA MAZULIS (KWC)<\/p>\n<p>Kalibrs: 6mm<\/p>\n<p>L\u00e4timaterjal: ABS<\/p>\n<p>Papl\u0101tes ietilp\u012bba: 15bbs<\/p>\n<p>Re\u017e\u012bms: Viens kadrs<\/p>\n<p>Baro\u0161anas avots: CO2<\/p>\n<p>Svars: 647g<\/p>\n<p>\u0160au\u0161anas \u0101trums: 105m \/ s<\/p>\n<p>Jauda: 1.2 J<\/p>\n<p>Hop-up: reguleeritav<\/p>\n","protected":false},"featured_media":104628,"template":"","meta":{"_acf_changed":false},"product_brand":[],"product_cat":[996,1000],"product_tag":[],"class_list":{"0":"post-147139","1":"product","2":"type-product","3":"status-publish","4":"has-post-thumbnail","6":"product_cat-ierocis","7":"product_cat-rokas-pistoles","9":"first","10":"onbackorder","11":"product-type-simple"},"acf":[],"_links":{"self":[{"href":"https:\/\/kingarms.ee\/lv\/wp-json\/wp\/v2\/product\/147139","targetHints":{"allow":["GET"]}}],"collection":[{"href":"https:\/\/kingarms.ee\/lv\/wp-json\/wp\/v2\/product"}],"about":[{"href":"https:\/\/kingarms.ee\/lv\/wp-json\/wp\/v2\/types\/product"}],"wp:featuredmedia":[{"embeddable":true,"href":"https:\/\/kingarms.ee\/lv\/wp-json\/wp\/v2\/media\/104628"}],"wp:attachment":[{"href":"https:\/\/kingarms.ee\/lv\/wp-json\/wp\/v2\/media?parent=147139"}],"wp:term":[{"taxonomy":"product_brand","embeddable":true,"href":"https:\/\/kingarms.ee\/lv\/wp-json\/wp\/v2\/product_brand?post=147139"},{"taxonomy":"product_cat","embeddable":true,"href":"https:\/\/kingarms.ee\/lv\/wp-json\/wp\/v2\/product_cat?post=147139"},{"taxonomy":"product_tag","embeddable":true,"href":"https:\/\/kingarms.ee\/lv\/wp-json\/wp\/v2\/product_tag?post=147139"}],"curies":[{"name":"wp","href":"https:\/\/api.w.org\/{rel}","templated":true}]}}