{"id":147164,"date":"2019-05-02T13:32:16","date_gmt":"2025-03-12T07:58:01","guid":{"rendered":"https:\/\/kingarms.ee\/product\/150bbs-mid-cap-m4-m16-salv-ameba\/"},"modified":"2025-03-12T10:58:01","modified_gmt":"2025-03-12T07:58:01","slug":"150bbs-mid-cap-m4-m16-salv-ameba","status":"publish","type":"product","link":"https:\/\/kingarms.ee\/lv\/product\/150bbs-mid-cap-m4-m16-salv-ameba\/","title":{"rendered":"150bbs Mid-Cap M4 \/ M16 salv (am\u0113ba)<br><br>"},"content":{"rendered":"<p><a href=\"https:\/\/kingarms.ee\/wp-content\/uploads\/2019\/05\/FBP23082-300x225.jpg\"><img loading=\"lazy\" decoding=\"async\" class=\"alignnone size-medium wp-image-14689\" src=\"https:\/\/kingarms.ee\/wp-content\/uploads\/2019\/05\/FBP23082-300x225.jpg\" alt=\"\" width=\"300\" height=\"225\" srcset=\"https:\/\/kingarms.ee\/wp-content\/uploads\/2019\/05\/FBP23082-300x225.jpg 300w, https:\/\/kingarms.ee\/wp-content\/uploads\/2019\/05\/FBP23082-150x113.jpg 150w, https:\/\/kingarms.ee\/wp-content\/uploads\/2019\/05\/FBP23082-500x375.jpg 500w, https:\/\/kingarms.ee\/wp-content\/uploads\/2019\/05\/FBP23082-600x450.jpg 600w, https:\/\/kingarms.ee\/wp-content\/uploads\/2019\/05\/FBP23082.jpg 640w\" sizes=\"auto, (max-width: 300px) 100vw, 300px\" \/><\/a><\/p>\n","protected":false},"excerpt":{"rendered":"<p>MID CAP kastes M4 tipa iero\u010diem.<\/p>\n<p> Papl\u0101tes ietilp\u012bba 150 bumbi\u0146as<\/p>\n","protected":false},"featured_media":109657,"template":"","meta":{"_acf_changed":false},"product_brand":[],"product_cat":[1061],"product_tag":[],"class_list":{"0":"post-147164","1":"product","2":"type-product","3":"status-publish","4":"has-post-thumbnail","6":"product_cat-airsoft-lv","8":"first","9":"onbackorder","10":"taxable","11":"shipping-taxable","12":"product-type-simple"},"acf":[],"_links":{"self":[{"href":"https:\/\/kingarms.ee\/lv\/wp-json\/wp\/v2\/product\/147164","targetHints":{"allow":["GET"]}}],"collection":[{"href":"https:\/\/kingarms.ee\/lv\/wp-json\/wp\/v2\/product"}],"about":[{"href":"https:\/\/kingarms.ee\/lv\/wp-json\/wp\/v2\/types\/product"}],"wp:featuredmedia":[{"embeddable":true,"href":"https:\/\/kingarms.ee\/lv\/wp-json\/wp\/v2\/media\/109657"}],"wp:attachment":[{"href":"https:\/\/kingarms.ee\/lv\/wp-json\/wp\/v2\/media?parent=147164"}],"wp:term":[{"taxonomy":"product_brand","embeddable":true,"href":"https:\/\/kingarms.ee\/lv\/wp-json\/wp\/v2\/product_brand?post=147164"},{"taxonomy":"product_cat","embeddable":true,"href":"https:\/\/kingarms.ee\/lv\/wp-json\/wp\/v2\/product_cat?post=147164"},{"taxonomy":"product_tag","embeddable":true,"href":"https:\/\/kingarms.ee\/lv\/wp-json\/wp\/v2\/product_tag?post=147164"}],"curies":[{"name":"wp","href":"https:\/\/api.w.org\/{rel}","templated":true}]}}