{"id":147178,"date":"2018-08-31T11:08:49","date_gmt":"2025-03-12T08:51:18","guid":{"rendered":"https:\/\/kingarms.ee\/product\/120-bbs-mid-cap-ak-salv-el\/"},"modified":"2025-03-12T11:51:18","modified_gmt":"2025-03-12T08:51:18","slug":"120-bbs-mid-cap-ak-salv-el","status":"publish","type":"product","link":"https:\/\/kingarms.ee\/lv\/product\/120-bbs-mid-cap-ak-salv-el\/","title":{"rendered":"120 BBs Mid-Cap AK salv E&amp;L)(<br><br>"},"content":{"rendered":"<p><a href=\"https:\/\/kingarms.ee\/wp-content\/uploads\/2018\/08\/1152207786_2-300x200.jpg\"><img loading=\"lazy\" decoding=\"async\" class=\"alignnone size-medium wp-image-9790\" src=\"https:\/\/kingarms.ee\/wp-content\/uploads\/2018\/08\/1152207786_2-300x200.jpg\" alt=\"\" width=\"300\" height=\"200\" srcset=\"https:\/\/kingarms.ee\/wp-content\/uploads\/2018\/08\/1152207786_2-300x200.jpg 300w, https:\/\/kingarms.ee\/wp-content\/uploads\/2018\/08\/1152207786_2-150x100.jpg 150w, https:\/\/kingarms.ee\/wp-content\/uploads\/2018\/08\/1152207786_2-500x333.jpg 500w, https:\/\/kingarms.ee\/wp-content\/uploads\/2018\/08\/1152207786_2-768x512.jpg 768w, https:\/\/kingarms.ee\/wp-content\/uploads\/2018\/08\/1152207786_2.jpg 800w\" sizes=\"auto, (max-width: 300px) 100vw, 300px\" \/><\/a><\/p>\n","protected":false},"excerpt":{"rendered":"<p>Met\u0101la papl\u0101te AK tipa iero\u010diem.<\/p>\n<p>Ra\u017eot\u0101js: E &amp; amp; L<\/p>\n","protected":false},"featured_media":107732,"template":"","meta":{"_acf_changed":false},"product_brand":[],"product_cat":[1061],"product_tag":[],"class_list":{"0":"post-147178","1":"product","2":"type-product","3":"status-publish","4":"has-post-thumbnail","6":"product_cat-airsoft-lv","8":"first","9":"instock","10":"purchasable","11":"product-type-simple"},"acf":[],"_links":{"self":[{"href":"https:\/\/kingarms.ee\/lv\/wp-json\/wp\/v2\/product\/147178","targetHints":{"allow":["GET"]}}],"collection":[{"href":"https:\/\/kingarms.ee\/lv\/wp-json\/wp\/v2\/product"}],"about":[{"href":"https:\/\/kingarms.ee\/lv\/wp-json\/wp\/v2\/types\/product"}],"wp:featuredmedia":[{"embeddable":true,"href":"https:\/\/kingarms.ee\/lv\/wp-json\/wp\/v2\/media\/107732"}],"wp:attachment":[{"href":"https:\/\/kingarms.ee\/lv\/wp-json\/wp\/v2\/media?parent=147178"}],"wp:term":[{"taxonomy":"product_brand","embeddable":true,"href":"https:\/\/kingarms.ee\/lv\/wp-json\/wp\/v2\/product_brand?post=147178"},{"taxonomy":"product_cat","embeddable":true,"href":"https:\/\/kingarms.ee\/lv\/wp-json\/wp\/v2\/product_cat?post=147178"},{"taxonomy":"product_tag","embeddable":true,"href":"https:\/\/kingarms.ee\/lv\/wp-json\/wp\/v2\/product_tag?post=147178"}],"curies":[{"name":"wp","href":"https:\/\/api.w.org\/{rel}","templated":true}]}}