{"id":147180,"date":"2018-08-31T11:08:49","date_gmt":"2025-03-12T08:53:46","guid":{"rendered":"https:\/\/kingarms.ee\/product\/taktiskas-brilles-bolle\/"},"modified":"2025-03-12T11:53:46","modified_gmt":"2025-03-12T08:53:46","slug":"taktiskas-brilles-bolle","status":"publish","type":"product","link":"https:\/\/kingarms.ee\/lv\/product\/taktiskas-brilles-bolle\/","title":{"rendered":"Taktisk\u0101s brilles (BOLLE)<br><br>"},"content":{"rendered":"<p><a href=\"https:\/\/kingarms.ee\/wp-content\/uploads\/2018\/08\/17004-000-300x225.jpg\"><img loading=\"lazy\" decoding=\"async\" class=\"alignnone size-medium wp-image-10381\" src=\"https:\/\/kingarms.ee\/wp-content\/uploads\/2018\/08\/17004-000-300x225.jpg\" alt=\"\" width=\"300\" height=\"225\" srcset=\"https:\/\/kingarms.ee\/wp-content\/uploads\/2018\/08\/17004-000-300x225.jpg 300w, https:\/\/kingarms.ee\/wp-content\/uploads\/2018\/08\/17004-000-150x113.jpg 150w, https:\/\/kingarms.ee\/wp-content\/uploads\/2018\/08\/17004-000-500x375.jpg 500w, https:\/\/kingarms.ee\/wp-content\/uploads\/2018\/08\/17004-000-768x576.jpg 768w, https:\/\/kingarms.ee\/wp-content\/uploads\/2018\/08\/17004-000.jpg 1024w, https:\/\/kingarms.ee\/wp-content\/uploads\/2018\/08\/17004-000-600x450.jpg 600w\" sizes=\"auto, (max-width: 300px) 100vw, 300px\" \/><\/a><\/p>\n","protected":false},"excerpt":{"rendered":"<p>Taktisk\u0101s brilles (BOLLE)<\/p>\n<p>Augstas kvalit\u0101tes aizsargbrilles no BOLLE<\/p>\n<p><span style=\"color: #ff0000;\">NB!<\/p>\n<p> Produkts nav ballistiska acu aizsardz\u012bba, un t\u0101 izmanto\u0161ana \u0161im nol\u016bkam nav sader\u012bga ar paredz\u0113to lietojumu.<\/p>\n<p>P\u0101rdev\u0113js un ra\u017eot\u0101js nav atbild\u012bgi par produkta lieto\u0161anu, lai aizsarg\u0101tu lietot\u0101ja acis airsoft sp\u0113l\u0113s, izmantojot airsoft kopijas.<\/p>\n<p> Tas attiecas ar\u012b uz iesp\u0113jam\u0101m vesel\u012bbas probl\u0113m\u0101m vai \u012bpa\u0161uma boj\u0101jumiem lietot\u0101jam, un s\u016bdz\u012bba par produktu neattiecas.<\/p>\n<p><\/span><\/p>\n","protected":false},"featured_media":107984,"template":"","meta":{"_acf_changed":false},"product_brand":[],"product_cat":[1085],"product_tag":[],"class_list":{"0":"post-147180","1":"product","2":"type-product","3":"status-publish","4":"has-post-thumbnail","6":"product_cat-airsoft-brilles","8":"first","9":"instock","10":"purchasable","11":"product-type-simple"},"acf":[],"_links":{"self":[{"href":"https:\/\/kingarms.ee\/lv\/wp-json\/wp\/v2\/product\/147180","targetHints":{"allow":["GET"]}}],"collection":[{"href":"https:\/\/kingarms.ee\/lv\/wp-json\/wp\/v2\/product"}],"about":[{"href":"https:\/\/kingarms.ee\/lv\/wp-json\/wp\/v2\/types\/product"}],"wp:featuredmedia":[{"embeddable":true,"href":"https:\/\/kingarms.ee\/lv\/wp-json\/wp\/v2\/media\/107984"}],"wp:attachment":[{"href":"https:\/\/kingarms.ee\/lv\/wp-json\/wp\/v2\/media?parent=147180"}],"wp:term":[{"taxonomy":"product_brand","embeddable":true,"href":"https:\/\/kingarms.ee\/lv\/wp-json\/wp\/v2\/product_brand?post=147180"},{"taxonomy":"product_cat","embeddable":true,"href":"https:\/\/kingarms.ee\/lv\/wp-json\/wp\/v2\/product_cat?post=147180"},{"taxonomy":"product_tag","embeddable":true,"href":"https:\/\/kingarms.ee\/lv\/wp-json\/wp\/v2\/product_tag?post=147180"}],"curies":[{"name":"wp","href":"https:\/\/api.w.org\/{rel}","templated":true}]}}