{"id":147185,"date":"2019-04-04T22:56:55","date_gmt":"2025-03-12T09:09:02","guid":{"rendered":"https:\/\/kingarms.ee\/product\/granata-kabata-zala\/"},"modified":"2025-03-12T12:09:02","modified_gmt":"2025-03-12T09:09:02","slug":"granata-kabata-zala","status":"publish","type":"product","link":"https:\/\/kingarms.ee\/lv\/product\/granata-kabata-zala\/","title":{"rendered":"Gran\u0101ta Kabata-Za\u013ca<br><br>"},"content":{"rendered":"<p><a href=\"https:\/\/kingarms.ee\/wp-content\/uploads\/2019\/04\/1152216758_1-300x200.jpg\"><img loading=\"lazy\" decoding=\"async\" class=\"alignnone size-medium wp-image-14231\" src=\"https:\/\/kingarms.ee\/wp-content\/uploads\/2019\/04\/1152216758_1-300x200.jpg\" alt=\"\" width=\"300\" height=\"200\" srcset=\"https:\/\/kingarms.ee\/wp-content\/uploads\/2019\/04\/1152216758_1-300x200.jpg 300w, https:\/\/kingarms.ee\/wp-content\/uploads\/2019\/04\/1152216758_1-150x100.jpg 150w, https:\/\/kingarms.ee\/wp-content\/uploads\/2019\/04\/1152216758_1-500x333.jpg 500w, https:\/\/kingarms.ee\/wp-content\/uploads\/2019\/04\/1152216758_1-768x512.jpg 768w, https:\/\/kingarms.ee\/wp-content\/uploads\/2019\/04\/1152216758_1.jpg 800w\" sizes=\"auto, (max-width: 300px) 100vw, 300px\" \/><\/a><\/p>\n","protected":false},"excerpt":{"rendered":"<p>Gran\u0101ta Kabata-Za\u013ca<\/p>\n<p>Primal Gear ir jauns taktisko iek\u0101rtu z\u012bmols, kas paredz\u0113ts EDC.<\/p>\n<p>Primal Gear apr\u012bkojums ir izgatavots no iztur\u012bga un iztur\u012bga 1000D neilona.<\/p>\n<p>Iztur\u012bba palielina produktu \u0161uves.<\/p>\n<p> Maisu var piestiprin\u0101t, izmantojot MOLLE sist\u0113mu.<\/p>\n<p> Soma ir aizv\u0113rta ar regul\u0113jamu augstumu polim\u0113ra skavu.<\/p>\n","protected":false},"featured_media":109505,"template":"","meta":{"_acf_changed":false},"product_brand":[],"product_cat":[1104,1098],"product_tag":[],"class_list":{"0":"post-147185","1":"product","2":"type-product","3":"status-publish","4":"has-post-thumbnail","6":"product_cat-kabatas","7":"product_cat-maisini-somas-un-siksnas","9":"first","10":"instock","11":"taxable","12":"shipping-taxable","13":"purchasable","14":"product-type-simple"},"acf":[],"_links":{"self":[{"href":"https:\/\/kingarms.ee\/lv\/wp-json\/wp\/v2\/product\/147185","targetHints":{"allow":["GET"]}}],"collection":[{"href":"https:\/\/kingarms.ee\/lv\/wp-json\/wp\/v2\/product"}],"about":[{"href":"https:\/\/kingarms.ee\/lv\/wp-json\/wp\/v2\/types\/product"}],"wp:featuredmedia":[{"embeddable":true,"href":"https:\/\/kingarms.ee\/lv\/wp-json\/wp\/v2\/media\/109505"}],"wp:attachment":[{"href":"https:\/\/kingarms.ee\/lv\/wp-json\/wp\/v2\/media?parent=147185"}],"wp:term":[{"taxonomy":"product_brand","embeddable":true,"href":"https:\/\/kingarms.ee\/lv\/wp-json\/wp\/v2\/product_brand?post=147185"},{"taxonomy":"product_cat","embeddable":true,"href":"https:\/\/kingarms.ee\/lv\/wp-json\/wp\/v2\/product_cat?post=147185"},{"taxonomy":"product_tag","embeddable":true,"href":"https:\/\/kingarms.ee\/lv\/wp-json\/wp\/v2\/product_tag?post=147185"}],"curies":[{"name":"wp","href":"https:\/\/api.w.org\/{rel}","templated":true}]}}