{"id":147189,"date":"2019-03-29T22:37:42","date_gmt":"2025-03-12T09:16:48","guid":{"rendered":"https:\/\/kingarms.ee\/product\/23-bbs-glock-17-18-salv-kj-darbi-2\/"},"modified":"2025-03-12T12:16:48","modified_gmt":"2025-03-12T09:16:48","slug":"23-bbs-glock-17-18-salv-kj-darbi-2","status":"publish","type":"product","link":"https:\/\/kingarms.ee\/lv\/product\/23-bbs-glock-17-18-salv-kj-darbi-2\/","title":{"rendered":"23 BBs GLOCK 17\/18 salv (kJ darbi)<br><br>"},"content":{"rendered":"<p><a href=\"https:\/\/kingarms.ee\/wp-content\/uploads\/2019\/03\/KJWORKS_KP-17_23RD_CO2_MAGAZINE_001-1138x640-300x169.jpg\"><img loading=\"lazy\" decoding=\"async\" class=\"alignnone size-medium wp-image-14096\" src=\"https:\/\/kingarms.ee\/wp-content\/uploads\/2019\/03\/KJWORKS_KP-17_23RD_CO2_MAGAZINE_001-1138x640-300x169.jpg\" alt=\"\" width=\"300\" height=\"169\" srcset=\"https:\/\/kingarms.ee\/wp-content\/uploads\/2019\/03\/KJWORKS_KP-17_23RD_CO2_MAGAZINE_001-1138x640-300x169.jpg 300w, https:\/\/kingarms.ee\/wp-content\/uploads\/2019\/03\/KJWORKS_KP-17_23RD_CO2_MAGAZINE_001-1138x640-150x84.jpg 150w, https:\/\/kingarms.ee\/wp-content\/uploads\/2019\/03\/KJWORKS_KP-17_23RD_CO2_MAGAZINE_001-1138x640-500x281.jpg 500w, https:\/\/kingarms.ee\/wp-content\/uploads\/2019\/03\/KJWORKS_KP-17_23RD_CO2_MAGAZINE_001-1138x640-768x432.jpg 768w, https:\/\/kingarms.ee\/wp-content\/uploads\/2019\/03\/KJWORKS_KP-17_23RD_CO2_MAGAZINE_001-1138x640.jpg 1024w\" sizes=\"auto, (max-width: 300px) 100vw, 300px\" \/><\/a><\/p>\n","protected":false},"excerpt":{"rendered":"<p>23 BBs GLOCK 17\/18 salv (kJ darbi)<\/p>\n<p>17 \/ 18c (Glock17 \/ Glock18c) 23 BB lodveida met\u0101la CO2 darbin\u0101ms papl\u0101te.<\/p>\n<p> Ra\u017eo KJW.<\/p>\n<p> Piem\u0113rots ar\u012b m\u016bsu ra\u017eotajiem Glock tipa iero\u010diem.<\/p>\n","protected":false},"featured_media":109444,"template":"","meta":{"_acf_changed":false},"product_brand":[],"product_cat":[1061],"product_tag":[],"class_list":{"0":"post-147189","1":"product","2":"type-product","3":"status-publish","4":"has-post-thumbnail","6":"product_cat-airsoft-lv","8":"first","9":"onbackorder","10":"taxable","11":"shipping-taxable","12":"product-type-simple"},"acf":[],"_links":{"self":[{"href":"https:\/\/kingarms.ee\/lv\/wp-json\/wp\/v2\/product\/147189","targetHints":{"allow":["GET"]}}],"collection":[{"href":"https:\/\/kingarms.ee\/lv\/wp-json\/wp\/v2\/product"}],"about":[{"href":"https:\/\/kingarms.ee\/lv\/wp-json\/wp\/v2\/types\/product"}],"wp:featuredmedia":[{"embeddable":true,"href":"https:\/\/kingarms.ee\/lv\/wp-json\/wp\/v2\/media\/109444"}],"wp:attachment":[{"href":"https:\/\/kingarms.ee\/lv\/wp-json\/wp\/v2\/media?parent=147189"}],"wp:term":[{"taxonomy":"product_brand","embeddable":true,"href":"https:\/\/kingarms.ee\/lv\/wp-json\/wp\/v2\/product_brand?post=147189"},{"taxonomy":"product_cat","embeddable":true,"href":"https:\/\/kingarms.ee\/lv\/wp-json\/wp\/v2\/product_cat?post=147189"},{"taxonomy":"product_tag","embeddable":true,"href":"https:\/\/kingarms.ee\/lv\/wp-json\/wp\/v2\/product_tag?post=147189"}],"curies":[{"name":"wp","href":"https:\/\/api.w.org\/{rel}","templated":true}]}}