{"id":147193,"date":"2019-03-28T20:28:07","date_gmt":"2025-03-12T09:25:48","guid":{"rendered":"https:\/\/kingarms.ee\/product\/hop-up-kumm-70-vsr-10-gbb\/"},"modified":"2025-03-12T12:25:48","modified_gmt":"2025-03-12T09:25:48","slug":"hop-up-kumm-70-vsr-10-gbb","status":"publish","type":"product","link":"https:\/\/kingarms.ee\/lv\/product\/hop-up-kumm-70-vsr-10-gbb\/","title":{"rendered":"Hop up kumm 70\u00b0 VSR-10 &amp; GBB<br><br>"},"content":{"rendered":"<p><a href=\"https:\/\/kingarms.ee\/wp-content\/uploads\/2019\/03\/maple-leaf-maple-leaf-decepticon-bucking-70-300x200.jpg\"><img loading=\"lazy\" decoding=\"async\" class=\"alignnone size-medium wp-image-14079\" src=\"https:\/\/kingarms.ee\/wp-content\/uploads\/2019\/03\/maple-leaf-maple-leaf-decepticon-bucking-70-300x200.jpg\" alt=\"\" width=\"300\" height=\"200\" srcset=\"https:\/\/kingarms.ee\/wp-content\/uploads\/2019\/03\/maple-leaf-maple-leaf-decepticon-bucking-70-300x200.jpg 300w, https:\/\/kingarms.ee\/wp-content\/uploads\/2019\/03\/maple-leaf-maple-leaf-decepticon-bucking-70-150x100.jpg 150w, https:\/\/kingarms.ee\/wp-content\/uploads\/2019\/03\/maple-leaf-maple-leaf-decepticon-bucking-70-500x333.jpg 500w, https:\/\/kingarms.ee\/wp-content\/uploads\/2019\/03\/maple-leaf-maple-leaf-decepticon-bucking-70-768x512.jpg 768w, https:\/\/kingarms.ee\/wp-content\/uploads\/2019\/03\/maple-leaf-maple-leaf-decepticon-bucking-70.jpg 1024w\" sizes=\"auto, (max-width: 300px) 100vw, 300px\" \/><\/a><\/p>\n","protected":false},"excerpt":{"rendered":"<p>Hop up kumm 70\u00b0 VSR-10 &amp; GBB<\/p>\n<p>Hop-up gumijas Autobot 70.VSR tipa m\u012bksts no Maple Leaf, Taiv\u0101na.<\/p>\n<p>Izgatavots no gumijas.<\/p>\n<p>Piem\u0113rots uzst\u0101d\u012b\u0161anai uz TM \/ Cyma vsr-10 un GBB pistol\u0113m, kas b\u016bv\u0113tas p\u0113c marujeva sh\u0113mas: m\u0113s, kjw.<\/p>\n<p>Paredz\u0113ts \u0161auten\u0113m un pistol\u0113m ar s\u0101kotn\u0113jo \u0101trumu 120 &#8211; 140 m \/ s<\/p>\n","protected":false},"featured_media":109438,"template":"","meta":{"_acf_changed":false},"product_brand":[],"product_cat":[1107,1129],"product_tag":[],"class_list":{"0":"post-147193","1":"product","2":"type-product","3":"status-publish","4":"has-post-thumbnail","6":"product_cat-noregulesana","7":"product_cat-rezerves-dalas","9":"first","10":"instock","11":"taxable","12":"shipping-taxable","13":"purchasable","14":"product-type-simple"},"acf":[],"_links":{"self":[{"href":"https:\/\/kingarms.ee\/lv\/wp-json\/wp\/v2\/product\/147193","targetHints":{"allow":["GET"]}}],"collection":[{"href":"https:\/\/kingarms.ee\/lv\/wp-json\/wp\/v2\/product"}],"about":[{"href":"https:\/\/kingarms.ee\/lv\/wp-json\/wp\/v2\/types\/product"}],"wp:featuredmedia":[{"embeddable":true,"href":"https:\/\/kingarms.ee\/lv\/wp-json\/wp\/v2\/media\/109438"}],"wp:attachment":[{"href":"https:\/\/kingarms.ee\/lv\/wp-json\/wp\/v2\/media?parent=147193"}],"wp:term":[{"taxonomy":"product_brand","embeddable":true,"href":"https:\/\/kingarms.ee\/lv\/wp-json\/wp\/v2\/product_brand?post=147193"},{"taxonomy":"product_cat","embeddable":true,"href":"https:\/\/kingarms.ee\/lv\/wp-json\/wp\/v2\/product_cat?post=147193"},{"taxonomy":"product_tag","embeddable":true,"href":"https:\/\/kingarms.ee\/lv\/wp-json\/wp\/v2\/product_tag?post=147193"}],"curies":[{"name":"wp","href":"https:\/\/api.w.org\/{rel}","templated":true}]}}