{"id":147197,"date":"2019-03-28T20:17:26","date_gmt":"2025-03-12T09:36:16","guid":{"rendered":"https:\/\/kingarms.ee\/product\/mosfet-v2\/"},"modified":"2025-03-12T12:36:16","modified_gmt":"2025-03-12T09:36:16","slug":"mosfet-v2","status":"publish","type":"product","link":"https:\/\/kingarms.ee\/lv\/product\/mosfet-v2\/","title":{"rendered":"Mosfet V2<br><br>"},"content":{"rendered":"<p><a href=\"https:\/\/kingarms.ee\/wp-content\/uploads\/2019\/03\/Mosfet-Switch-Kit-Rear-Wiring-V2-Union-Fire-az26516large1-300x210.png\"><img loading=\"lazy\" decoding=\"async\" class=\"alignnone size-medium wp-image-14052\" src=\"https:\/\/kingarms.ee\/wp-content\/uploads\/2019\/03\/Mosfet-Switch-Kit-Rear-Wiring-V2-Union-Fire-az26516large1-300x210.png\" alt=\"\" width=\"300\" height=\"210\" srcset=\"https:\/\/kingarms.ee\/wp-content\/uploads\/2019\/03\/Mosfet-Switch-Kit-Rear-Wiring-V2-Union-Fire-az26516large1-300x210.png 300w, https:\/\/kingarms.ee\/wp-content\/uploads\/2019\/03\/Mosfet-Switch-Kit-Rear-Wiring-V2-Union-Fire-az26516large1-150x105.png 150w, https:\/\/kingarms.ee\/wp-content\/uploads\/2019\/03\/Mosfet-Switch-Kit-Rear-Wiring-V2-Union-Fire-az26516large1-500x350.png 500w, https:\/\/kingarms.ee\/wp-content\/uploads\/2019\/03\/Mosfet-Switch-Kit-Rear-Wiring-V2-Union-Fire-az26516large1-768x538.png 768w, https:\/\/kingarms.ee\/wp-content\/uploads\/2019\/03\/Mosfet-Switch-Kit-Rear-Wiring-V2-Union-Fire-az26516large1.png 1024w\" sizes=\"auto, (max-width: 300px) 100vw, 300px\" \/><\/a><\/p>\n","protected":false},"excerpt":{"rendered":"<p>Mosfet V2<\/p>\n<p>MOSFET II modulis ar vadiem ir paredz\u0113ts izmanto\u0161anai Aeg iero\u010dos.<\/p>\n<p> Piem\u0113rots lieto\u0161anai ar NiMh baterij\u0101m 8.4 &#8211; 12 V un LiPo baterij\u0101m 7.4 V l\u012bdz 14.8 v.<\/p>\n<p> Iesp\u0113jams izmantot 1,5 mm vadus.<\/p>\n<p> MOSFET modu\u013ca izmanto\u0161ana palielina iero\u010da tehnisko uguns \u0101trumu (ROF) un pal\u012bdz nov\u0113rst spr\u016bda sl\u0113d\u017ea izdeg\u0161anu.<\/p>\n<p> Pateicoties \u013coti mazajiem izm\u0113riem, tas iek\u013caujas gandr\u012bz jebkur\u0101 iero\u010d\u0101.<\/p>\n<p> Paredz\u0113ts lieto\u0161anai ar atsper\u0113m l\u012bdz M210.<\/p>\n","protected":false},"featured_media":109428,"template":"","meta":{"_acf_changed":false},"product_brand":[],"product_cat":[1107,1129],"product_tag":[],"class_list":{"0":"post-147197","1":"product","2":"type-product","3":"status-publish","4":"has-post-thumbnail","6":"product_cat-noregulesana","7":"product_cat-rezerves-dalas","9":"first","10":"instock","11":"taxable","12":"shipping-taxable","13":"purchasable","14":"product-type-simple"},"acf":[],"_links":{"self":[{"href":"https:\/\/kingarms.ee\/lv\/wp-json\/wp\/v2\/product\/147197","targetHints":{"allow":["GET"]}}],"collection":[{"href":"https:\/\/kingarms.ee\/lv\/wp-json\/wp\/v2\/product"}],"about":[{"href":"https:\/\/kingarms.ee\/lv\/wp-json\/wp\/v2\/types\/product"}],"wp:featuredmedia":[{"embeddable":true,"href":"https:\/\/kingarms.ee\/lv\/wp-json\/wp\/v2\/media\/109428"}],"wp:attachment":[{"href":"https:\/\/kingarms.ee\/lv\/wp-json\/wp\/v2\/media?parent=147197"}],"wp:term":[{"taxonomy":"product_brand","embeddable":true,"href":"https:\/\/kingarms.ee\/lv\/wp-json\/wp\/v2\/product_brand?post=147197"},{"taxonomy":"product_cat","embeddable":true,"href":"https:\/\/kingarms.ee\/lv\/wp-json\/wp\/v2\/product_cat?post=147197"},{"taxonomy":"product_tag","embeddable":true,"href":"https:\/\/kingarms.ee\/lv\/wp-json\/wp\/v2\/product_tag?post=147197"}],"curies":[{"name":"wp","href":"https:\/\/api.w.org\/{rel}","templated":true}]}}