{"id":147200,"date":"2019-03-28T13:01:21","date_gmt":"2025-03-12T13:44:03","guid":{"rendered":"https:\/\/kingarms.ee\/product\/paplates-kabata-gz\/"},"modified":"2025-03-12T16:44:03","modified_gmt":"2025-03-12T13:44:03","slug":"paplates-kabata-gz","status":"publish","type":"product","link":"https:\/\/kingarms.ee\/lv\/product\/paplates-kabata-gz\/","title":{"rendered":"Papl\u0101tes kabata-GZ<br><br>"},"content":{"rendered":"<p><a href=\"https:\/\/kingarms.ee\/wp-content\/uploads\/2019\/03\/M51613096-PG2-300x225.jpg\"><img loading=\"lazy\" decoding=\"async\" class=\"alignnone size-medium wp-image-14031\" src=\"https:\/\/kingarms.ee\/wp-content\/uploads\/2019\/03\/M51613096-PG2-300x225.jpg\" alt=\"\" width=\"300\" height=\"225\" srcset=\"https:\/\/kingarms.ee\/wp-content\/uploads\/2019\/03\/M51613096-PG2-300x225.jpg 300w, https:\/\/kingarms.ee\/wp-content\/uploads\/2019\/03\/M51613096-PG2-150x113.jpg 150w, https:\/\/kingarms.ee\/wp-content\/uploads\/2019\/03\/M51613096-PG2-500x375.jpg 500w, https:\/\/kingarms.ee\/wp-content\/uploads\/2019\/03\/M51613096-PG2-600x450.jpg 600w, https:\/\/kingarms.ee\/wp-content\/uploads\/2019\/03\/M51613096-PG2.jpg 640w\" sizes=\"auto, (max-width: 300px) 100vw, 300px\" \/><\/a><\/p>\n","protected":false},"excerpt":{"rendered":"<p>Papl\u0101tes kabata-GZ<\/p>\n<p>Papl\u0101tes kabata ir piem\u0113rota \u0161\u0101diem iero\u010diem (HK417 \/ G3 \/ SR25 \/ M4 \/ M14 \/ AK47 \/ fal \/ SCAR-H \/ SSR \/ G36 vai daudziem citiem piederumiem.<\/p>\n<p> Savietojams ar vis\u0101m MOLLE platform\u0101m.<\/p>\n","protected":false},"featured_media":109422,"template":"","meta":{"_acf_changed":false},"product_brand":[],"product_cat":[1098,1100],"product_tag":[],"class_list":{"0":"post-147200","1":"product","2":"type-product","3":"status-publish","4":"has-post-thumbnail","6":"product_cat-maisini-somas-un-siksnas","7":"product_cat-uzglabasanas-kabatas","9":"first","10":"onbackorder","11":"taxable","12":"shipping-taxable","13":"product-type-simple"},"acf":[],"_links":{"self":[{"href":"https:\/\/kingarms.ee\/lv\/wp-json\/wp\/v2\/product\/147200","targetHints":{"allow":["GET"]}}],"collection":[{"href":"https:\/\/kingarms.ee\/lv\/wp-json\/wp\/v2\/product"}],"about":[{"href":"https:\/\/kingarms.ee\/lv\/wp-json\/wp\/v2\/types\/product"}],"wp:featuredmedia":[{"embeddable":true,"href":"https:\/\/kingarms.ee\/lv\/wp-json\/wp\/v2\/media\/109422"}],"wp:attachment":[{"href":"https:\/\/kingarms.ee\/lv\/wp-json\/wp\/v2\/media?parent=147200"}],"wp:term":[{"taxonomy":"product_brand","embeddable":true,"href":"https:\/\/kingarms.ee\/lv\/wp-json\/wp\/v2\/product_brand?post=147200"},{"taxonomy":"product_cat","embeddable":true,"href":"https:\/\/kingarms.ee\/lv\/wp-json\/wp\/v2\/product_cat?post=147200"},{"taxonomy":"product_tag","embeddable":true,"href":"https:\/\/kingarms.ee\/lv\/wp-json\/wp\/v2\/product_tag?post=147200"}],"curies":[{"name":"wp","href":"https:\/\/api.w.org\/{rel}","templated":true}]}}