{"id":147211,"date":"2019-03-21T23:35:50","date_gmt":"2025-03-12T15:11:21","guid":{"rendered":"https:\/\/kingarms.ee\/product\/dusmas-np-crosman\/"},"modified":"2025-03-12T18:11:21","modified_gmt":"2025-03-12T15:11:21","slug":"dusmas-np-crosman","status":"publish","type":"product","link":"https:\/\/kingarms.ee\/lv\/product\/dusmas-np-crosman\/","title":{"rendered":"Dusmas NP (Crosman)<br><br>"},"content":{"rendered":"<p><a href=\"https:\/\/kingarms.ee\/wp-content\/uploads\/2019\/03\/PY-3096_Crosman-Fury-Nitro-Piston_1463160460-300x214.jpg\"><img loading=\"lazy\" decoding=\"async\" class=\"alignnone size-medium wp-image-13433\" src=\"https:\/\/kingarms.ee\/wp-content\/uploads\/2019\/03\/PY-3096_Crosman-Fury-Nitro-Piston_1463160460-300x214.jpg\" alt=\"\" width=\"300\" height=\"214\" srcset=\"https:\/\/kingarms.ee\/wp-content\/uploads\/2019\/03\/PY-3096_Crosman-Fury-Nitro-Piston_1463160460-300x214.jpg 300w, https:\/\/kingarms.ee\/wp-content\/uploads\/2019\/03\/PY-3096_Crosman-Fury-Nitro-Piston_1463160460-150x107.jpg 150w, https:\/\/kingarms.ee\/wp-content\/uploads\/2019\/03\/PY-3096_Crosman-Fury-Nitro-Piston_1463160460-500x357.jpg 500w, https:\/\/kingarms.ee\/wp-content\/uploads\/2019\/03\/PY-3096_Crosman-Fury-Nitro-Piston_1463160460.jpg 700w\" sizes=\"auto, (max-width: 300px) 100vw, 300px\" \/><\/a><\/p>\n","protected":false},"excerpt":{"rendered":"<p>Dusmas NP (Crosman)<\/p>\n<p>Lai ieg\u016btu vair\u0101k inform\u0101cijas, l\u016bdzu, zvaniet mums vai apmekl\u0113jiet m\u016bsu veikalu.<\/p>\n","protected":false},"featured_media":109153,"template":"","meta":{"_acf_changed":false},"product_brand":[],"product_cat":[1004,1007],"product_tag":[],"class_list":{"0":"post-147211","1":"product","2":"type-product","3":"status-publish","4":"has-post-thumbnail","6":"product_cat-lidmasinas","7":"product_cat-snaipera-pistoles-lv","9":"first","10":"onbackorder","11":"taxable","12":"shipping-taxable","13":"product-type-simple"},"acf":[],"_links":{"self":[{"href":"https:\/\/kingarms.ee\/lv\/wp-json\/wp\/v2\/product\/147211","targetHints":{"allow":["GET"]}}],"collection":[{"href":"https:\/\/kingarms.ee\/lv\/wp-json\/wp\/v2\/product"}],"about":[{"href":"https:\/\/kingarms.ee\/lv\/wp-json\/wp\/v2\/types\/product"}],"wp:featuredmedia":[{"embeddable":true,"href":"https:\/\/kingarms.ee\/lv\/wp-json\/wp\/v2\/media\/109153"}],"wp:attachment":[{"href":"https:\/\/kingarms.ee\/lv\/wp-json\/wp\/v2\/media?parent=147211"}],"wp:term":[{"taxonomy":"product_brand","embeddable":true,"href":"https:\/\/kingarms.ee\/lv\/wp-json\/wp\/v2\/product_brand?post=147211"},{"taxonomy":"product_cat","embeddable":true,"href":"https:\/\/kingarms.ee\/lv\/wp-json\/wp\/v2\/product_cat?post=147211"},{"taxonomy":"product_tag","embeddable":true,"href":"https:\/\/kingarms.ee\/lv\/wp-json\/wp\/v2\/product_tag?post=147211"}],"curies":[{"name":"wp","href":"https:\/\/api.w.org\/{rel}","templated":true}]}}