{"id":147215,"date":"2018-08-31T08:09:32","date_gmt":"2025-03-12T15:22:21","guid":{"rendered":"https:\/\/kingarms.ee\/product\/universals-macins\/"},"modified":"2025-03-12T18:22:21","modified_gmt":"2025-03-12T15:22:21","slug":"universals-macins","status":"publish","type":"product","link":"https:\/\/kingarms.ee\/lv\/product\/universals-macins\/","title":{"rendered":"Univers\u0101ls maci\u0146\u0161<br><br>"},"content":{"rendered":"<p><a href=\"https:\/\/kingarms.ee\/wp-content\/uploads\/2018\/08\/1152204935_1.jpg\"><img loading=\"lazy\" decoding=\"async\" class=\"alignnone size-medium wp-image-4563\" src=\"https:\/\/kingarms.ee\/wp-content\/uploads\/2018\/08\/1152204935_1-300x200.jpg\" alt=\"\" width=\"300\" height=\"200\"><\/a><\/p>\n","protected":false},"excerpt":{"rendered":"<p>Univers\u0101ls maci\u0146\u0161<\/p>\n","protected":false},"featured_media":107302,"template":"","meta":{"_acf_changed":false},"product_brand":[],"product_cat":[1026,1050],"product_tag":[],"class_list":{"0":"post-147215","1":"product","2":"type-product","3":"status-publish","4":"has-post-thumbnail","6":"product_cat-barkstisti","7":"product_cat-outs-meastpia-exacaus","9":"first","10":"instock","11":"purchasable","12":"product-type-simple"},"acf":[],"_links":{"self":[{"href":"https:\/\/kingarms.ee\/lv\/wp-json\/wp\/v2\/product\/147215","targetHints":{"allow":["GET"]}}],"collection":[{"href":"https:\/\/kingarms.ee\/lv\/wp-json\/wp\/v2\/product"}],"about":[{"href":"https:\/\/kingarms.ee\/lv\/wp-json\/wp\/v2\/types\/product"}],"wp:featuredmedia":[{"embeddable":true,"href":"https:\/\/kingarms.ee\/lv\/wp-json\/wp\/v2\/media\/107302"}],"wp:attachment":[{"href":"https:\/\/kingarms.ee\/lv\/wp-json\/wp\/v2\/media?parent=147215"}],"wp:term":[{"taxonomy":"product_brand","embeddable":true,"href":"https:\/\/kingarms.ee\/lv\/wp-json\/wp\/v2\/product_brand?post=147215"},{"taxonomy":"product_cat","embeddable":true,"href":"https:\/\/kingarms.ee\/lv\/wp-json\/wp\/v2\/product_cat?post=147215"},{"taxonomy":"product_tag","embeddable":true,"href":"https:\/\/kingarms.ee\/lv\/wp-json\/wp\/v2\/product_tag?post=147215"}],"curies":[{"name":"wp","href":"https:\/\/api.w.org\/{rel}","templated":true}]}}