{"id":147248,"date":"2018-10-16T12:32:50","date_gmt":"2025-03-14T13:35:26","guid":{"rendered":"https:\/\/kingarms.ee\/product\/kolekcijas-soma-gz\/"},"modified":"2025-03-14T16:35:26","modified_gmt":"2025-03-14T13:35:26","slug":"kolekcijas-soma-gz","status":"publish","type":"product","link":"https:\/\/kingarms.ee\/lv\/product\/kolekcijas-soma-gz\/","title":{"rendered":"Kolekcijas soma-GZ<br><br>"},"content":{"rendered":"<p><a href=\"https:\/\/kingarms.ee\/wp-content\/uploads\/2018\/10\/1152215844_1-300x200.jpg\"><img loading=\"lazy\" decoding=\"async\" class=\"alignnone size-medium wp-image-10180\" src=\"https:\/\/kingarms.ee\/wp-content\/uploads\/2018\/10\/1152215844_1-300x200.jpg\" alt=\"\" width=\"300\" height=\"200\" srcset=\"https:\/\/kingarms.ee\/wp-content\/uploads\/2018\/10\/1152215844_1-300x200.jpg 300w, https:\/\/kingarms.ee\/wp-content\/uploads\/2018\/10\/1152215844_1-150x100.jpg 150w, https:\/\/kingarms.ee\/wp-content\/uploads\/2018\/10\/1152215844_1-500x333.jpg 500w, https:\/\/kingarms.ee\/wp-content\/uploads\/2018\/10\/1152215844_1-768x512.jpg 768w, https:\/\/kingarms.ee\/wp-content\/uploads\/2018\/10\/1152215844_1.jpg 800w\" sizes=\"auto, (max-width: 300px) 100vw, 300px\" \/><\/a><\/p>\n","protected":false},"excerpt":{"rendered":"<p>Kolekcijas soma-GZ<\/p>\n<p>Maisu var piestiprin\u0101t ar siksnu, izmantojot \u0101\u0137a un cilpas stiprin\u0101juma siksnas vai aizb\u012bdni.<\/p>\n<p> Pullers atrodas iek\u0161pus\u0113, kas ne\u013cauj ievietotaj\u0101m liet\u0101m izkrist.<\/p>\n<p> Dempinga iepakojums ir \u013coti labs risin\u0101jums dinamisk\u0101s papl\u0101tes mai\u0146as laik\u0101.<\/p>\n","protected":false},"featured_media":107892,"template":"","meta":{"_acf_changed":false},"product_brand":[],"product_cat":[1098,1100],"product_tag":[],"class_list":{"0":"post-147248","1":"product","2":"type-product","3":"status-publish","4":"has-post-thumbnail","6":"product_cat-maisini-somas-un-siksnas","7":"product_cat-uzglabasanas-kabatas","9":"first","10":"onbackorder","11":"taxable","12":"shipping-taxable","13":"product-type-simple"},"acf":[],"_links":{"self":[{"href":"https:\/\/kingarms.ee\/lv\/wp-json\/wp\/v2\/product\/147248","targetHints":{"allow":["GET"]}}],"collection":[{"href":"https:\/\/kingarms.ee\/lv\/wp-json\/wp\/v2\/product"}],"about":[{"href":"https:\/\/kingarms.ee\/lv\/wp-json\/wp\/v2\/types\/product"}],"wp:featuredmedia":[{"embeddable":true,"href":"https:\/\/kingarms.ee\/lv\/wp-json\/wp\/v2\/media\/107892"}],"wp:attachment":[{"href":"https:\/\/kingarms.ee\/lv\/wp-json\/wp\/v2\/media?parent=147248"}],"wp:term":[{"taxonomy":"product_brand","embeddable":true,"href":"https:\/\/kingarms.ee\/lv\/wp-json\/wp\/v2\/product_brand?post=147248"},{"taxonomy":"product_cat","embeddable":true,"href":"https:\/\/kingarms.ee\/lv\/wp-json\/wp\/v2\/product_cat?post=147248"},{"taxonomy":"product_tag","embeddable":true,"href":"https:\/\/kingarms.ee\/lv\/wp-json\/wp\/v2\/product_tag?post=147248"}],"curies":[{"name":"wp","href":"https:\/\/api.w.org\/{rel}","templated":true}]}}