{"id":147254,"date":"2018-10-16T09:02:01","date_gmt":"2025-03-14T13:43:05","guid":{"rendered":"https:\/\/kingarms.ee\/product\/maza-kolekcijas-soma-olivu\/"},"modified":"2025-03-14T16:43:05","modified_gmt":"2025-03-14T13:43:05","slug":"maza-kolekcijas-soma-olivu","status":"publish","type":"product","link":"https:\/\/kingarms.ee\/lv\/product\/maza-kolekcijas-soma-olivu\/","title":{"rendered":"Maza kolekcijas soma-ol\u012bvu<br><br>"},"content":{"rendered":"<p><a href=\"https:\/\/kingarms.ee\/wp-content\/uploads\/2018\/10\/1152195115_1-300x204.jpg\"><img loading=\"lazy\" decoding=\"async\" class=\"size-medium wp-image-10141\" src=\"https:\/\/kingarms.ee\/wp-content\/uploads\/2018\/10\/1152195115_1-300x204.jpg\" alt=\"\" width=\"300\" height=\"204\" srcset=\"https:\/\/kingarms.ee\/wp-content\/uploads\/2018\/10\/1152195115_1-300x204.jpg 300w, https:\/\/kingarms.ee\/wp-content\/uploads\/2018\/10\/1152195115_1-150x102.jpg 150w, https:\/\/kingarms.ee\/wp-content\/uploads\/2018\/10\/1152195115_1-500x341.jpg 500w, https:\/\/kingarms.ee\/wp-content\/uploads\/2018\/10\/1152195115_1-768x523.jpg 768w, https:\/\/kingarms.ee\/wp-content\/uploads\/2018\/10\/1152195115_1.jpg 800w\" sizes=\"auto, (max-width: 300px) 100vw, 300px\" \/><\/a><\/p>\n","protected":false},"excerpt":{"rendered":"<p>Maza kolekcijas soma-ol\u012bvu<\/p>\n<p>Maza kolekcijas soma<\/p>\n<p>Za\u013c\u0101 kr\u0101sa daudzfunkcion\u0101la Kabata ar MOLLE stiprin\u0101jumiem.<\/p>\n","protected":false},"featured_media":107872,"template":"","meta":{"_acf_changed":false},"product_brand":[],"product_cat":[1104,1098],"product_tag":[],"class_list":{"0":"post-147254","1":"product","2":"type-product","3":"status-publish","4":"has-post-thumbnail","6":"product_cat-kabatas","7":"product_cat-maisini-somas-un-siksnas","9":"first","10":"onbackorder","11":"taxable","12":"shipping-taxable","13":"product-type-simple"},"acf":[],"_links":{"self":[{"href":"https:\/\/kingarms.ee\/lv\/wp-json\/wp\/v2\/product\/147254","targetHints":{"allow":["GET"]}}],"collection":[{"href":"https:\/\/kingarms.ee\/lv\/wp-json\/wp\/v2\/product"}],"about":[{"href":"https:\/\/kingarms.ee\/lv\/wp-json\/wp\/v2\/types\/product"}],"wp:featuredmedia":[{"embeddable":true,"href":"https:\/\/kingarms.ee\/lv\/wp-json\/wp\/v2\/media\/107872"}],"wp:attachment":[{"href":"https:\/\/kingarms.ee\/lv\/wp-json\/wp\/v2\/media?parent=147254"}],"wp:term":[{"taxonomy":"product_brand","embeddable":true,"href":"https:\/\/kingarms.ee\/lv\/wp-json\/wp\/v2\/product_brand?post=147254"},{"taxonomy":"product_cat","embeddable":true,"href":"https:\/\/kingarms.ee\/lv\/wp-json\/wp\/v2\/product_cat?post=147254"},{"taxonomy":"product_tag","embeddable":true,"href":"https:\/\/kingarms.ee\/lv\/wp-json\/wp\/v2\/product_tag?post=147254"}],"curies":[{"name":"wp","href":"https:\/\/api.w.org\/{rel}","templated":true}]}}